{"id":17,"date":"2022-05-31T19:01:12","date_gmt":"2022-05-31T19:01:12","guid":{"rendered":"https:\/\/suplever.com\/index.php\/mi-cuenta\/"},"modified":"2022-08-20T18:47:56","modified_gmt":"2022-08-20T18:47:56","slug":"mi-cuenta","status":"publish","type":"page","link":"https:\/\/suplever.com\/?page_id=17","title":{"rendered":"Mi cuenta"},"content":{"rendered":"\n<figure class=\"wp-block-image size-large\"><img data-recalc-dims=\"1\" loading=\"lazy\" decoding=\"async\" width=\"640\" height=\"181\" src=\"https:\/\/i0.wp.com\/suplever.com\/wp-content\/uploads\/2022\/08\/BANNER-registro-1-1024x290.jpg?resize=640%2C181&#038;ssl=1\" alt=\"\" class=\"wp-image-619\" srcset=\"https:\/\/i0.wp.com\/suplever.com\/wp-content\/uploads\/2022\/08\/BANNER-registro-1.jpg?resize=1024%2C290&amp;ssl=1 1024w, https:\/\/i0.wp.com\/suplever.com\/wp-content\/uploads\/2022\/08\/BANNER-registro-1.jpg?resize=300%2C85&amp;ssl=1 300w, https:\/\/i0.wp.com\/suplever.com\/wp-content\/uploads\/2022\/08\/BANNER-registro-1.jpg?resize=768%2C217&amp;ssl=1 768w, https:\/\/i0.wp.com\/suplever.com\/wp-content\/uploads\/2022\/08\/BANNER-registro-1.jpg?resize=600%2C170&amp;ssl=1 600w, https:\/\/i0.wp.com\/suplever.com\/wp-content\/uploads\/2022\/08\/BANNER-registro-1.jpg?resize=48%2C14&amp;ssl=1 48w, https:\/\/i0.wp.com\/suplever.com\/wp-content\/uploads\/2022\/08\/BANNER-registro-1.jpg?w=1134&amp;ssl=1 1134w\" sizes=\"auto, (max-width: 640px) 100vw, 640px\" \/><\/figure>\n\n\n<div class=\"woocommerce\"><div class=\"woocommerce-notices-wrapper\"><\/div>\n\n<div class=\"u-columns col2-set\" id=\"customer_login\">\n\n\t<div class=\"u-column1 col-1\">\n\n\n\t\t<h2>Acceder<\/h2>\n\n\t\t<form class=\"woocommerce-form woocommerce-form-login login\" method=\"post\" novalidate>\n\n\t\t\t\n\t\t\t<p class=\"woocommerce-form-row woocommerce-form-row--wide form-row form-row-wide\">\n\t\t\t\t<label for=\"username\">Nombre de usuario o correo electr\u00f3nico&nbsp;<span class=\"required\" aria-hidden=\"true\">*<\/span><span class=\"screen-reader-text\">Obligatorio<\/span><\/label>\n\t\t\t\t<input type=\"text\" class=\"woocommerce-Input woocommerce-Input--text input-text\" name=\"username\" id=\"username\" autocomplete=\"username\" value=\"\" required aria-required=\"true\" \/>\t\t\t<\/p>\n\t\t\t<p class=\"woocommerce-form-row woocommerce-form-row--wide form-row form-row-wide\">\n\t\t\t\t<label for=\"password\">Contrase\u00f1a&nbsp;<span class=\"required\" aria-hidden=\"true\">*<\/span><span class=\"screen-reader-text\">Obligatorio<\/span><\/label>\n\t\t\t\t<input class=\"woocommerce-Input woocommerce-Input--text input-text\" type=\"password\" name=\"password\" id=\"password\" autocomplete=\"current-password\" required aria-required=\"true\" \/>\n\t\t\t<\/p>\n\n\t\t\t<div class=\"g-recaptcha\" id=\"g-recaptcha\" data-sitekey=\"6LeNY-4kAAAAABVORJscQgWlbQ1IWHKYahvL5Mvm\" data-callback=\"submitEnable\" data-expired-callback=\"submitDisable\"><\/div>\n<script>\n    function submitEnable() {\n                 var button = document.getElementById('wp-submit');\n                 if (button === null) {\n                     button = document.getElementById('submit');\n                 }\n                 if (button !== null) {\n                     button.removeAttribute('disabled');\n                 }\n                 var woo_buttons = [\".woocommerce-form-login button\",\".woocommerce-form-register button\",\".woocommerce-ResetPassword button\"];\n                 if (typeof jQuery != 'undefined') {\n                     jQuery.each(woo_buttons,function(i,btn) {\n                         jQuery(btn).removeAttr('disabled');\n                     });\n                 }\n             }\n    function submitDisable() {\n                 var button = document.getElementById('wp-submit');\n                 if (button === null) {\n                     button = document.getElementById('submit');\n                 }\n                 if (button !== null) {\n                     button.setAttribute('disabled','disabled');\n                 }\n                 var woo_buttons = [\".woocommerce-form-login button\",\".woocommerce-form-register button\",\".woocommerce-ResetPassword button\"];\n                 if (typeof jQuery != 'undefined') {\n                     jQuery.each(woo_buttons,function(i,btn) {\n                        jQuery(btn).attr('disabled','disabled');\n                     });\n                 }\n             }\n<\/script>\n<noscript>\n  <div style=\"width: 100%; height: 473px;\">\n      <div style=\"width: 100%; height: 422px; position: relative;\">\n          <div style=\"width: 302px; height: 422px; position: relative;\">\n              <iframe src=\"https:\/\/www.google.com\/recaptcha\/api\/fallback?k=6LeNY-4kAAAAABVORJscQgWlbQ1IWHKYahvL5Mvm\"\n                  frameborder=\"0\" title=\"captcha\" scrolling=\"no\"\n                  style=\"width: 302px; height:422px; border-style: none;\">\n              <\/iframe>\n          <\/div>\n          <div style=\"width: 100%; height: 60px; border-style: none;\n              bottom: 12px; left: 25px; margin: 0px; padding: 0px; right: 25px; background: #f9f9f9; border: 1px solid #c1c1c1; border-radius: 3px;\">\n              <textarea id=\"g-recaptcha-response\" name=\"g-recaptcha-response\"\n                  title=\"response\" class=\"g-recaptcha-response\"\n                  style=\"width: 250px; height: 40px; border: 1px solid #c1c1c1;\n                  margin: 10px 25px; padding: 0px; resize: none;\" value=\"\">\n              <\/textarea>\n          <\/div>\n      <\/div>\n<\/div><br>\n<\/noscript>\n\n\t\t\t<p class=\"form-row\">\n\t\t\t\t<label class=\"woocommerce-form__label woocommerce-form__label-for-checkbox woocommerce-form-login__rememberme\">\n\t\t\t\t\t<input class=\"woocommerce-form__input woocommerce-form__input-checkbox\" name=\"rememberme\" type=\"checkbox\" id=\"rememberme\" value=\"forever\" \/> <span>Recu\u00e9rdame<\/span>\n\t\t\t\t<\/label>\n\t\t\t\t<input type=\"hidden\" id=\"woocommerce-login-nonce\" name=\"woocommerce-login-nonce\" value=\"9a3d13392e\" \/><input type=\"hidden\" name=\"_wp_http_referer\" value=\"\/index.php?rest_route=%2Fwp%2Fv2%2Fpages%2F17\" \/>\t\t\t\t<button type=\"submit\" class=\"woocommerce-button button woocommerce-form-login__submit\" name=\"login\" value=\"Acceso\">Acceso<\/button>\n\t\t\t<\/p>\n\t\t\t<p class=\"woocommerce-LostPassword lost_password\">\n\t\t\t\t<a href=\"https:\/\/suplever.com\/?page_id=17&#038;lost-password\">\u00bfOlvidaste la contrase\u00f1a?<\/a>\n\t\t\t<\/p>\n\n\t\t\t\n\t\t<\/form>\n\n\n\t<\/div>\n\n\t<div class=\"u-column2 col-2\">\n\n\t\t<h2>Registrarse<\/h2>\n\n\t\t<form method=\"post\" class=\"woocommerce-form woocommerce-form-register register\"  >\n\n\t\t\t\n\t\t\t\n\t\t\t<p class=\"woocommerce-form-row woocommerce-form-row--wide form-row form-row-wide\">\n\t\t\t\t<label for=\"reg_email\">Direcci\u00f3n de correo electr\u00f3nico&nbsp;<span class=\"required\" aria-hidden=\"true\">*<\/span><span class=\"screen-reader-text\">Obligatorio<\/span><\/label>\n\t\t\t\t<input type=\"email\" class=\"woocommerce-Input woocommerce-Input--text input-text\" name=\"email\" id=\"reg_email\" autocomplete=\"email\" value=\"\" required aria-required=\"true\" \/>\t\t\t<\/p>\n\n\t\t\t\n\t\t\t\t<p>Se enviar\u00e1 un enlace a tu direcci\u00f3n de correo electr\u00f3nico para establecer una nueva contrase\u00f1a.<\/p>\n\n\t\t\t\n\t\t\t<div class=\"g-recaptcha\" id=\"g-recaptcha\" data-sitekey=\"6LeNY-4kAAAAABVORJscQgWlbQ1IWHKYahvL5Mvm\" data-callback=\"submitEnable\" data-expired-callback=\"submitDisable\"><\/div>\n<script>\n    function submitEnable() {\n                 var button = document.getElementById('wp-submit');\n                 if (button === null) {\n                     button = document.getElementById('submit');\n                 }\n                 if (button !== null) {\n                     button.removeAttribute('disabled');\n                 }\n                 var woo_buttons = [\".woocommerce-form-login button\",\".woocommerce-form-register button\",\".woocommerce-ResetPassword button\"];\n                 if (typeof jQuery != 'undefined') {\n                     jQuery.each(woo_buttons,function(i,btn) {\n                         jQuery(btn).removeAttr('disabled');\n                     });\n                 }\n             }\n    function submitDisable() {\n                 var button = document.getElementById('wp-submit');\n                 if (button === null) {\n                     button = document.getElementById('submit');\n                 }\n                 if (button !== null) {\n                     button.setAttribute('disabled','disabled');\n                 }\n                 var woo_buttons = [\".woocommerce-form-login button\",\".woocommerce-form-register button\",\".woocommerce-ResetPassword button\"];\n                 if (typeof jQuery != 'undefined') {\n                     jQuery.each(woo_buttons,function(i,btn) {\n                        jQuery(btn).attr('disabled','disabled');\n                     });\n                 }\n             }\n<\/script>\n<noscript>\n  <div style=\"width: 100%; height: 473px;\">\n      <div style=\"width: 100%; height: 422px; position: relative;\">\n          <div style=\"width: 302px; height: 422px; position: relative;\">\n              <iframe src=\"https:\/\/www.google.com\/recaptcha\/api\/fallback?k=6LeNY-4kAAAAABVORJscQgWlbQ1IWHKYahvL5Mvm\"\n                  frameborder=\"0\" title=\"captcha\" scrolling=\"no\"\n                  style=\"width: 302px; height:422px; border-style: none;\">\n              <\/iframe>\n          <\/div>\n          <div style=\"width: 100%; height: 60px; border-style: none;\n              bottom: 12px; left: 25px; margin: 0px; padding: 0px; right: 25px; background: #f9f9f9; border: 1px solid #c1c1c1; border-radius: 3px;\">\n              <textarea id=\"g-recaptcha-response\" name=\"g-recaptcha-response\"\n                  title=\"response\" class=\"g-recaptcha-response\"\n                  style=\"width: 250px; height: 40px; border: 1px solid #c1c1c1;\n                  margin: 10px 25px; padding: 0px; resize: none;\" value=\"\">\n              <\/textarea>\n          <\/div>\n      <\/div>\n<\/div><br>\n<\/noscript>\n<wc-order-attribution-inputs><\/wc-order-attribution-inputs><div class=\"woocommerce-privacy-policy-text\"><p>Tus datos personales se utilizar\u00e1n para procesar tu pedido, mejorar tu experiencia en esta web, gestionar el acceso a tu cuenta y otros prop\u00f3sitos descritos en nuestra <a href=\"https:\/\/suplever.com\/?page_id=3\" class=\"woocommerce-privacy-policy-link\" target=\"_blank\">pol\u00edtica de privacidad<\/a>.<\/p>\n<\/div>\n\t\t\t<p class=\"woocommerce-form-row form-row\">\n\t\t\t\t<input type=\"hidden\" id=\"woocommerce-register-nonce\" name=\"woocommerce-register-nonce\" value=\"fb7a433c46\" \/><input type=\"hidden\" name=\"_wp_http_referer\" value=\"\/index.php?rest_route=%2Fwp%2Fv2%2Fpages%2F17\" \/>\t\t\t\t<button type=\"submit\" class=\"woocommerce-Button woocommerce-button button woocommerce-form-register__submit\" name=\"register\" value=\"Registrarse\">Registrarse<\/button>\n\t\t\t<\/p>\n\n\t\t\t\n\t\t<\/form>\n\n\t<\/div>\n\n<\/div>\n\n<\/div>\n\n\n\n<figure class=\"wp-block-image size-large\"><img data-recalc-dims=\"1\" loading=\"lazy\" decoding=\"async\" width=\"640\" height=\"181\" src=\"https:\/\/i0.wp.com\/suplever.com\/wp-content\/uploads\/2022\/08\/BANNER-CERTIFICADO-HTTPS-1024x290.jpg?resize=640%2C181&#038;ssl=1\" alt=\"\" class=\"wp-image-620\" srcset=\"https:\/\/i0.wp.com\/suplever.com\/wp-content\/uploads\/2022\/08\/BANNER-CERTIFICADO-HTTPS.jpg?resize=1024%2C290&amp;ssl=1 1024w, https:\/\/i0.wp.com\/suplever.com\/wp-content\/uploads\/2022\/08\/BANNER-CERTIFICADO-HTTPS.jpg?resize=300%2C85&amp;ssl=1 300w, https:\/\/i0.wp.com\/suplever.com\/wp-content\/uploads\/2022\/08\/BANNER-CERTIFICADO-HTTPS.jpg?resize=768%2C217&amp;ssl=1 768w, https:\/\/i0.wp.com\/suplever.com\/wp-content\/uploads\/2022\/08\/BANNER-CERTIFICADO-HTTPS.jpg?resize=600%2C170&amp;ssl=1 600w, https:\/\/i0.wp.com\/suplever.com\/wp-content\/uploads\/2022\/08\/BANNER-CERTIFICADO-HTTPS.jpg?resize=48%2C14&amp;ssl=1 48w, https:\/\/i0.wp.com\/suplever.com\/wp-content\/uploads\/2022\/08\/BANNER-CERTIFICADO-HTTPS.jpg?w=1134&amp;ssl=1 1134w\" sizes=\"auto, (max-width: 640px) 100vw, 640px\" \/><\/figure>\n\n\n\n<p><\/p>\n","protected":false},"excerpt":{"rendered":"","protected":false},"author":1,"featured_media":0,"parent":0,"menu_order":0,"comment_status":"closed","ping_status":"closed","template":"","meta":{"footnotes":""},"class_list":["post-17","page","type-page","status-publish","hentry","thunk-woo-product-list","opn-qv-enable","open-woo-hover-zoom","open-single-product-tab-horizontal","open-shadow-","open-shadow-hover-"],"aioseo_notices":[],"jetpack_sharing_enabled":true,"_links":{"self":[{"href":"https:\/\/suplever.com\/index.php?rest_route=\/wp\/v2\/pages\/17","targetHints":{"allow":["GET"]}}],"collection":[{"href":"https:\/\/suplever.com\/index.php?rest_route=\/wp\/v2\/pages"}],"about":[{"href":"https:\/\/suplever.com\/index.php?rest_route=\/wp\/v2\/types\/page"}],"author":[{"embeddable":true,"href":"https:\/\/suplever.com\/index.php?rest_route=\/wp\/v2\/users\/1"}],"replies":[{"embeddable":true,"href":"https:\/\/suplever.com\/index.php?rest_route=%2Fwp%2Fv2%2Fcomments&post=17"}],"version-history":[{"count":1,"href":"https:\/\/suplever.com\/index.php?rest_route=\/wp\/v2\/pages\/17\/revisions"}],"predecessor-version":[{"id":621,"href":"https:\/\/suplever.com\/index.php?rest_route=\/wp\/v2\/pages\/17\/revisions\/621"}],"wp:attachment":[{"href":"https:\/\/suplever.com\/index.php?rest_route=%2Fwp%2Fv2%2Fmedia&parent=17"}],"curies":[{"name":"wp","href":"https:\/\/api.w.org\/{rel}","templated":true}]}}