{"id":1060,"date":"2023-02-24T01:49:11","date_gmt":"2023-02-24T01:49:11","guid":{"rendered":"https:\/\/suplever.com\/?post_type=product&#038;p=1060"},"modified":"2025-06-18T19:02:11","modified_gmt":"2025-06-18T19:02:11","slug":"muscletech-platinum-pure-cla-90softgels","status":"publish","type":"product","link":"https:\/\/suplever.com\/?product=muscletech-platinum-pure-cla-90softgels","title":{"rendered":"MuscleTech Platinum Pure CLA 90Softgels (Outlet)"},"content":{"rendered":"<p>PRODUCTO OUTLET<br \/>\nCADUCIDAD: 04\/25<br \/>\nEMPAQUE: PERFECTO ESTADO, NUEVO Y SELLADO<br \/>\n*No aplican cambios ni devoluciones.<\/p>\n<p>Platinum Pure CLA de Muscletech es un suplemento elaborado con ingredientes de la mejor calidad y que nos proporciona 800 mg de \u00e1cido linoleico conjugado para mantener protegida la masa muscular a la vez que nos ayuda a reducir la grasa de nuestro cuerpo y mejorar el nivel de definici\u00f3n de nuestros m\u00fasculos.<\/p>\n<p>Platinum Pure CLA facilitar\u00e1 la eliminaci\u00f3n de la grasa corporal acelerando el metabolismo basal e impidiendo que se acumulen nuevas mol\u00e9culas de grasa en nuestro cuerpo.<\/p>\n<p>El CLA ayuda a mantener la masa muscular, ya que realiza una funci\u00f3n anticatab\u00f3lica, favoreciendo la tonificaci\u00f3n de nuestros m\u00fasculos y haciendo que sea m\u00e1s sencillo seguir perdiendo peso y evitar que se vuelva a ganar. Por otro lado, su efecto anticatab\u00f3luco no s\u00f3lo es \u00fatil en per\u00edodos de p\u00e9rdida de peso, ya que para aumentar la masa muscular ha de haber un balance de nitr\u00f3geno positivo y CLA minimizar\u00e1 el catabolismo que se pueda producir para favorecerlo.<\/p>\n<p>El CLA tambi\u00e9n tiene efectos positivos sobre nuestro sistema inmunitario y como antioxidante, previniendo la aparici\u00f3n de enfermedades cardiovasculares y neurol\u00f3gicas y el envejecimiento prematuro neutralizando los radicales libres.<\/p>\n<p>&nbsp;<\/p>\n","protected":false},"excerpt":{"rendered":"<p>Con Platinum Pure CLA conseguiremos mantener nuestra masa muscular perfectamente nutrida para evitar que se degrade en aquellos per\u00edodos de p\u00e9rdida de peso o definici\u00f3n, pero tambi\u00e9n de hipertrofia.<\/p>\n","protected":false},"featured_media":1073,"template":"","meta":[],"pwb-brand":[90],"product_brand":[],"product_cat":[185,220],"product_tag":[184,163],"class_list":{"0":"post-1060","1":"product","2":"type-product","3":"status-publish","4":"has-post-thumbnail","6":"pwb-brand-muscletech","7":"product_cat-cla","8":"product_cat-outlet","9":"product_tag-cla","10":"product_tag-muscletech","11":"thunk-woo-product-list","12":"opn-qv-enable","13":"open-woo-hover-zoom","14":"open-single-product-tab-horizontal","15":"open-shadow-","16":"open-shadow-hover-","18":"first","19":"instock","20":"sale","21":"shipping-taxable","22":"purchasable","23":"product-type-simple"},"aioseo_notices":[],"jetpack_sharing_enabled":true,"brands":[{"id":90,"name":"Muscletech","slug":"muscletech"}],"_links":{"self":[{"href":"https:\/\/suplever.com\/index.php?rest_route=\/wp\/v2\/product\/1060","targetHints":{"allow":["GET"]}}],"collection":[{"href":"https:\/\/suplever.com\/index.php?rest_route=\/wp\/v2\/product"}],"about":[{"href":"https:\/\/suplever.com\/index.php?rest_route=\/wp\/v2\/types\/product"}],"wp:featuredmedia":[{"embeddable":true,"href":"https:\/\/suplever.com\/index.php?rest_route=\/wp\/v2\/media\/1073"}],"wp:attachment":[{"href":"https:\/\/suplever.com\/index.php?rest_route=%2Fwp%2Fv2%2Fmedia&parent=1060"}],"wp:term":[{"taxonomy":"pwb-brand","embeddable":true,"href":"https:\/\/suplever.com\/index.php?rest_route=%2Fwp%2Fv2%2Fpwb-brand&post=1060"},{"taxonomy":"product_brand","embeddable":true,"href":"https:\/\/suplever.com\/index.php?rest_route=%2Fwp%2Fv2%2Fproduct_brand&post=1060"},{"taxonomy":"product_cat","embeddable":true,"href":"https:\/\/suplever.com\/index.php?rest_route=%2Fwp%2Fv2%2Fproduct_cat&post=1060"},{"taxonomy":"product_tag","embeddable":true,"href":"https:\/\/suplever.com\/index.php?rest_route=%2Fwp%2Fv2%2Fproduct_tag&post=1060"}],"curies":[{"name":"wp","href":"https:\/\/api.w.org\/{rel}","templated":true}]}}