{"id":1087,"date":"2023-03-07T01:36:31","date_gmt":"2023-03-07T01:36:31","guid":{"rendered":"https:\/\/suplever.com\/?post_type=product&#038;p=1087"},"modified":"2025-06-18T18:59:36","modified_gmt":"2025-06-18T18:59:36","slug":"tribulus-90-caps-outlet","status":"publish","type":"product","link":"https:\/\/suplever.com\/?product=tribulus-90-caps-outlet","title":{"rendered":"Tribulus 90 Caps (Outlet)"},"content":{"rendered":"<p>PRODUCTO OUTLET<br \/>\nCADUCIDAD: 06\/23<br \/>\nEMPAQUE: PERFECTO ESTADO, NUEVO Y SELLADO<br \/>\n*No aplican cambios ni devoluciones.<\/p>\n<p>Promueve Niveles Saludables de Testosterona<br \/>\nTribulus Terrestris es un suplemento de origen vegetal que se utiliza para promover la vitalidad masculina y el desarrollo de la masa muscular para ayudar a alcanzar tus objetivos de acondicionamiento f\u00edsico.<\/p>\n<p>Conocido como un soporte para el desempe\u00f1o masculino, Tribulus tambi\u00e9n puede soportar los niveles de rendimiento atl\u00e9tico.<\/p>\n<p>Beneficios de GAT TRIBULUS<br \/>\nSoporta niveles saludables de testosterona.<br \/>\nAyuda a optimizar el desarrollo muscular.<br \/>\nApoya en el rendimiento masculino.<\/p>\n","protected":false},"excerpt":{"rendered":"<p>Promueve Niveles Saludables de Testosterona<br \/>\nTribulus Terrestris es un suplemento de origen vegetal que se utiliza para promover la vitalidad masculina y el desarrollo de la masa muscular para ayudar a alcanzar tus objetivos de acondicionamiento f\u00edsico.<\/p>\n<p>Conocido como un soporte para el desempe\u00f1o masculino, Tribulus tambi\u00e9n puede soportar los niveles de rendimiento atl\u00e9tico.<\/p>\n<p>Beneficios de GAT TRIBULUS<br \/>\nSoporta niveles saludables de testosterona.<br \/>\nAyuda a optimizar el desarrollo muscular.<br \/>\nApoya en el rendimiento masculino.<\/p>\n","protected":false},"featured_media":245,"template":"","meta":[],"pwb-brand":[83],"product_brand":[],"product_cat":[28,29,220],"product_tag":[],"class_list":{"0":"post-1087","1":"product","2":"type-product","3":"status-publish","4":"has-post-thumbnail","6":"pwb-brand-gat","7":"product_cat-pro-hormonales","8":"product_cat-multivitaminicos","9":"product_cat-outlet","10":"thunk-woo-product-list","11":"opn-qv-enable","12":"open-woo-hover-zoom","13":"open-single-product-tab-horizontal","14":"open-shadow-","15":"open-shadow-hover-","17":"first","18":"instock","19":"shipping-taxable","20":"purchasable","21":"product-type-simple"},"aioseo_notices":[],"jetpack_sharing_enabled":true,"brands":[{"id":83,"name":"GAT","slug":"gat"}],"_links":{"self":[{"href":"https:\/\/suplever.com\/index.php?rest_route=\/wp\/v2\/product\/1087","targetHints":{"allow":["GET"]}}],"collection":[{"href":"https:\/\/suplever.com\/index.php?rest_route=\/wp\/v2\/product"}],"about":[{"href":"https:\/\/suplever.com\/index.php?rest_route=\/wp\/v2\/types\/product"}],"wp:featuredmedia":[{"embeddable":true,"href":"https:\/\/suplever.com\/index.php?rest_route=\/wp\/v2\/media\/245"}],"wp:attachment":[{"href":"https:\/\/suplever.com\/index.php?rest_route=%2Fwp%2Fv2%2Fmedia&parent=1087"}],"wp:term":[{"taxonomy":"pwb-brand","embeddable":true,"href":"https:\/\/suplever.com\/index.php?rest_route=%2Fwp%2Fv2%2Fpwb-brand&post=1087"},{"taxonomy":"product_brand","embeddable":true,"href":"https:\/\/suplever.com\/index.php?rest_route=%2Fwp%2Fv2%2Fproduct_brand&post=1087"},{"taxonomy":"product_cat","embeddable":true,"href":"https:\/\/suplever.com\/index.php?rest_route=%2Fwp%2Fv2%2Fproduct_cat&post=1087"},{"taxonomy":"product_tag","embeddable":true,"href":"https:\/\/suplever.com\/index.php?rest_route=%2Fwp%2Fv2%2Fproduct_tag&post=1087"}],"curies":[{"name":"wp","href":"https:\/\/api.w.org\/{rel}","templated":true}]}}