{"id":1090,"date":"2023-03-07T01:45:22","date_gmt":"2023-03-07T01:45:22","guid":{"rendered":"https:\/\/suplever.com\/?post_type=product&#038;p=1090"},"modified":"2025-06-18T18:58:20","modified_gmt":"2025-06-18T18:58:20","slug":"omega-3-90-softgels-outlet","status":"publish","type":"product","link":"https:\/\/suplever.com\/?product=omega-3-90-softgels-outlet","title":{"rendered":"Omega-3 90 Softgels (Outlet)"},"content":{"rendered":"<p>PRODUCTO OUTLET<br \/>\nCADUCIDAD: 07\/24<br \/>\nEMPAQUE: PERFECTO ESTADO, NUEVO Y SELLADO<br \/>\n*No aplican cambios ni devoluciones.<\/p>\n<p>Omega-3 aceite de pescado<br \/>\nGAT Sport Omega-3 aporta 800mg de \u00e1cidos grasos Omega-3. Es bien sabido que los Omega-3 son excelentes para todos para la salud del coraz\u00f3n. Pero para los atletas competitivos, los beneficios de Omega-3 va mucho m\u00e1s all\u00e1. Los \u00e1cidos grasos Omega-3 pueden impulsar la salud general y ofrecer beneficios que mejoran el rendimiento en los atletas.<\/p>\n<p>&nbsp;<\/p>\n","protected":false},"excerpt":{"rendered":"<p>Beneficios de GAT Omega-3<br \/>\n&#8211; Ayuda a mantener un coraz\u00f3n saludable<br \/>\n&#8211; Sabor natural a lim\u00f3n para un gran sabor<\/p>\n","protected":false},"featured_media":659,"template":"","meta":[],"pwb-brand":[83],"product_brand":[],"product_cat":[197,220],"product_tag":[190,180,176],"class_list":{"0":"post-1090","1":"product","2":"type-product","3":"status-publish","4":"has-post-thumbnail","6":"pwb-brand-gat","7":"product_cat-omega-3","8":"product_cat-outlet","9":"product_tag-gat","10":"product_tag-omega-3","11":"product_tag-vitaminas","12":"thunk-woo-product-list","13":"opn-qv-enable","14":"open-woo-hover-zoom","15":"open-single-product-tab-horizontal","16":"open-shadow-","17":"open-shadow-hover-","19":"first","20":"instock","21":"sale","22":"shipping-taxable","23":"purchasable","24":"product-type-simple"},"aioseo_notices":[],"jetpack_sharing_enabled":true,"brands":[{"id":83,"name":"GAT","slug":"gat"}],"_links":{"self":[{"href":"https:\/\/suplever.com\/index.php?rest_route=\/wp\/v2\/product\/1090","targetHints":{"allow":["GET"]}}],"collection":[{"href":"https:\/\/suplever.com\/index.php?rest_route=\/wp\/v2\/product"}],"about":[{"href":"https:\/\/suplever.com\/index.php?rest_route=\/wp\/v2\/types\/product"}],"wp:featuredmedia":[{"embeddable":true,"href":"https:\/\/suplever.com\/index.php?rest_route=\/wp\/v2\/media\/659"}],"wp:attachment":[{"href":"https:\/\/suplever.com\/index.php?rest_route=%2Fwp%2Fv2%2Fmedia&parent=1090"}],"wp:term":[{"taxonomy":"pwb-brand","embeddable":true,"href":"https:\/\/suplever.com\/index.php?rest_route=%2Fwp%2Fv2%2Fpwb-brand&post=1090"},{"taxonomy":"product_brand","embeddable":true,"href":"https:\/\/suplever.com\/index.php?rest_route=%2Fwp%2Fv2%2Fproduct_brand&post=1090"},{"taxonomy":"product_cat","embeddable":true,"href":"https:\/\/suplever.com\/index.php?rest_route=%2Fwp%2Fv2%2Fproduct_cat&post=1090"},{"taxonomy":"product_tag","embeddable":true,"href":"https:\/\/suplever.com\/index.php?rest_route=%2Fwp%2Fv2%2Fproduct_tag&post=1090"}],"curies":[{"name":"wp","href":"https:\/\/api.w.org\/{rel}","templated":true}]}}