{"id":1115,"date":"2023-03-18T22:15:59","date_gmt":"2023-03-18T22:15:59","guid":{"rendered":"https:\/\/suplever.com\/?post_type=product&#038;p=1115"},"modified":"2025-07-29T21:14:20","modified_gmt":"2025-07-29T21:14:20","slug":"whey-xs-5lb-ronnie-coleman","status":"publish","type":"product","link":"https:\/\/suplever.com\/?product=whey-xs-5lb-ronnie-coleman","title":{"rendered":"Whey XS 5lb Ronnie Coleman"},"content":{"rendered":"<p>PROTE\u00cdNA DE SUERO, SIMPLIFICADA<br \/>\nWhey XS\u2122 es una prote\u00edna en polvo asequible pero de alta calidad y gran sabor. La prote\u00edna de suero es una parte esencial de cualquier r\u00e9gimen de ejercicio, sin importar si tu objetivo es desarrollar m\u00fasculo, recuperarte o perder peso.<\/p>\n<p>Whey XS\u2122 fue dise\u00f1ado para hombres y mujeres que buscan aumentar su ingesta diaria de prote\u00ednas con un batido de prote\u00ednas suave y sabroso. \u00a1Simplemente mezcla con agua fr\u00eda sobre la marcha o m\u00e9zclalo con hielo, leche de almendras, fruta, etc.!<\/p>\n<p>\u00a1Sin Picos de Amino! \u00bfQu\u00e9 es eso? Bueno, si no est\u00e1s al tanto, algunas compa\u00f1\u00edas de prote\u00ednas intentan sacar prote\u00edna en polvo de bajo precio agregando amino\u00e1cidos en su mezcla de prote\u00ednas y contabilizandolos como contenido de prote\u00ednas. \u00a1No hacemos eso para lograr nuestro bajo precio diario!<\/p>\n","protected":false},"excerpt":{"rendered":"<p>20g de Prote\u00edna por Servicio<br \/>\nSin Picos de Amino<br \/>\nBajo en Az\u00facar<br \/>\nBajo en Grasa<br \/>\nSabor a Batido<br \/>\nFabricado en U.S.A<br \/>\nCertificaciones cGMP<\/p>\n","protected":false},"featured_media":1120,"template":"","meta":[],"pwb-brand":[78],"product_brand":[],"product_cat":[20,61],"product_tag":[23,98,24],"class_list":{"0":"post-1115","1":"product","2":"type-product","3":"status-publish","4":"has-post-thumbnail","6":"pwb-brand-rc","7":"product_cat-proteinas","8":"product_cat-whey-protein","9":"product_tag-proteina","10":"product_tag-rc","11":"product_tag-whey-protein","12":"thunk-woo-product-list","13":"opn-qv-enable","14":"open-woo-hover-zoom","15":"open-single-product-tab-horizontal","16":"open-shadow-","17":"open-shadow-hover-","19":"first","20":"outofstock","21":"shipping-taxable","22":"purchasable","23":"product-type-simple"},"aioseo_notices":[],"jetpack_sharing_enabled":true,"brands":[{"id":78,"name":"Ronnie Coleman","slug":"rc"}],"_links":{"self":[{"href":"https:\/\/suplever.com\/index.php?rest_route=\/wp\/v2\/product\/1115","targetHints":{"allow":["GET"]}}],"collection":[{"href":"https:\/\/suplever.com\/index.php?rest_route=\/wp\/v2\/product"}],"about":[{"href":"https:\/\/suplever.com\/index.php?rest_route=\/wp\/v2\/types\/product"}],"wp:featuredmedia":[{"embeddable":true,"href":"https:\/\/suplever.com\/index.php?rest_route=\/wp\/v2\/media\/1120"}],"wp:attachment":[{"href":"https:\/\/suplever.com\/index.php?rest_route=%2Fwp%2Fv2%2Fmedia&parent=1115"}],"wp:term":[{"taxonomy":"pwb-brand","embeddable":true,"href":"https:\/\/suplever.com\/index.php?rest_route=%2Fwp%2Fv2%2Fpwb-brand&post=1115"},{"taxonomy":"product_brand","embeddable":true,"href":"https:\/\/suplever.com\/index.php?rest_route=%2Fwp%2Fv2%2Fproduct_brand&post=1115"},{"taxonomy":"product_cat","embeddable":true,"href":"https:\/\/suplever.com\/index.php?rest_route=%2Fwp%2Fv2%2Fproduct_cat&post=1115"},{"taxonomy":"product_tag","embeddable":true,"href":"https:\/\/suplever.com\/index.php?rest_route=%2Fwp%2Fv2%2Fproduct_tag&post=1115"}],"curies":[{"name":"wp","href":"https:\/\/api.w.org\/{rel}","templated":true}]}}