{"id":1155,"date":"2023-04-15T16:01:03","date_gmt":"2023-04-15T16:01:03","guid":{"rendered":"https:\/\/suplever.com\/?post_type=product&#038;p=1155"},"modified":"2024-11-15T01:00:38","modified_gmt":"2024-11-15T01:00:38","slug":"aminomax-8000-325-tabs","status":"publish","type":"product","link":"https:\/\/suplever.com\/?product=aminomax-8000-325-tabs","title":{"rendered":"Aminomax 8000 325 tabs"},"content":{"rendered":"<p>CONSTRUYE MASA MUSCULAR MAGRA R\u00c1PIDAMENTE<\/p>\n<p>AMINOMAX 8000 de Gaspari Nutrition es una mezcla cient\u00edficamente dise\u00f1ada de 91% de lactoalb\u00famina hidrolizada de prote\u00edna de suero, que contiene prote\u00ednas de muy bajo peso molecular, di y trip\u00e9ptidos y amino\u00e1cidos individuales infundidos con L-leucina y L-taurina adicionales, que han demostrado ser extremadamente beneficiosas para todo tipo de deportistas, culturistas y entusiastas del fitness. Esta f\u00f3rmula \u00fanica e innovadora proporciona al consumidor informado un producto altamente \u00fatil y biodisponible que ofrece una amplia gama de los mismos componentes b\u00e1sicos que debe tener para desarrollar y mantener el tejido y la masa del m\u00fasculo esquel\u00e9tico. A diferencia de muchos de los productos de la competencia que utilizan concentrados de prote\u00edna de suero de leche de mayor peso molecular o incluso aislados, la prote\u00edna hidrolizada utilizada en AMINOMAX 8000 es rica en dip\u00e9ptidos y trip\u00e9ptidos para garantizar una absorci\u00f3n s\u00faper r\u00e1pida para una entrega s\u00faper r\u00e1pida a sus m\u00fasculos.<\/p>\n<p>La L-leucina ayuda a reparar los m\u00fasculos, regular el az\u00facar en sangre y proporcionar energ\u00eda al cuerpo. Tambi\u00e9n aumenta la producci\u00f3n de hormonas de crecimiento y ayuda a quemar la grasa visceral, que se encuentra en las capas m\u00e1s profundas del cuerpo y es la que menos responde a la dieta y el ejercicio. La L-leucina es uno de los amino\u00e1cidos de cadena ramificada (BCAA) y se considera el BCAA m\u00e1s eficaz para prevenir la p\u00e9rdida de masa muscular porque se degrada y se convierte en glucosa m\u00e1s r\u00e1pidamente que los dem\u00e1s. El aumento de los suministros de glucosa previene la canibalizaci\u00f3n de los m\u00fasculos por energ\u00eda durante los entrenamientos intensos, por lo que no es de extra\u00f1ar que este suplemento de amino\u00e1cidos sea popular entre los culturistas profesionales. La L-leucina tambi\u00e9n promueve la curaci\u00f3n de huesos, piel y tejido muscular despu\u00e9s de una lesi\u00f3n traum\u00e1tica y, a menudo, se recomienda para quienes se recuperan de una cirug\u00eda.<\/p>\n<p>La L-taurina es el amino\u00e1cido libre m\u00e1s abundante del organismo. Es un componente importante de los \u00e1cidos biliares, que se utilizan para absorber grasas y vitaminas liposolubles. Tambi\u00e9n ayuda a regular los latidos de su coraz\u00f3n; mantener la estabilidad de las membranas celulares; y regular la actividad de las c\u00e9lulas cerebrales. La L-taurina tambi\u00e9n puede aumentar la acci\u00f3n de la insulina, mejorando la tolerancia a la glucosa y aumentando los niveles de antioxidantes, que son funciones importantes para ayudar a aumentar la masa muscular magra. Tambi\u00e9n se encuentran grandes cantidades de L-taurina en el m\u00fasculo esquel\u00e9tico, donde se cree que juega un papel esencial en la reducci\u00f3n del da\u00f1o muscular causado por el ejercicio intenso y en la mejora del rendimiento. El ejercicio agota la L-taurina de los m\u00fasculos, lo que hace que la suplementaci\u00f3n diet\u00e9tica con AMINOMAX 8000 sea beneficiosa para cualquier persona interesada en obtener el m\u00e1ximo beneficio de su programa de entrenamiento f\u00edsico.<\/p>\n","protected":false},"excerpt":{"rendered":"<p>Adem\u00e1s de los dip\u00e9ptidos y trip\u00e9ptidos de acci\u00f3n r\u00e1pida, Gaspari Nutrition agreg\u00f3 L-leucina y L-taurina adicionales a AMINOMAX 8000 para optimizar el beneficio que el atleta serio puede ver al usar este suplemento diet\u00e9tico, la L-leucina es un amino\u00e1cido esencial , lo que significa que el cuerpo no puede producirlo por s\u00ed solo; por lo tanto, debe obtenerse externamente de fuentes alimentarias o mediante complementos diet\u00e9ticos como AMINOMAX 8000.<\/p>\n","protected":false},"featured_media":1157,"template":"","meta":[],"pwb-brand":[221],"product_brand":[],"product_cat":[31,95],"product_tag":[100,97,96,76,109],"class_list":{"0":"post-1155","1":"product","2":"type-product","3":"status-publish","4":"has-post-thumbnail","6":"pwb-brand-gaspari-nutrition","7":"product_cat-aminoacidos-y-mas","8":"product_cat-aminos","9":"product_tag-amino-8000","10":"product_tag-aminoacidos","11":"product_tag-aminos","12":"product_tag-recuperacion","13":"product_tag-rendimiento","14":"thunk-woo-product-list","15":"opn-qv-enable","16":"open-woo-hover-zoom","17":"open-single-product-tab-horizontal","18":"open-shadow-","19":"open-shadow-hover-","21":"first","22":"outofstock","23":"shipping-taxable","24":"purchasable","25":"product-type-simple"},"aioseo_notices":[],"jetpack_sharing_enabled":true,"brands":[{"id":221,"name":"Gaspari Nutrition","slug":"gaspari-nutrition"}],"_links":{"self":[{"href":"https:\/\/suplever.com\/index.php?rest_route=\/wp\/v2\/product\/1155","targetHints":{"allow":["GET"]}}],"collection":[{"href":"https:\/\/suplever.com\/index.php?rest_route=\/wp\/v2\/product"}],"about":[{"href":"https:\/\/suplever.com\/index.php?rest_route=\/wp\/v2\/types\/product"}],"wp:featuredmedia":[{"embeddable":true,"href":"https:\/\/suplever.com\/index.php?rest_route=\/wp\/v2\/media\/1157"}],"wp:attachment":[{"href":"https:\/\/suplever.com\/index.php?rest_route=%2Fwp%2Fv2%2Fmedia&parent=1155"}],"wp:term":[{"taxonomy":"pwb-brand","embeddable":true,"href":"https:\/\/suplever.com\/index.php?rest_route=%2Fwp%2Fv2%2Fpwb-brand&post=1155"},{"taxonomy":"product_brand","embeddable":true,"href":"https:\/\/suplever.com\/index.php?rest_route=%2Fwp%2Fv2%2Fproduct_brand&post=1155"},{"taxonomy":"product_cat","embeddable":true,"href":"https:\/\/suplever.com\/index.php?rest_route=%2Fwp%2Fv2%2Fproduct_cat&post=1155"},{"taxonomy":"product_tag","embeddable":true,"href":"https:\/\/suplever.com\/index.php?rest_route=%2Fwp%2Fv2%2Fproduct_tag&post=1155"}],"curies":[{"name":"wp","href":"https:\/\/api.w.org\/{rel}","templated":true}]}}