{"id":127,"date":"2022-06-02T02:04:14","date_gmt":"2022-06-02T02:04:14","guid":{"rendered":"https:\/\/suplever.com\/?post_type=product&#038;p=127"},"modified":"2024-11-29T02:04:39","modified_gmt":"2024-11-29T02:04:39","slug":"bcaa-9-7-348-gr","status":"publish","type":"product","link":"https:\/\/suplever.com\/?product=bcaa-9-7-348-gr","title":{"rendered":"BCAA 9.7 348 Gr"},"content":{"rendered":"<p>M\u00e1s que BCAAs normales<br \/>\nMUTANT BCAA aporta 9.7 gramos de amino\u00e1cidos en un solo servicio concentrado. Nuestro BCAA est\u00e1 en la proporci\u00f3n preferida 2:1:1 e instantanizado para una solubilidad superior; adicionado con Micronized Amino Support Stack una pila de soporte de amino\u00e1cidos micronizados; fortificado con magnesio para ayudar a contribuir con la s\u00edntesis de prote\u00ednas. MUTANT BCAA, \u00a1m\u00e1s que BCAAs normales!<\/p>\n<p>MUTANT BCAAs entrega 9.7 gramos de amino\u00e1cidos en una sola cucharada concentrada. Nuestros BCAA est\u00e1n en la proporci\u00f3n preferida y estudiada 2:1:1 e instanciado para una solubilidad superior; con una pila de soporte de amino\u00e1cidos micronizada a\u00f1adida; y finalmente magnesio fortificado para contribuir a la s\u00edntesis de prote\u00ednas. BCAA MUTANT \u2013 \u00a1m\u00e1s all\u00e1 de los BCAA normales!<\/p>\n<p>9.7G de Mezcla de Aminos Totales<br \/>\n7.2G de BCAAs Instantaneos<br \/>\n8 Electrolitos a\u00f1adidos para mantener los M\u00fasculos Hidratados<br \/>\n0 Carbohidratos. 0 Az\u00facar<br \/>\nAcelerador de Absorci\u00f3n Probado y Patentado<br \/>\n\u00a1Sabores Absolutamente Deliciosos!<\/p>\n","protected":false},"excerpt":{"rendered":"<p>M\u00e1s que BCAAs normales<br \/>\nMUTANT BCAA aporta 9.7 gramos de amino\u00e1cidos en un solo servicio concentrado. Nuestro BCAA est\u00e1 en la proporci\u00f3n preferida 2:1:1 e instantanizado para una solubilidad superior; adicionado con Micronized Amino Support Stack una pila de soporte de amino\u00e1cidos micronizados; fortificado con magnesio para ayudar a contribuir con la s\u00edntesis de prote\u00ednas. MUTANT BCAA, \u00a1m\u00e1s que BCAAs normales!<\/p>\n<p>9.7G de Mezcla de Aminos Totales<br \/>\n7.2G de BCAAs Instantaneos<br \/>\n8 Electrolitos a\u00f1adidos para mantener los M\u00fasculos Hidratados<br \/>\n0 Carbohidratos. 0 Az\u00facar<br \/>\nAcelerador de Absorci\u00f3n Probado y Patentado<br \/>\n\u00a1Sabores Absolutamente Deliciosos!<\/p>\n","protected":false},"featured_media":128,"template":"","meta":[],"pwb-brand":[81],"product_brand":[],"product_cat":[31,111],"product_tag":[96,113,112],"class_list":{"0":"post-127","1":"product","2":"type-product","3":"status-publish","4":"has-post-thumbnail","6":"pwb-brand-mutant","7":"product_cat-aminoacidos-y-mas","8":"product_cat-bcaa","9":"product_tag-aminos","10":"product_tag-bcaa","11":"product_tag-bcaas","12":"thunk-woo-product-list","13":"opn-qv-enable","14":"open-woo-hover-zoom","15":"open-single-product-tab-horizontal","16":"open-shadow-","17":"open-shadow-hover-","19":"first","20":"instock","21":"shipping-taxable","22":"purchasable","23":"product-type-simple"},"aioseo_notices":[],"jetpack_sharing_enabled":true,"brands":[{"id":81,"name":"Mutant","slug":"mutant"}],"_links":{"self":[{"href":"https:\/\/suplever.com\/index.php?rest_route=\/wp\/v2\/product\/127","targetHints":{"allow":["GET"]}}],"collection":[{"href":"https:\/\/suplever.com\/index.php?rest_route=\/wp\/v2\/product"}],"about":[{"href":"https:\/\/suplever.com\/index.php?rest_route=\/wp\/v2\/types\/product"}],"wp:featuredmedia":[{"embeddable":true,"href":"https:\/\/suplever.com\/index.php?rest_route=\/wp\/v2\/media\/128"}],"wp:attachment":[{"href":"https:\/\/suplever.com\/index.php?rest_route=%2Fwp%2Fv2%2Fmedia&parent=127"}],"wp:term":[{"taxonomy":"pwb-brand","embeddable":true,"href":"https:\/\/suplever.com\/index.php?rest_route=%2Fwp%2Fv2%2Fpwb-brand&post=127"},{"taxonomy":"product_brand","embeddable":true,"href":"https:\/\/suplever.com\/index.php?rest_route=%2Fwp%2Fv2%2Fproduct_brand&post=127"},{"taxonomy":"product_cat","embeddable":true,"href":"https:\/\/suplever.com\/index.php?rest_route=%2Fwp%2Fv2%2Fproduct_cat&post=127"},{"taxonomy":"product_tag","embeddable":true,"href":"https:\/\/suplever.com\/index.php?rest_route=%2Fwp%2Fv2%2Fproduct_tag&post=127"}],"curies":[{"name":"wp","href":"https:\/\/api.w.org\/{rel}","templated":true}]}}