{"id":132,"date":"2022-06-02T02:09:23","date_gmt":"2022-06-02T02:09:23","guid":{"rendered":"https:\/\/suplever.com\/?post_type=product&#038;p=132"},"modified":"2025-06-18T21:16:46","modified_gmt":"2025-06-18T21:16:46","slug":"recovery-bcaa-260-gr","status":"publish","type":"product","link":"https:\/\/suplever.com\/?product=recovery-bcaa-260-gr","title":{"rendered":"Recovery BCAA 260 Gr (Outlet)"},"content":{"rendered":"<p>PRODUCTO OUTLET<br \/>\nCADUCIDAD: 12\/26<br \/>\nEMPAQUE: PERFECTO ESTADO, NUEVO Y SELLADO<br \/>\nPRODUCTO: PUEDE PRESENTAR SOLIDIFICACION<br \/>\n*No aplican cambios ni devoluciones.<\/p>\n<p>DEBES TOMAR RECOVERY, SI<br \/>\nRealizas cualquier deporte y deseas evitar perder masa muscular o catabolizar (perdida de m\u00fasculo magro). Tambi\u00e9n cuando: cargas mucho peso, recorres grandes distancias en climas extremos, o entrenas en ayunas. RECOVERY contiene electr\u00f3litos como Sodio, Calcio, Magnesio, Potasio, que te ayudar\u00e1n a estar hidratado en todo momento.<\/p>\n<p>MuscleFit ha creado RECOVERY(BCAAs) con amino\u00e1cidos esenciales (no producidos por el cuerpo). Su consumo evita las deficiencias en los niveles generales de amino\u00e1cidos, repara las fisuras musculares r\u00e1pida y efectivamente, aumenta la s\u00edntesis proteica y evita la degradaci\u00f3n muscular. Tambi\u00e9n reduce la fatiga f\u00edsica y mental, fortalece al sistema inmunol\u00f3gico ante el estr\u00e9s causado en rutinas intensas de ejercicio.<\/p>\n<p>\u00a1Toma RECOVERY y recup\u00e9rate de inmediato!<\/p>\n<p>RECOVERY<br \/>\nTE OFRECE<br \/>\nAmino\u00e1cidos de cadena 2:1:1. Leucina, iso-leucina, valina, son amino\u00e1cidos de cadena ramificada, esenciales en las prote\u00ednas musculares.<\/p>\n<p>Consumir estos amino\u00e1cidos durante y despu\u00e9s de un entrenamiento, ayudan a prevenir el catabolismo muscular, favorece la recuperaci\u00f3n y potencia la s\u00edntesis proteica durante la recuperaci\u00f3n.<\/p>\n","protected":false},"excerpt":{"rendered":"<p>RECOVERY<br \/>\nTE OFRECE<br \/>\nAmino\u00e1cidos de cadena 2:1:1. Leucina, iso-leucina, valina, son amino\u00e1cidos de cadena ramificada, esenciales en las prote\u00ednas musculares.<\/p>\n<p>Consumir estos amino\u00e1cidos durante y despu\u00e9s de un entrenamiento, ayudan a prevenir el catabolismo muscular, favorece la recuperaci\u00f3n y potencia la s\u00edntesis proteica durante la recuperaci\u00f3n.<\/p>\n","protected":false},"featured_media":133,"template":"","meta":[],"pwb-brand":[82],"product_brand":[],"product_cat":[31,111,220],"product_tag":[97,113,112],"class_list":{"0":"post-132","1":"product","2":"type-product","3":"status-publish","4":"has-post-thumbnail","6":"pwb-brand-musclefit","7":"product_cat-aminoacidos-y-mas","8":"product_cat-bcaa","9":"product_cat-outlet","10":"product_tag-aminoacidos","11":"product_tag-bcaa","12":"product_tag-bcaas","13":"thunk-woo-product-list","14":"opn-qv-enable","15":"open-woo-hover-zoom","16":"open-single-product-tab-horizontal","17":"open-shadow-","18":"open-shadow-hover-","20":"first","21":"instock","22":"sale","23":"shipping-taxable","24":"purchasable","25":"product-type-simple"},"aioseo_notices":[],"jetpack_sharing_enabled":true,"brands":[{"id":82,"name":"MuscleFit","slug":"musclefit"}],"_links":{"self":[{"href":"https:\/\/suplever.com\/index.php?rest_route=\/wp\/v2\/product\/132","targetHints":{"allow":["GET"]}}],"collection":[{"href":"https:\/\/suplever.com\/index.php?rest_route=\/wp\/v2\/product"}],"about":[{"href":"https:\/\/suplever.com\/index.php?rest_route=\/wp\/v2\/types\/product"}],"wp:featuredmedia":[{"embeddable":true,"href":"https:\/\/suplever.com\/index.php?rest_route=\/wp\/v2\/media\/133"}],"wp:attachment":[{"href":"https:\/\/suplever.com\/index.php?rest_route=%2Fwp%2Fv2%2Fmedia&parent=132"}],"wp:term":[{"taxonomy":"pwb-brand","embeddable":true,"href":"https:\/\/suplever.com\/index.php?rest_route=%2Fwp%2Fv2%2Fpwb-brand&post=132"},{"taxonomy":"product_brand","embeddable":true,"href":"https:\/\/suplever.com\/index.php?rest_route=%2Fwp%2Fv2%2Fproduct_brand&post=132"},{"taxonomy":"product_cat","embeddable":true,"href":"https:\/\/suplever.com\/index.php?rest_route=%2Fwp%2Fv2%2Fproduct_cat&post=132"},{"taxonomy":"product_tag","embeddable":true,"href":"https:\/\/suplever.com\/index.php?rest_route=%2Fwp%2Fv2%2Fproduct_tag&post=132"}],"curies":[{"name":"wp","href":"https:\/\/api.w.org\/{rel}","templated":true}]}}