{"id":136,"date":"2022-06-02T02:12:58","date_gmt":"2022-06-02T02:12:58","guid":{"rendered":"https:\/\/suplever.com\/?post_type=product&#038;p=136"},"modified":"2025-06-18T21:14:50","modified_gmt":"2025-06-18T21:14:50","slug":"demon-bcaa-390-gr","status":"publish","type":"product","link":"https:\/\/suplever.com\/?product=demon-bcaa-390-gr","title":{"rendered":"Demon BCAA 390 Gr (Outlet)"},"content":{"rendered":"<p>PRODUCTO OUTLET<br \/>\nCADUCIDAD: 11\/24<br \/>\nEMPAQUE: PERFECTO ESTADO, NUEVO Y SELLADO<br \/>\nPRODUCTO: PUEDE PRESENTAR SOLIDIFICACION<br \/>\n*No aplican cambios ni devoluciones.<\/p>\n<p>Los <strong><span style=\"color: #ff0000;\">DEMON BCAA<\/span><\/strong> est\u00e1n constituidos por 3 amino\u00e1cidos, la isoleucina, la leucina y la valina, que son esenciales para la construcci\u00f3n del m\u00fasculo. Estos amino\u00e1cidos no se pueden generar por el organismo, por lo que deben ser suministrarlos a trav\u00e9s de un suplemento, es decir, son esenciales.<\/p>\n<p>Los BCAAs tienen la peculiaridad de no ser metabolizados en el h\u00edgado (No requieren digesti\u00f3n), es decir, pasan directamente al torrente sangu\u00edneo y son transportados de inmediato a los m\u00fasculos donde son metabolizados y absorbidos, estando totalmente disponibles para el crecimiento y la conservaci\u00f3n de los m\u00fasculos.<\/p>\n<p>Beneficios:<br \/>\n\u2013Son b\u00e1sicos para ganar masa muscular limpia, densa y s\u00f3lida.<br \/>\n\u2013Estimulan la s\u00edntesis proteica.<br \/>\n\u2013Contribuyen en la recuperaci\u00f3n muscular.<br \/>\n\u2013Son anti-catab\u00f3licos \/ menor degradaci\u00f3n de los tejidos musculares.<br \/>\n\u2013Incrementan el rendimiento durante el entrenamiento.<br \/>\n\u2013Reducen el da\u00f1o muscular o las dolencias musculares.<br \/>\n\u2013Ayuda a la quemar grasa.<\/p>\n","protected":false},"excerpt":{"rendered":"<p>Los BCAAs tienen la peculiaridad de no ser metabolizados en el h\u00edgado (No requieren digesti\u00f3n), es decir, pasan directamente al torrente sangu\u00edneo y son transportados de inmediato a los m\u00fasculos donde son metabolizados y absorbidos, estando totalmente disponibles para el crecimiento y la conservaci\u00f3n de los m\u00fasculos.<\/p>\n<p>Beneficios:<br \/>\n\u2013Son b\u00e1sicos para ganar masa muscular limpia, densa y s\u00f3lida.<br \/>\n\u2013Estimulan la s\u00edntesis proteica.<br \/>\n\u2013Contribuyen en la recuperaci\u00f3n muscular.<br \/>\n\u2013Son anti-catab\u00f3licos \/ menor degradaci\u00f3n de los tejidos musculares.<br \/>\n\u2013Incrementan el rendimiento durante el entrenamiento.<br \/>\n\u2013Reducen el da\u00f1o muscular o las dolencias musculares.<br \/>\n\u2013Ayuda a la quemar grasa.<\/p>\n","protected":false},"featured_media":137,"template":"","meta":[],"pwb-brand":[79],"product_brand":[],"product_cat":[31,111,220],"product_tag":[97,96,112],"class_list":{"0":"post-136","1":"product","2":"type-product","3":"status-publish","4":"has-post-thumbnail","6":"pwb-brand-insane-labz","7":"product_cat-aminoacidos-y-mas","8":"product_cat-bcaa","9":"product_cat-outlet","10":"product_tag-aminoacidos","11":"product_tag-aminos","12":"product_tag-bcaas","13":"thunk-woo-product-list","14":"opn-qv-enable","15":"open-woo-hover-zoom","16":"open-single-product-tab-horizontal","17":"open-shadow-","18":"open-shadow-hover-","20":"first","21":"instock","22":"sale","23":"shipping-taxable","24":"purchasable","25":"product-type-simple"},"aioseo_notices":[],"jetpack_sharing_enabled":true,"brands":[{"id":79,"name":"Insane labz","slug":"insane-labz"}],"_links":{"self":[{"href":"https:\/\/suplever.com\/index.php?rest_route=\/wp\/v2\/product\/136","targetHints":{"allow":["GET"]}}],"collection":[{"href":"https:\/\/suplever.com\/index.php?rest_route=\/wp\/v2\/product"}],"about":[{"href":"https:\/\/suplever.com\/index.php?rest_route=\/wp\/v2\/types\/product"}],"wp:featuredmedia":[{"embeddable":true,"href":"https:\/\/suplever.com\/index.php?rest_route=\/wp\/v2\/media\/137"}],"wp:attachment":[{"href":"https:\/\/suplever.com\/index.php?rest_route=%2Fwp%2Fv2%2Fmedia&parent=136"}],"wp:term":[{"taxonomy":"pwb-brand","embeddable":true,"href":"https:\/\/suplever.com\/index.php?rest_route=%2Fwp%2Fv2%2Fpwb-brand&post=136"},{"taxonomy":"product_brand","embeddable":true,"href":"https:\/\/suplever.com\/index.php?rest_route=%2Fwp%2Fv2%2Fproduct_brand&post=136"},{"taxonomy":"product_cat","embeddable":true,"href":"https:\/\/suplever.com\/index.php?rest_route=%2Fwp%2Fv2%2Fproduct_cat&post=136"},{"taxonomy":"product_tag","embeddable":true,"href":"https:\/\/suplever.com\/index.php?rest_route=%2Fwp%2Fv2%2Fproduct_tag&post=136"}],"curies":[{"name":"wp","href":"https:\/\/api.w.org\/{rel}","templated":true}]}}