{"id":1437,"date":"2023-06-14T01:10:59","date_gmt":"2023-06-14T01:10:59","guid":{"rendered":"https:\/\/suplever.com\/?post_type=product&#038;p=1437"},"modified":"2024-03-25T19:19:42","modified_gmt":"2024-03-25T19:19:42","slug":"insane-iso-3-9-lb","status":"publish","type":"product","link":"https:\/\/suplever.com\/?product=insane-iso-3-9-lb","title":{"rendered":"Insane ISO 3.9 lb"},"content":{"rendered":"<p>Insane ISO es el paquete completo. Con 1.3g de carbohidratos, 110 calor\u00edas y menos de 1g de az\u00facar por servicio, Insane Whey ISO es la opci\u00f3n ideal para cualquiera que contabilize macros o siga un plan de dieta baja en carbohidratos. MACRO Amigable. GARANTIZADO POR EL QU\u00cdMICO LOCO. Todos los productos Insane Labz\u00ae se fabrican en instalaciones que cumplen con los m\u00e1s altos est\u00e1ndares cGMP. Insane Labz se enorgullece de contar con ingredientes de la m\u00e1s alta calidad para estar a la par con los mejores productos del mercado. Cuando ordenas suplementos de Insane Labz, sabes que est\u00e1s obteniendo un producto incomparable y sin similitud al de cualquier otra compa\u00f1\u00eda.<\/p>\n<p>Insane ISO presenta una combinaci\u00f3n l\u00edder en la industria de aislados de prote\u00edna hidrolizada y de suero. \u00a1Esta combinaci\u00f3n produce un perfil de amino\u00e1cidos de origen natural que ayuda a que sus m\u00fasculos se recuperen m\u00e1s r\u00e1pido y allana el camino para la ganancia de masa muscular!<\/p>\n<p>Desarrollar masa muscular magra<br \/>\nTiempo de recuperaci\u00f3n m\u00e1s r\u00e1pido<br \/>\nAumenta el tama\u00f1o y la fuerza<br \/>\nInsane ISO es el paquete completo. Con 1.3 g de carbohidratos, 110 calor\u00edas y menos de 1 g de az\u00facar por porci\u00f3n, Insane Whey ISO es la opci\u00f3n ideal para cualquiera que cuente macros o tenga un plan de dieta baja en carbohidratos.<\/p>\n","protected":false},"excerpt":{"rendered":"<p>Insane ISO presenta una combinaci\u00f3n l\u00edder en la industria de aislados de prote\u00edna hidrolizada y de suero. \u00a1Esta combinaci\u00f3n produce un perfil de amino\u00e1cidos de origen natural que ayuda a que sus m\u00fasculos se recuperen m\u00e1s r\u00e1pido y allana el camino para la ganancia de masa muscular!<\/p>\n","protected":false},"featured_media":1439,"template":"","meta":[],"pwb-brand":[79],"product_brand":[],"product_cat":[20,157],"product_tag":[160,23],"class_list":{"0":"post-1437","1":"product","2":"type-product","3":"status-publish","4":"has-post-thumbnail","6":"pwb-brand-insane-labz","7":"product_cat-proteinas","8":"product_cat-iso-protein","9":"product_tag-iso","10":"product_tag-proteina","11":"thunk-woo-product-list","12":"opn-qv-enable","13":"open-woo-hover-zoom","14":"open-single-product-tab-horizontal","15":"open-shadow-","16":"open-shadow-hover-","18":"first","19":"instock","20":"shipping-taxable","21":"purchasable","22":"product-type-simple"},"aioseo_notices":[],"jetpack_sharing_enabled":true,"brands":[{"id":79,"name":"Insane labz","slug":"insane-labz"}],"_links":{"self":[{"href":"https:\/\/suplever.com\/index.php?rest_route=\/wp\/v2\/product\/1437","targetHints":{"allow":["GET"]}}],"collection":[{"href":"https:\/\/suplever.com\/index.php?rest_route=\/wp\/v2\/product"}],"about":[{"href":"https:\/\/suplever.com\/index.php?rest_route=\/wp\/v2\/types\/product"}],"wp:featuredmedia":[{"embeddable":true,"href":"https:\/\/suplever.com\/index.php?rest_route=\/wp\/v2\/media\/1439"}],"wp:attachment":[{"href":"https:\/\/suplever.com\/index.php?rest_route=%2Fwp%2Fv2%2Fmedia&parent=1437"}],"wp:term":[{"taxonomy":"pwb-brand","embeddable":true,"href":"https:\/\/suplever.com\/index.php?rest_route=%2Fwp%2Fv2%2Fpwb-brand&post=1437"},{"taxonomy":"product_brand","embeddable":true,"href":"https:\/\/suplever.com\/index.php?rest_route=%2Fwp%2Fv2%2Fproduct_brand&post=1437"},{"taxonomy":"product_cat","embeddable":true,"href":"https:\/\/suplever.com\/index.php?rest_route=%2Fwp%2Fv2%2Fproduct_cat&post=1437"},{"taxonomy":"product_tag","embeddable":true,"href":"https:\/\/suplever.com\/index.php?rest_route=%2Fwp%2Fv2%2Fproduct_tag&post=1437"}],"curies":[{"name":"wp","href":"https:\/\/api.w.org\/{rel}","templated":true}]}}