{"id":144,"date":"2022-06-02T02:23:35","date_gmt":"2022-06-02T02:23:35","guid":{"rendered":"https:\/\/suplever.com\/?post_type=product&#038;p=144"},"modified":"2024-11-29T01:55:00","modified_gmt":"2024-11-29T01:55:00","slug":"liquid-carnitine-3000-16-oz","status":"publish","type":"product","link":"https:\/\/suplever.com\/?product=liquid-carnitine-3000-16-oz","title":{"rendered":"Liquid Carnitine 3000 16 Oz"},"content":{"rendered":"<p>La L-Carnitina ha estado presente desde hace d\u00e9cadas por una principal raz\u00f3n: FUNCIONA. Aprovecha el suministro de grasa del cuerpo al apoyar en la transportaci\u00f3n de \u00e1cidos grasos a las mitocondrias de los m\u00fasculos, donde pueden quemarse como energ\u00eda. El m\u00fasculo contiene la mayor concentraci\u00f3n de carnitina en el cuerpo, por lo que es importante para los atletas.<\/p>\n<p>LIQUID CARNITINE 3000 te aporta una dosis verdaderamente eficaz de L-Carnitina L\u00edquida que proporciona el complemento perfecto para cualquier quemagrasas o r\u00e9gimen diet\u00e9tico. Cargado con 3000mg de L-Carnitina l\u00edquida por servicio, te brinda una de las dosis m\u00e1s altas disponibles. Con gran sabor, libre de colorantes y saborizantes artificiales.<\/p>\n<p>Optimiza a\u00fan m\u00e1s tu rendimiento deportivo y retrasa la aparici\u00f3n de la fatiga y mejora tu dieta. Lleva tu entrenamiento y condici\u00f3n f\u00edsica al siguiente nivel.<\/p>\n<p>Ayuda a Convertir la Grasa en Energ\u00eda Muscular<br \/>\nPromueve Una Mayor Resistencia<br \/>\n3000mg de L-Carnitina L\u00edquida por Servicio<br \/>\nGrandiosos Sabores<br \/>\nSin Colorantes Ni Saborizantes Artificiales<\/p>\n","protected":false},"excerpt":{"rendered":"<p>La L-Carnitina ha estado presente desde hace d\u00e9cadas por una principal raz\u00f3n: FUNCIONA. Aprovecha el suministro de grasa del cuerpo al apoyar en la transportaci\u00f3n de \u00e1cidos grasos a las mitocondrias de los m\u00fasculos, donde pueden quemarse como energ\u00eda. El m\u00fasculo contiene la mayor concentraci\u00f3n de carnitina en el cuerpo, por lo que es importante para los atletas.<\/p>\n","protected":false},"featured_media":145,"template":"","meta":[],"pwb-brand":[80],"product_brand":[],"product_cat":[26,31,77],"product_tag":[52,53,110,51],"class_list":{"0":"post-144","1":"product","2":"type-product","3":"status-publish","4":"has-post-thumbnail","6":"pwb-brand-nutrex","7":"product_cat-quemadores-de-grasa","8":"product_cat-aminoacidos-y-mas","9":"product_cat-carnitina","10":"product_tag-carnitirna","11":"product_tag-l-carnitina","12":"product_tag-nutrex","13":"product_tag-quemador","14":"thunk-woo-product-list","15":"opn-qv-enable","16":"open-woo-hover-zoom","17":"open-single-product-tab-horizontal","18":"open-shadow-","19":"open-shadow-hover-","21":"first","22":"instock","23":"shipping-taxable","24":"purchasable","25":"product-type-simple"},"aioseo_notices":[],"jetpack_sharing_enabled":true,"brands":[{"id":80,"name":"Nutrex","slug":"nutrex"}],"_links":{"self":[{"href":"https:\/\/suplever.com\/index.php?rest_route=\/wp\/v2\/product\/144","targetHints":{"allow":["GET"]}}],"collection":[{"href":"https:\/\/suplever.com\/index.php?rest_route=\/wp\/v2\/product"}],"about":[{"href":"https:\/\/suplever.com\/index.php?rest_route=\/wp\/v2\/types\/product"}],"wp:featuredmedia":[{"embeddable":true,"href":"https:\/\/suplever.com\/index.php?rest_route=\/wp\/v2\/media\/145"}],"wp:attachment":[{"href":"https:\/\/suplever.com\/index.php?rest_route=%2Fwp%2Fv2%2Fmedia&parent=144"}],"wp:term":[{"taxonomy":"pwb-brand","embeddable":true,"href":"https:\/\/suplever.com\/index.php?rest_route=%2Fwp%2Fv2%2Fpwb-brand&post=144"},{"taxonomy":"product_brand","embeddable":true,"href":"https:\/\/suplever.com\/index.php?rest_route=%2Fwp%2Fv2%2Fproduct_brand&post=144"},{"taxonomy":"product_cat","embeddable":true,"href":"https:\/\/suplever.com\/index.php?rest_route=%2Fwp%2Fv2%2Fproduct_cat&post=144"},{"taxonomy":"product_tag","embeddable":true,"href":"https:\/\/suplever.com\/index.php?rest_route=%2Fwp%2Fv2%2Fproduct_tag&post=144"}],"curies":[{"name":"wp","href":"https:\/\/api.w.org\/{rel}","templated":true}]}}