{"id":1461,"date":"2023-06-14T01:44:14","date_gmt":"2023-06-14T01:44:14","guid":{"rendered":"https:\/\/suplever.com\/?post_type=product&#038;p=1461"},"modified":"2025-05-29T18:15:12","modified_gmt":"2025-05-29T18:15:12","slug":"cell-tech-creactor","status":"publish","type":"product","link":"https:\/\/suplever.com\/?product=cell-tech-creactor","title":{"rendered":"Cell tech Creactor"},"content":{"rendered":"<p>Cell-Tech\u00ae Creactor\u00ae creatina incre\u00edblemente dise\u00f1ada para obtener m\u00e1ximos resultados en m\u00fasculo magro, fuerza y recuperaci\u00f3n.<\/p>\n<p>CL\u00cdNICAMENTE PROBADO PARA M\u00c1XIMA POTENCIA<br \/>\nEspecialmente formulado y respaldado por ciencia, cada servicio de Cell-Tech\u00ae Creactor\u00ae brinda la proporci\u00f3n ideal de 1:1 de clorhidrato de creatina (HCI) m\u00e1s creatina de \u00e1cido libre, la forma m\u00e1s pura disponible.<\/p>\n<p>AUMENTA LA FUERZA Y GANA M\u00c1S M\u00daSCULO<br \/>\nEst\u00e1 cient\u00edficamente probado que la cantidad de creatina que se encuentra en solo dos cucharadas s\u00faper concentradas de Cell-Tech\u00ae Creactor\u00ae aumenta la fuerza, el tama\u00f1o y el rendimiento de los m\u00fasculos.<\/p>\n<p>APROVECHA LA ENERG\u00cdA DE LA AMPLIFICADA S\u00cdNTESIS ATP<br \/>\nEsta f\u00f3rmula mejora r\u00e1pidamente la capacidad de las c\u00e9lulas musculares para regenerar el trifosfato de adenosina (ATP), la principal fuente de energ\u00eda anaer\u00f3bica, para que puedas recuperarte m\u00e1s r\u00e1pido entre series.<\/p>\n<p>CL\u00cdNICAMENTE PROBADO PARA M\u00c1XIMA POTENCIA Y EFECTIVIDAD<br \/>\nSolo busca lo que exactamente necesitas. Cell-Tech\u00ae Creactor\u00ae brinda creatina ultrapura y de \u00e1cido libre, para que evites la hinchaz\u00f3n y nunca tengas que cargarla o ciclarla.<\/p>\n<p>LA COMPROBADA Y VERS\u00c1TIL SOLUCI\u00d3N SUPLEMENTARIA<br \/>\nYa sea que est\u00e9s creando tu propia pila o si deseas un suplemento de solo creatina, lo tenemos. Cell-Tech\u00ae Creactor\u00ae es incre\u00edblemente vers\u00e1til y se combina bien con otras prote\u00ednas, pre-entrenamos y BCAAs.<\/p>\n<p>OBTEN M\u00c1S M\u00daSCULO Y FUERZA<br \/>\nDesbloquea tu potencial al desarrollar m\u00e1s fuerza, mejorando el tiempo de recuperaci\u00f3n o llevando m\u00e1s all\u00e1 tu productividad y resultados de tu entrenamiento.<\/p>\n<p>EXPERIMENTA RESULTADOS REALES Y MEJOR RENDIMIENTO<br \/>\nCon resultados insuperables cient\u00edficamente investigados, Cell-Tech\u00ae Creactor\u00ae te ayudar\u00e1 a romper tus r\u00e9cords personales y estancamientos en el gym o en el campo.<\/p>\n<p>PODEROSA POTENCIA LISTA PARA USAR<br \/>\n\u00a1Sin dosis insuficientes de ingredientes clave, sin rellenos o az\u00facar en esta f\u00f3rmula! Cada servicio completamente revelado de Cell-Tech\u00ae Creactor\u00ae proporciona m\u00e1xima potencia para obtener m\u00e1ximos resultados.<\/p>\n","protected":false},"excerpt":{"rendered":"<p>DESARROLLO MUSCULAR | POST-ENTRENO<br \/>\nCELL-TECH CREATOR<\/p>\n<p>CLORHIDRATO DE CREATINA ULTRAPURA (HCL)<br \/>\nCREATINA DE \u00c1CIDO LIBRE<\/p>\n<p>-750mg CREATINA HCL<br \/>\nLa creatina se encuentra naturalmente en las c\u00e9lulas musculares y mejora tu capacidad para regenerar el trifosfato de adenosina (ATP) para ayudarte a recuperarte m\u00e1s r\u00e1pido entre series.<\/p>\n<p>-750mg CREATINA DE \u00c1CIDO LIBRE<br \/>\nEsta es la forma m\u00e1s pura de creatina en el mercado que ayudar\u00e1 a tus m\u00fasculos a producir energ\u00eda durante levantamiento de pesas o ejercicio HIIT.<\/p>\n","protected":false},"featured_media":1463,"template":"","meta":[],"pwb-brand":[90],"product_brand":[],"product_cat":[30],"product_tag":[43,41,40],"class_list":{"0":"post-1461","1":"product","2":"type-product","3":"status-publish","4":"has-post-thumbnail","6":"pwb-brand-muscletech","7":"product_cat-creatina","8":"product_tag-creatina","9":"product_tag-fuerza","10":"product_tag-volumen","11":"thunk-woo-product-list","12":"opn-qv-enable","13":"open-woo-hover-zoom","14":"open-single-product-tab-horizontal","15":"open-shadow-","16":"open-shadow-hover-","18":"first","19":"instock","20":"shipping-taxable","21":"purchasable","22":"product-type-simple"},"aioseo_notices":[],"jetpack_sharing_enabled":true,"brands":[{"id":90,"name":"Muscletech","slug":"muscletech"}],"_links":{"self":[{"href":"https:\/\/suplever.com\/index.php?rest_route=\/wp\/v2\/product\/1461","targetHints":{"allow":["GET"]}}],"collection":[{"href":"https:\/\/suplever.com\/index.php?rest_route=\/wp\/v2\/product"}],"about":[{"href":"https:\/\/suplever.com\/index.php?rest_route=\/wp\/v2\/types\/product"}],"wp:featuredmedia":[{"embeddable":true,"href":"https:\/\/suplever.com\/index.php?rest_route=\/wp\/v2\/media\/1463"}],"wp:attachment":[{"href":"https:\/\/suplever.com\/index.php?rest_route=%2Fwp%2Fv2%2Fmedia&parent=1461"}],"wp:term":[{"taxonomy":"pwb-brand","embeddable":true,"href":"https:\/\/suplever.com\/index.php?rest_route=%2Fwp%2Fv2%2Fpwb-brand&post=1461"},{"taxonomy":"product_brand","embeddable":true,"href":"https:\/\/suplever.com\/index.php?rest_route=%2Fwp%2Fv2%2Fproduct_brand&post=1461"},{"taxonomy":"product_cat","embeddable":true,"href":"https:\/\/suplever.com\/index.php?rest_route=%2Fwp%2Fv2%2Fproduct_cat&post=1461"},{"taxonomy":"product_tag","embeddable":true,"href":"https:\/\/suplever.com\/index.php?rest_route=%2Fwp%2Fv2%2Fproduct_tag&post=1461"}],"curies":[{"name":"wp","href":"https:\/\/api.w.org\/{rel}","templated":true}]}}