{"id":156,"date":"2022-06-02T02:36:41","date_gmt":"2022-06-02T02:36:41","guid":{"rendered":"https:\/\/suplever.com\/?post_type=product&#038;p=156"},"modified":"2024-11-29T02:05:56","modified_gmt":"2024-11-29T02:05:56","slug":"glutamine-300-gr","status":"publish","type":"product","link":"https:\/\/suplever.com\/?product=glutamine-300-gr","title":{"rendered":"Glutamine 300 Gr"},"content":{"rendered":"<p>Despu\u00e9s de destruir el gimnasio con tu producto favorito de Insane Labz, tus m\u00fasculos necesitan recuperarse, Insane Glutamine est\u00e1 aqu\u00ed para ayudarte en ese proceso. La Glutamina es uno de los amino\u00e1cidos m\u00e1s importantes que tu cuerpo produce para ayudar a promover la recuperaci\u00f3n y el crecimiento muscular. Aumenta tus ganancias con la mejor glutamina directamente del Manicomio.<\/p>\n","protected":false},"excerpt":{"rendered":"<p>Despu\u00e9s de destruir el gimnasio con tu producto favorito de Insane Labz, tus m\u00fasculos necesitan recuperarse, Insane Glutamine est\u00e1 aqu\u00ed para ayudarte en ese proceso. La Glutamina es uno de los amino\u00e1cidos m\u00e1s importantes que tu cuerpo produce para ayudar a promover la recuperaci\u00f3n y el crecimiento muscular. Aumenta tus ganancias con la mejor glutamina directamente del Manicomio.<\/p>\n","protected":false},"featured_media":157,"template":"","meta":[],"pwb-brand":[79],"product_brand":[],"product_cat":[31,72],"product_tag":[73,74,76,109],"class_list":{"0":"post-156","1":"product","2":"type-product","3":"status-publish","4":"has-post-thumbnail","6":"pwb-brand-insane-labz","7":"product_cat-aminoacidos-y-mas","8":"product_cat-glutamina","9":"product_tag-glutamina","10":"product_tag-glutamine","11":"product_tag-recuperacion","12":"product_tag-rendimiento","13":"thunk-woo-product-list","14":"opn-qv-enable","15":"open-woo-hover-zoom","16":"open-single-product-tab-horizontal","17":"open-shadow-","18":"open-shadow-hover-","20":"first","21":"instock","22":"shipping-taxable","23":"purchasable","24":"product-type-simple"},"aioseo_notices":[],"jetpack_sharing_enabled":true,"brands":[{"id":79,"name":"Insane labz","slug":"insane-labz"}],"_links":{"self":[{"href":"https:\/\/suplever.com\/index.php?rest_route=\/wp\/v2\/product\/156","targetHints":{"allow":["GET"]}}],"collection":[{"href":"https:\/\/suplever.com\/index.php?rest_route=\/wp\/v2\/product"}],"about":[{"href":"https:\/\/suplever.com\/index.php?rest_route=\/wp\/v2\/types\/product"}],"wp:featuredmedia":[{"embeddable":true,"href":"https:\/\/suplever.com\/index.php?rest_route=\/wp\/v2\/media\/157"}],"wp:attachment":[{"href":"https:\/\/suplever.com\/index.php?rest_route=%2Fwp%2Fv2%2Fmedia&parent=156"}],"wp:term":[{"taxonomy":"pwb-brand","embeddable":true,"href":"https:\/\/suplever.com\/index.php?rest_route=%2Fwp%2Fv2%2Fpwb-brand&post=156"},{"taxonomy":"product_brand","embeddable":true,"href":"https:\/\/suplever.com\/index.php?rest_route=%2Fwp%2Fv2%2Fproduct_brand&post=156"},{"taxonomy":"product_cat","embeddable":true,"href":"https:\/\/suplever.com\/index.php?rest_route=%2Fwp%2Fv2%2Fproduct_cat&post=156"},{"taxonomy":"product_tag","embeddable":true,"href":"https:\/\/suplever.com\/index.php?rest_route=%2Fwp%2Fv2%2Fproduct_tag&post=156"}],"curies":[{"name":"wp","href":"https:\/\/api.w.org\/{rel}","templated":true}]}}