{"id":1565,"date":"2023-09-16T00:38:25","date_gmt":"2023-09-16T00:38:25","guid":{"rendered":"https:\/\/suplever.com\/?post_type=product&#038;p=1565"},"modified":"2024-04-30T17:59:02","modified_gmt":"2024-04-30T17:59:02","slug":"bpi-iso-hd-1-62-lb","status":"publish","type":"product","link":"https:\/\/suplever.com\/?product=bpi-iso-hd-1-62-lb","title":{"rendered":"BPI ISO HD 1.62 lb"},"content":{"rendered":"<p>ISO HD contiene la tecnolog\u00eda de saborizantes m\u00e1s avanzada, lo que da como resultado un sabor tan delicioso que tendr\u00e1 que probarlo para creerlo. Solo los componentes saborizantes m\u00e1s finos que brindan los sabores gourmet m\u00e1s deliciosos disponibles en cualquier lugar. Este aislado de prote\u00edna de suero de leche 100% puro est\u00e1 dise\u00f1ado para favorecer el crecimiento de la masa muscular magra, promover la fuerza y ayudar a reforzar su tiempo de recuperaci\u00f3n despu\u00e9s del entrenamiento. Maximice su crecimiento muscular con ISO HD.<\/p>\n<p>La ingesta adecuada de prote\u00ednas es vital para cualquier programa de desarrollo muscular o p\u00e9rdida de peso, ya que proporciona a los m\u00fasculos el combustible necesario para el desarrollo, el rendimiento y la recuperaci\u00f3n de la musculatura magra. Una prote\u00edna de alta calidad puede ayudarlo a asegurarse de obtener los nutrientes y los componentes b\u00e1sicos necesarios para alcanzar sus objetivos de salud y estado f\u00edsico. BPI Sports ISO HD contiene 25 g de aislado de prote\u00edna de suero de leche 100% puro y ultrapuro.<\/p>\n<p>-Saborizantes naturales y artificiales.<br \/>\n-Gluten Free: producto sin gluten.<br \/>\n-\u00a1Cero maltodextrina!<br \/>\n-\u00a1Cero rellenos!<br \/>\n-Calidad probada: identidad. Potencia Pureza.<br \/>\n-Absorci\u00f3n r\u00e1pida.<br \/>\n-R\u00e1pida recuperaci\u00f3n muscular<br \/>\n-25 g de prote\u00edna por porci\u00f3n | 5 g de BCAA de origen natural | 0 g de az\u00facar por porci\u00f3n | F\u00e1cil de mezclar<br \/>\n-Calidad cGMP: buenas pr\u00e1cticas de fabricaci\u00f3n<br \/>\n-Calidad probada y dise\u00f1ada para obtener resultados<\/p>\n","protected":false},"excerpt":{"rendered":"<p>-Saborizantes naturales y artificiales.<br \/>\n-Gluten Free: producto sin gluten.<br \/>\n-\u00a1Cero maltodextrina!<br \/>\n-\u00a1Cero rellenos!<br \/>\n-Calidad probada: identidad. Potencia Pureza.<br \/>\n-Absorci\u00f3n r\u00e1pida.<br \/>\n-R\u00e1pida recuperaci\u00f3n muscular<br \/>\n-25 g de prote\u00edna por porci\u00f3n | 5 g de BCAA de origen natural | 0 g de az\u00facar por porci\u00f3n | F\u00e1cil de mezclar<br \/>\n-Calidad cGMP: buenas pr\u00e1cticas de fabricaci\u00f3n<br \/>\n-Calidad probada y dise\u00f1ada para obtener resultados<\/p>\n","protected":false},"featured_media":1567,"template":"","meta":[],"pwb-brand":[231],"product_brand":[],"product_cat":[20,157,61],"product_tag":[23,143,24],"class_list":{"0":"post-1565","1":"product","2":"type-product","3":"status-publish","4":"has-post-thumbnail","6":"pwb-brand-bpi","7":"product_cat-proteinas","8":"product_cat-iso-protein","9":"product_cat-whey-protein","10":"product_tag-proteina","11":"product_tag-whey","12":"product_tag-whey-protein","13":"thunk-woo-product-list","14":"opn-qv-enable","15":"open-woo-hover-zoom","16":"open-single-product-tab-horizontal","17":"open-shadow-","18":"open-shadow-hover-","20":"first","21":"instock","22":"shipping-taxable","23":"purchasable","24":"product-type-simple"},"aioseo_notices":[],"jetpack_sharing_enabled":true,"brands":[{"id":231,"name":"Bpi","slug":"bpi"}],"_links":{"self":[{"href":"https:\/\/suplever.com\/index.php?rest_route=\/wp\/v2\/product\/1565","targetHints":{"allow":["GET"]}}],"collection":[{"href":"https:\/\/suplever.com\/index.php?rest_route=\/wp\/v2\/product"}],"about":[{"href":"https:\/\/suplever.com\/index.php?rest_route=\/wp\/v2\/types\/product"}],"wp:featuredmedia":[{"embeddable":true,"href":"https:\/\/suplever.com\/index.php?rest_route=\/wp\/v2\/media\/1567"}],"wp:attachment":[{"href":"https:\/\/suplever.com\/index.php?rest_route=%2Fwp%2Fv2%2Fmedia&parent=1565"}],"wp:term":[{"taxonomy":"pwb-brand","embeddable":true,"href":"https:\/\/suplever.com\/index.php?rest_route=%2Fwp%2Fv2%2Fpwb-brand&post=1565"},{"taxonomy":"product_brand","embeddable":true,"href":"https:\/\/suplever.com\/index.php?rest_route=%2Fwp%2Fv2%2Fproduct_brand&post=1565"},{"taxonomy":"product_cat","embeddable":true,"href":"https:\/\/suplever.com\/index.php?rest_route=%2Fwp%2Fv2%2Fproduct_cat&post=1565"},{"taxonomy":"product_tag","embeddable":true,"href":"https:\/\/suplever.com\/index.php?rest_route=%2Fwp%2Fv2%2Fproduct_tag&post=1565"}],"curies":[{"name":"wp","href":"https:\/\/api.w.org\/{rel}","templated":true}]}}