{"id":1571,"date":"2023-09-16T00:46:01","date_gmt":"2023-09-16T00:46:01","guid":{"rendered":"https:\/\/suplever.com\/?post_type=product&#038;p=1571"},"modified":"2024-08-29T00:19:37","modified_gmt":"2024-08-29T00:19:37","slug":"bpi-whey-hd-4-4lb","status":"publish","type":"product","link":"https:\/\/suplever.com\/?product=bpi-whey-hd-4-4lb","title":{"rendered":"Whey HD 4lbs"},"content":{"rendered":"<p>PROTE\u00cdNA ULTRA PREMIUM<br \/>\nMientras que otras prote\u00ednas en polvo est\u00e1n llenas de grasas y carbohidratos, Whey HD\u2122 proporciona 25g de 100% prote\u00edna de suero sin rellenos innecesarios. Esta f\u00f3rmula ultra premium apoya al crecimiento muscular magro, la recuperaci\u00f3n y al rendimiento deportivo.<\/p>\n<p>Whey HD\u2122 de BPI Sports es una mezcla de aislados y concentrados ultra premium de prote\u00edna de suero de leche. Tomarlo despu\u00e9s de un entrenamiento, favorece el crecimiento y la recuperaci\u00f3n muscular, pero tambi\u00e9n puede ser utilizado como reemplazo de una comida por quienes intentan perder peso. Los aislados de prote\u00edna de suero son prote\u00ednas puras de r\u00e1pida absorci\u00f3n que alimentan y reparan los m\u00fasculos r\u00e1pidamente, maximizando el crecimiento muscular magro, aumentando la s\u00edntesis de prote\u00ednas y acelerando el proceso de recuperaci\u00f3n. Los concentrados de prote\u00edna de suero se digieren lentamente, lo que ayuda a que el proceso de recuperaci\u00f3n y desarrollo muscular contin\u00fae mucho despu\u00e9s de tu entrenamiento. Whey HD\u2122 ha sido probado en laboratorios de terceros. Esto significa que lo que est\u00e1 en la etiqueta es lo que realmente est\u00e1 en el bote.<\/p>\n<p>* CRECIMIENTO MUSCULAR MAGRO<br \/>\nWHEY HD es una f\u00f3rmula con ingredientes de alta calidad para ayudarte a desarrollar y mantener m\u00fasculo magro sin rellenos inncesarios.<\/p>\n<p>*APOYO PARA PROGRAMAS DE P\u00c9RDIDA DE PESO Y DE NUTRICI\u00d3N<br \/>\nCuando tu cuerpo no tiene los nutrientes que necesita, almacena grasa. Suplementarse con prote\u00ednas, como WHEY HD, puede ayudar a prevenir esto.<\/p>\n<p>*AYUDA CON LA RECUPERACI\u00d3N<br \/>\nWhey HD\u2122 contiene 5g de amino\u00e1cidos de cadena ramificada (BCAA) de origen natural que apoyan en la reparaci\u00f3n muscular, la recuperaci\u00f3n muscular, y pueden prevenir el dolor muscular.<\/p>\n<p>*PROTEINA DE CONSTRUCCION MUSCULAR<br \/>\nEsta f\u00f3rmula ultra premium de prote\u00edna de suero biodisponible ha sido dise\u00f1ada para desarrollar masa muscular magra y promover la recuperaci\u00f3n muscular.<\/p>\n","protected":false},"excerpt":{"rendered":"<p>* CRECIMIENTO MUSCULAR MAGRO<br \/>\nWHEY HD es una f\u00f3rmula con ingredientes de alta calidad para ayudarte a desarrollar y mantener m\u00fasculo magro sin rellenos inncesarios.<\/p>\n<p>*APOYO PARA PROGRAMAS DE P\u00c9RDIDA DE PESO Y DE NUTRICI\u00d3N<br \/>\nCuando tu cuerpo no tiene los nutrientes que necesita, almacena grasa. Suplementarse con prote\u00ednas, como WHEY HD, puede ayudar a prevenir esto.<\/p>\n<p>*AYUDA CON LA RECUPERACI\u00d3N<br \/>\nWhey HD\u2122 contiene 5g de amino\u00e1cidos de cadena ramificada (BCAA) de origen natural que apoyan en la reparaci\u00f3n muscular, la recuperaci\u00f3n muscular, y pueden prevenir el dolor muscular.<\/p>\n<p>*PROTEINA DE CONSTRUCCION MUSCULAR<br \/>\nEsta f\u00f3rmula ultra premium de prote\u00edna de suero biodisponible ha sido dise\u00f1ada para desarrollar masa muscular magra y promover la recuperaci\u00f3n muscular.<\/p>\n","protected":false},"featured_media":1573,"template":"","meta":[],"pwb-brand":[231],"product_brand":[],"product_cat":[20,61],"product_tag":[160,23,24],"class_list":{"0":"post-1571","1":"product","2":"type-product","3":"status-publish","4":"has-post-thumbnail","6":"pwb-brand-bpi","7":"product_cat-proteinas","8":"product_cat-whey-protein","9":"product_tag-iso","10":"product_tag-proteina","11":"product_tag-whey-protein","12":"thunk-woo-product-list","13":"opn-qv-enable","14":"open-woo-hover-zoom","15":"open-single-product-tab-horizontal","16":"open-shadow-","17":"open-shadow-hover-","19":"first","20":"instock","21":"shipping-taxable","22":"purchasable","23":"product-type-simple"},"aioseo_notices":[],"jetpack_sharing_enabled":true,"brands":[{"id":231,"name":"Bpi","slug":"bpi"}],"_links":{"self":[{"href":"https:\/\/suplever.com\/index.php?rest_route=\/wp\/v2\/product\/1571","targetHints":{"allow":["GET"]}}],"collection":[{"href":"https:\/\/suplever.com\/index.php?rest_route=\/wp\/v2\/product"}],"about":[{"href":"https:\/\/suplever.com\/index.php?rest_route=\/wp\/v2\/types\/product"}],"wp:featuredmedia":[{"embeddable":true,"href":"https:\/\/suplever.com\/index.php?rest_route=\/wp\/v2\/media\/1573"}],"wp:attachment":[{"href":"https:\/\/suplever.com\/index.php?rest_route=%2Fwp%2Fv2%2Fmedia&parent=1571"}],"wp:term":[{"taxonomy":"pwb-brand","embeddable":true,"href":"https:\/\/suplever.com\/index.php?rest_route=%2Fwp%2Fv2%2Fpwb-brand&post=1571"},{"taxonomy":"product_brand","embeddable":true,"href":"https:\/\/suplever.com\/index.php?rest_route=%2Fwp%2Fv2%2Fproduct_brand&post=1571"},{"taxonomy":"product_cat","embeddable":true,"href":"https:\/\/suplever.com\/index.php?rest_route=%2Fwp%2Fv2%2Fproduct_cat&post=1571"},{"taxonomy":"product_tag","embeddable":true,"href":"https:\/\/suplever.com\/index.php?rest_route=%2Fwp%2Fv2%2Fproduct_tag&post=1571"}],"curies":[{"name":"wp","href":"https:\/\/api.w.org\/{rel}","templated":true}]}}