{"id":1581,"date":"2023-09-16T01:03:06","date_gmt":"2023-09-16T01:03:06","guid":{"rendered":"https:\/\/suplever.com\/?post_type=product&#038;p=1581"},"modified":"2025-08-02T17:52:52","modified_gmt":"2025-08-02T17:52:52","slug":"king-mass-15lb","status":"publish","type":"product","link":"https:\/\/suplever.com\/?product=king-mass-15lb","title":{"rendered":"King Mass XL 15lb"},"content":{"rendered":"<p>King Mass XL \u2122 contiene una enorme cantidad de 60 g de prote\u00edna por porci\u00f3n para ayudar a mantener tus m\u00fasculos alimentados y en estado anab\u00f3lico.<\/p>\n<p>Los ganadores de peso o \u201cMass Gainers\u201d, son complementos alimenticios formados por una mezcla de carbohidratos, prote\u00ednas y grasas que aportan una cantidad elevada de calor\u00edas. El objetivo principal de estos suplementos es aumentar el peso corporal en aquellas personas que son incapaces de consumir las calor\u00edas necesarias, ya sea por incapacidad para ingerir los alimentos o por el deseo de un aporte cal\u00f3rico r\u00e1pido.<\/p>\n<p>King Mass XL te ofrece 1020 calor\u00edas por raci\u00f3n que aceleran el crecimiento, proporcionando 60 g de prote\u00edna de calidad, 186 g de carbohidratos (solo 25 az\u00facares) y grasas saludables. Recuperaci\u00f3n: en tu b\u00fasqueda de una masa gigante, golpear\u00e1s el hierro como una bestia, lo que significa que necesitar\u00e1s una recuperaci\u00f3n gigante. Inundar tus m\u00fasculos con prote\u00ednas, carbohidratos, glutamina y creatina en King Mass XL puede respaldar tu respuesta de insulina, lo que lleva a un mayor almacenamiento de gluc\u00f3geno y recuperaci\u00f3n, prepar\u00e1ndote para tu pr\u00f3ximo entrenamiento brutal.<\/p>\n","protected":false},"excerpt":{"rendered":"<p>King Mass XL te ofrece 1020 calor\u00edas por raci\u00f3n que aceleran el crecimiento, proporcionando 60 g de prote\u00edna de calidad, 186 g de carbohidratos (solo 25 az\u00facares) y grasas saludables. Recuperaci\u00f3n: en tu b\u00fasqueda de una masa gigante, golpear\u00e1s el hierro como una bestia, lo que significa que necesitar\u00e1s una recuperaci\u00f3n gigante. Inundar tus m\u00fasculos con prote\u00ednas, carbohidratos, glutamina y creatina en King Mass XL puede respaldar tu respuesta de insulina, lo que lleva a un mayor almacenamiento de gluc\u00f3geno y recuperaci\u00f3n, prepar\u00e1ndote para tu pr\u00f3ximo entrenamiento brutal.<\/p>\n","protected":false},"featured_media":1583,"template":"","meta":[],"pwb-brand":[78],"product_brand":[],"product_cat":[25],"product_tag":[],"class_list":{"0":"post-1581","1":"product","2":"type-product","3":"status-publish","4":"has-post-thumbnail","6":"pwb-brand-rc","7":"product_cat-ganadores-de-volumen","8":"thunk-woo-product-list","9":"opn-qv-enable","10":"open-woo-hover-zoom","11":"open-single-product-tab-horizontal","12":"open-shadow-","13":"open-shadow-hover-","15":"first","16":"instock","17":"shipping-taxable","18":"purchasable","19":"product-type-simple"},"aioseo_notices":[],"jetpack_sharing_enabled":true,"brands":[{"id":78,"name":"Ronnie Coleman","slug":"rc"}],"_links":{"self":[{"href":"https:\/\/suplever.com\/index.php?rest_route=\/wp\/v2\/product\/1581","targetHints":{"allow":["GET"]}}],"collection":[{"href":"https:\/\/suplever.com\/index.php?rest_route=\/wp\/v2\/product"}],"about":[{"href":"https:\/\/suplever.com\/index.php?rest_route=\/wp\/v2\/types\/product"}],"wp:featuredmedia":[{"embeddable":true,"href":"https:\/\/suplever.com\/index.php?rest_route=\/wp\/v2\/media\/1583"}],"wp:attachment":[{"href":"https:\/\/suplever.com\/index.php?rest_route=%2Fwp%2Fv2%2Fmedia&parent=1581"}],"wp:term":[{"taxonomy":"pwb-brand","embeddable":true,"href":"https:\/\/suplever.com\/index.php?rest_route=%2Fwp%2Fv2%2Fpwb-brand&post=1581"},{"taxonomy":"product_brand","embeddable":true,"href":"https:\/\/suplever.com\/index.php?rest_route=%2Fwp%2Fv2%2Fproduct_brand&post=1581"},{"taxonomy":"product_cat","embeddable":true,"href":"https:\/\/suplever.com\/index.php?rest_route=%2Fwp%2Fv2%2Fproduct_cat&post=1581"},{"taxonomy":"product_tag","embeddable":true,"href":"https:\/\/suplever.com\/index.php?rest_route=%2Fwp%2Fv2%2Fproduct_tag&post=1581"}],"curies":[{"name":"wp","href":"https:\/\/api.w.org\/{rel}","templated":true}]}}