{"id":1586,"date":"2023-09-16T01:11:24","date_gmt":"2023-09-16T01:11:24","guid":{"rendered":"https:\/\/suplever.com\/?post_type=product&#038;p=1586"},"modified":"2024-11-29T01:49:21","modified_gmt":"2024-11-29T01:49:21","slug":"caffeine-200-60caps","status":"publish","type":"product","link":"https:\/\/suplever.com\/?product=caffeine-200-60caps","title":{"rendered":"Caffeine 200 60caps"},"content":{"rendered":"<p>CAFEINE 200 contiene la energ\u00eda de 200 mg de cafe\u00edna pura en una c\u00e1psula l\u00edquida f\u00e1cil de usar, conveniente y de acci\u00f3n r\u00e1pida. La cafe\u00edna ya prelicuada desencadena r\u00e1pidamente una gama de efectos que mejoran el rendimiento. Benef\u00edciese de un aumento notable de energ\u00eda, m\u00e1s resistencia, mayor estado de alerta mental, enfoque elevado, menor tiempo de reacci\u00f3n y fatiga reducida. En cualquier momento que necesite una sacudida r\u00e1pida en el rendimiento mental y f\u00edsico nuestra c\u00e1psula l\u00edquida CAFFEINE ofrece.<\/p>\n<p>Energ\u00eda mejorada: las p\u00edldoras de cafe\u00edna proporcionan energ\u00eda extrema para la fatiga y mejoran el estado de alerta, lo que resulta en una mayor energ\u00eda y concentraci\u00f3n durante todo el d\u00eda. Disfruta de los beneficios de sentirte energizado y motivado con estos potentes potenciadores de alerta.<br \/>\nAumenta la resistencia: estas p\u00edldoras de cafe\u00edna l\u00edquida son una manera conveniente de maximizar la energ\u00eda antes del entrenamiento y aumentar los niveles de resistencia. El consumo de p\u00edldoras de cafe\u00edna antes del entrenamiento estimula el sistema nervioso central, aumentando la concentraci\u00f3n y la energ\u00eda, y permiti\u00e9ndote esforzarte m\u00e1s.<br \/>\nCombate la fatiga: las p\u00edldoras de cafe\u00edna de 200 mg ayudan a tu cuerpo a mantenerse alerta durante per\u00edodos m\u00e1s largos de tiempo, por lo que es m\u00e1s f\u00e1cil combatir la fatiga y mantenerse productivo. Al consumirlo regularmente, puede experimentar mejores niveles de energ\u00eda y un mayor enfoque durante todo el d\u00eda.<br \/>\nEnerg\u00eda instant\u00e1nea: las p\u00edldoras de cafe\u00edna proporcionan una manera r\u00e1pida y f\u00e1cil de obtener un impulso de energ\u00eda, ya sea para un d\u00eda ajetreado en el trabajo o un estudio nocturno. Estas p\u00edldoras de enfoque y energ\u00eda son una excelente manera de obtener la energ\u00eda que necesita de forma r\u00e1pida y c\u00f3moda. \u25cf<br \/>\nAz\u00facar, sin calor\u00edas: este producto est\u00e1 completamente libre de az\u00facar y calor\u00edas, lo que te permite obtener una explosi\u00f3n de energ\u00eda sin ninguna culpa. Proporciona 200 mg de cafe\u00edna.<\/p>\n","protected":false},"excerpt":{"rendered":"<p>CAFEINE 200 contiene la energ\u00eda de 200 mg de cafe\u00edna pura en una c\u00e1psula l\u00edquida f\u00e1cil de usar, conveniente y de acci\u00f3n r\u00e1pida. La cafe\u00edna ya prelicuada desencadena r\u00e1pidamente una gama de efectos que mejoran el rendimiento. Benef\u00edciese de un aumento notable de energ\u00eda, m\u00e1s resistencia, mayor estado de alerta mental, enfoque elevado, menor tiempo de reacci\u00f3n y fatiga reducida. En cualquier momento que necesite una sacudida r\u00e1pida en el rendimiento mental y f\u00edsico nuestra c\u00e1psula l\u00edquida CAFFEINE ofrece.<\/p>\n","protected":false},"featured_media":1588,"template":"","meta":[],"pwb-brand":[80],"product_brand":[],"product_cat":[26,31,124,27],"product_tag":[],"class_list":{"0":"post-1586","1":"product","2":"type-product","3":"status-publish","4":"has-post-thumbnail","6":"pwb-brand-nutrex","7":"product_cat-quemadores-de-grasa","8":"product_cat-aminoacidos-y-mas","9":"product_cat-cafeina","10":"product_cat-pre-entreno","11":"thunk-woo-product-list","12":"opn-qv-enable","13":"open-woo-hover-zoom","14":"open-single-product-tab-horizontal","15":"open-shadow-","16":"open-shadow-hover-","18":"first","19":"instock","20":"shipping-taxable","21":"purchasable","22":"product-type-simple"},"aioseo_notices":[],"jetpack_sharing_enabled":true,"brands":[{"id":80,"name":"Nutrex","slug":"nutrex"}],"_links":{"self":[{"href":"https:\/\/suplever.com\/index.php?rest_route=\/wp\/v2\/product\/1586","targetHints":{"allow":["GET"]}}],"collection":[{"href":"https:\/\/suplever.com\/index.php?rest_route=\/wp\/v2\/product"}],"about":[{"href":"https:\/\/suplever.com\/index.php?rest_route=\/wp\/v2\/types\/product"}],"wp:featuredmedia":[{"embeddable":true,"href":"https:\/\/suplever.com\/index.php?rest_route=\/wp\/v2\/media\/1588"}],"wp:attachment":[{"href":"https:\/\/suplever.com\/index.php?rest_route=%2Fwp%2Fv2%2Fmedia&parent=1586"}],"wp:term":[{"taxonomy":"pwb-brand","embeddable":true,"href":"https:\/\/suplever.com\/index.php?rest_route=%2Fwp%2Fv2%2Fpwb-brand&post=1586"},{"taxonomy":"product_brand","embeddable":true,"href":"https:\/\/suplever.com\/index.php?rest_route=%2Fwp%2Fv2%2Fproduct_brand&post=1586"},{"taxonomy":"product_cat","embeddable":true,"href":"https:\/\/suplever.com\/index.php?rest_route=%2Fwp%2Fv2%2Fproduct_cat&post=1586"},{"taxonomy":"product_tag","embeddable":true,"href":"https:\/\/suplever.com\/index.php?rest_route=%2Fwp%2Fv2%2Fproduct_tag&post=1586"}],"curies":[{"name":"wp","href":"https:\/\/api.w.org\/{rel}","templated":true}]}}