{"id":160,"date":"2022-06-02T02:41:52","date_gmt":"2022-06-02T02:41:52","guid":{"rendered":"https:\/\/suplever.com\/?post_type=product&#038;p=160"},"modified":"2025-06-18T21:13:24","modified_gmt":"2025-06-18T21:13:24","slug":"tst-120-caps","status":"publish","type":"product","link":"https:\/\/suplever.com\/?product=tst-120-caps","title":{"rendered":"TST 120 Caps (Outlet)"},"content":{"rendered":"<p>PRODUCTO OUTLET<br \/>\nCADUCIDAD: 04\/24<br \/>\nEMPAQUE: PERFECTO ESTADO, NUEVO Y SELLADO<br \/>\n*No aplican cambios ni devoluciones.<\/p>\n<p>DEBES TOMAR TST, SI<br \/>\nSi eres una persona que realiza ejercicio o alg\u00fan deporte, o bien si deseas tener un mejor desempe\u00f1o sexual. MuscleFit ha desarrollado TST para todos los hombres que desean mayor fuerza y crear masa muscular. Si realizas pesas, te ayudar\u00e1 a incrementar tu testosterona de manera natural teniendo \u00a1mayor vigor y potencia!<\/p>\n<p>TST<br \/>\nTE OFRECE<br \/>\nUna mayor producci\u00f3n de testosterona, la cual tendr\u00e1 un incremento en tu masa muscular, as\u00ed como mayor fuerza, y resistencia en tu actividad f\u00edsica junto con m\u00e1s energ\u00eda.<\/p>\n<p>Su f\u00f3rmula exclusiva contiene ingredientes nuevos que ning\u00fan otro precursor utiliza.<\/p>\n<p>TST cuenta con ingredientes como tribulus, extracto de shilajit, ginko biloba, arginina, magnesio, zinc y Mucuna Pruriens. Tendr\u00e1s m\u00e1s fuerza y potencia gracias a su f\u00f3rmula exclusiva con cafe\u00edna. Te ayudar\u00e1 a estar m\u00e1s despierto y concentrado en tu actividad f\u00edsica, a la vez que desarrollas masa muscular.<\/p>\n<p>\u00a1M\u00e1s fuerza y vigor con TST!<\/p>\n","protected":false},"excerpt":{"rendered":"<p>DEBES TOMAR TST, SI<br \/>\nSi eres una persona que realiza ejercicio o alg\u00fan deporte, o bien si deseas tener un mejor desempe\u00f1o sexual. MuscleFit ha desarrollado TST para todos los hombres que desean mayor fuerza y crear masa muscular. Si realizas pesas, te ayudar\u00e1 a incrementar tu testosterona de manera natural teniendo \u00a1mayor vigor y potencia!<\/p>\n<p>TST<br \/>\nTE OFRECE<br \/>\nUna mayor producci\u00f3n de testosterona, la cual tendr\u00e1 un incremento en tu masa muscular, as\u00ed como mayor fuerza, y resistencia en tu actividad f\u00edsica junto con m\u00e1s energ\u00eda.<\/p>\n<p>Su f\u00f3rmula exclusiva contiene ingredientes nuevos que ning\u00fan otro precursor utiliza.<\/p>\n<p>TST cuenta con ingredientes como tribulus, extracto de shilajit, ginko biloba, arginina, magnesio, zinc y Mucuna Pruriens. Tendr\u00e1s m\u00e1s fuerza y potencia gracias a su f\u00f3rmula exclusiva con cafe\u00edna. Te ayudar\u00e1 a estar m\u00e1s despierto y concentrado en tu actividad f\u00edsica, a la vez que desarrollas masa muscular.<\/p>\n<p>\u00a1M\u00e1s fuerza y vigor con TST!<\/p>\n","protected":false},"featured_media":161,"template":"","meta":[],"pwb-brand":[82],"product_brand":[],"product_cat":[28,29,220],"product_tag":[],"class_list":{"0":"post-160","1":"product","2":"type-product","3":"status-publish","4":"has-post-thumbnail","6":"pwb-brand-musclefit","7":"product_cat-pro-hormonales","8":"product_cat-multivitaminicos","9":"product_cat-outlet","10":"thunk-woo-product-list","11":"opn-qv-enable","12":"open-woo-hover-zoom","13":"open-single-product-tab-horizontal","14":"open-shadow-","15":"open-shadow-hover-","17":"first","18":"instock","19":"sale","20":"shipping-taxable","21":"purchasable","22":"product-type-simple"},"aioseo_notices":[],"jetpack_sharing_enabled":true,"brands":[{"id":82,"name":"MuscleFit","slug":"musclefit"}],"_links":{"self":[{"href":"https:\/\/suplever.com\/index.php?rest_route=\/wp\/v2\/product\/160","targetHints":{"allow":["GET"]}}],"collection":[{"href":"https:\/\/suplever.com\/index.php?rest_route=\/wp\/v2\/product"}],"about":[{"href":"https:\/\/suplever.com\/index.php?rest_route=\/wp\/v2\/types\/product"}],"wp:featuredmedia":[{"embeddable":true,"href":"https:\/\/suplever.com\/index.php?rest_route=\/wp\/v2\/media\/161"}],"wp:attachment":[{"href":"https:\/\/suplever.com\/index.php?rest_route=%2Fwp%2Fv2%2Fmedia&parent=160"}],"wp:term":[{"taxonomy":"pwb-brand","embeddable":true,"href":"https:\/\/suplever.com\/index.php?rest_route=%2Fwp%2Fv2%2Fpwb-brand&post=160"},{"taxonomy":"product_brand","embeddable":true,"href":"https:\/\/suplever.com\/index.php?rest_route=%2Fwp%2Fv2%2Fproduct_brand&post=160"},{"taxonomy":"product_cat","embeddable":true,"href":"https:\/\/suplever.com\/index.php?rest_route=%2Fwp%2Fv2%2Fproduct_cat&post=160"},{"taxonomy":"product_tag","embeddable":true,"href":"https:\/\/suplever.com\/index.php?rest_route=%2Fwp%2Fv2%2Fproduct_tag&post=160"}],"curies":[{"name":"wp","href":"https:\/\/api.w.org\/{rel}","templated":true}]}}