{"id":164,"date":"2022-06-02T02:47:32","date_gmt":"2022-06-02T02:47:32","guid":{"rendered":"https:\/\/suplever.com\/?post_type=product&#038;p=164"},"modified":"2025-06-18T20:06:23","modified_gmt":"2025-06-18T20:06:23","slug":"hmb-120-caps","status":"publish","type":"product","link":"https:\/\/suplever.com\/?product=hmb-120-caps","title":{"rendered":"HMB 120 Caps (Outlet)"},"content":{"rendered":"<p>PRODUCTO OUTLET<br \/>\nCADUCIDAD: 08\/23<br \/>\nEMPAQUE: PERFECTO ESTADO, NUEVO Y SELLADO<br \/>\n*No aplican cambios ni devoluciones.<\/p>\n<p>DEBES TOMAR HMB, SI<br \/>\nRealizas ejercicio frecuentemente y necesitas una recuperaci\u00f3n r\u00e1pida y extensiva.<\/p>\n<p>HMB (\u00df-hidroxi-\u00df metilbutirato) es un compuesto natural producido en la metabolizaci\u00f3n del amin\u00e1cido leucina (amin\u00e1dico de cadena ramificada BCAAs)<\/p>\n<p>La suplementaci\u00f3n con HMB mantiene y mejora tu composici\u00f3n corporal y rendimiento. Incrementa los niveles de fuerza muscular y facilita la reducci\u00f3n de grasa corporal. Adem\u00e1s, disminuye eficazmente el LDL malo y el colesterol total en personas con colesterol elevado.<\/p>\n<p>El HMB tiene un efecto anticatab\u00f3lico, favoreciendo la s\u00edntesis de prote\u00ednas o la inhibici\u00f3n de la prote\u00f3lisis (degradaci\u00f3n de prote\u00ednas), especialmente cuando el cuerpo es sometido a altas cargas de trabajo o da\u00f1o muscular elevado.<\/p>\n<p>En deportistas de alto rendiemiento, el uso de HMB a largo plazo, induce cambios en la composoci\u00f3n corporal, como: disminuici\u00f3n en niveles de masa grasa y aumentos en niveles de masa magra, especialmente al combinarse con un programa de entrenamiento de fuerza.<\/p>\n<p>MuscleFit ha dise\u00f1ado HMB con ingredientes de primera calidad y asimilaci\u00f3n ultra r\u00e1pida para lograr un mejor desempe\u00f1o.<\/p>\n<p>\u00a1Toma HMB y siente como tus m\u00fasculos se reparan y crecen!<\/p>\n","protected":false},"excerpt":{"rendered":"<p>DEBES TOMAR HMB, SI<br \/>\nRealizas ejercicio frecuentemente y necesitas una recuperaci\u00f3n r\u00e1pida y extensiva.<\/p>\n<p>HMB (\u00df-hidroxi-\u00df metilbutirato) es un compuesto natural producido en la metabolizaci\u00f3n del amin\u00e1cido leucina (amin\u00e1dico de cadena ramificada BCAAs)<\/p>\n<p>La suplementaci\u00f3n con HMB mantiene y mejora tu composici\u00f3n corporal y rendimiento. Incrementa los niveles de fuerza muscular y facilita la reducci\u00f3n de grasa corporal. Adem\u00e1s, disminuye eficazmente el LDL malo y el colesterol total en personas con colesterol elevado.<\/p>\n<p>El HMB tiene un efecto anticatab\u00f3lico, favoreciendo la s\u00edntesis de prote\u00ednas o la inhibici\u00f3n de la prote\u00f3lisis (degradaci\u00f3n de prote\u00ednas), especialmente cuando el cuerpo es sometido a altas cargas de trabajo o da\u00f1o muscular elevado.<\/p>\n<p>En deportistas de alto rendiemiento, el uso de HMB a largo plazo, induce cambios en la composoci\u00f3n corporal, como: disminuici\u00f3n en niveles de masa grasa y aumentos en niveles de masa magra, especialmente al combinarse con un programa de entrenamiento de fuerza.<\/p>\n<p>MuscleFit ha dise\u00f1ado HMB con ingredientes de primera calidad y asimilaci\u00f3n ultra r\u00e1pida para lograr un mejor desempe\u00f1o.<\/p>\n<p>\u00a1Toma HMB y siente como tus m\u00fasculos se reparan y crecen!<\/p>\n","protected":false},"featured_media":165,"template":"","meta":[],"pwb-brand":[82],"product_brand":[],"product_cat":[29,220],"product_tag":[],"class_list":{"0":"post-164","1":"product","2":"type-product","3":"status-publish","4":"has-post-thumbnail","6":"pwb-brand-musclefit","7":"product_cat-multivitaminicos","8":"product_cat-outlet","9":"thunk-woo-product-list","10":"opn-qv-enable","11":"open-woo-hover-zoom","12":"open-single-product-tab-horizontal","13":"open-shadow-","14":"open-shadow-hover-","16":"first","17":"instock","18":"sale","19":"shipping-taxable","20":"purchasable","21":"product-type-simple"},"aioseo_notices":[],"jetpack_sharing_enabled":true,"brands":[{"id":82,"name":"MuscleFit","slug":"musclefit"}],"_links":{"self":[{"href":"https:\/\/suplever.com\/index.php?rest_route=\/wp\/v2\/product\/164","targetHints":{"allow":["GET"]}}],"collection":[{"href":"https:\/\/suplever.com\/index.php?rest_route=\/wp\/v2\/product"}],"about":[{"href":"https:\/\/suplever.com\/index.php?rest_route=\/wp\/v2\/types\/product"}],"wp:featuredmedia":[{"embeddable":true,"href":"https:\/\/suplever.com\/index.php?rest_route=\/wp\/v2\/media\/165"}],"wp:attachment":[{"href":"https:\/\/suplever.com\/index.php?rest_route=%2Fwp%2Fv2%2Fmedia&parent=164"}],"wp:term":[{"taxonomy":"pwb-brand","embeddable":true,"href":"https:\/\/suplever.com\/index.php?rest_route=%2Fwp%2Fv2%2Fpwb-brand&post=164"},{"taxonomy":"product_brand","embeddable":true,"href":"https:\/\/suplever.com\/index.php?rest_route=%2Fwp%2Fv2%2Fproduct_brand&post=164"},{"taxonomy":"product_cat","embeddable":true,"href":"https:\/\/suplever.com\/index.php?rest_route=%2Fwp%2Fv2%2Fproduct_cat&post=164"},{"taxonomy":"product_tag","embeddable":true,"href":"https:\/\/suplever.com\/index.php?rest_route=%2Fwp%2Fv2%2Fproduct_tag&post=164"}],"curies":[{"name":"wp","href":"https:\/\/api.w.org\/{rel}","templated":true}]}}