{"id":1735,"date":"2024-01-01T23:20:34","date_gmt":"2024-01-01T23:20:34","guid":{"rendered":"https:\/\/suplever.com\/?post_type=product&#038;p=1735"},"modified":"2024-11-29T02:10:15","modified_gmt":"2024-11-29T02:10:15","slug":"best-bcaa-bpi-300-gr","status":"publish","type":"product","link":"https:\/\/suplever.com\/?product=best-bcaa-bpi-300-gr","title":{"rendered":"Best BCAA BPI 300 gr"},"content":{"rendered":"<p>BPI Sports ha estado fabricando los productos de amino\u00e1cidos de mejor sabor durante 10 a\u00f1os. Nuestra f\u00f3rmula galardonada, Best BCAA\u2122, est\u00e1 energizada con 5g de amino\u00e1cidos de cadena ramificada (BCAA) y \u00e1cido linoleico conjugado (CLA) para apoyar con crecimiento muscular, p\u00e9rdida de grasa, rendimiento deportivo y recuperaci\u00f3n. Los tres BCAA son leucina, isoleucina y valina. Estos tres amino\u00e1cidos juegan un papel particularmente importante en el crecimiento muscular al estimular la s\u00edntesis de prote\u00ednas y prevenir el catabolismo de prote\u00ednas. Independientemente del objetivo por el que est\u00e9s trabajando, puedes contar con Best BCAA\u2122 para ayudarte a lograrlo. La parte m\u00e1s dif\u00edcil ser\u00e1 elegir entre todos los deliciosos sabores.<\/p>\n<p>Principales Beneficios<\/p>\n<p>*CRECIMIENTO MUSCULAR:<br \/>\nLos amino\u00e1cidos de cadena ramificada (BCAA) son componentes b\u00e1sicos de las prote\u00ednas. Y como tales, juegan un papel integral en el crecimiento, mantenimiento y reparaci\u00f3n del m\u00fasculo.<br \/>\n*P\u00c9RDIDA DE PESO:<br \/>\nBest BCAA\u2122 contiene una matriz de \u00e1cido linoleico conjugado (CLA). El CLA ayuda al apoyar en el crecimiento muscular, lo que acelera el metabolismo y puede ayudar a prevenir el almacenamiento de grasa.<br \/>\n*DESEMPE\u00d1O:<br \/>\nNuestro potente polvo de BCAA aumenta los niveles de resistencia para mejorar el rendimiento atl\u00e9tico, en el campo, en la cancha o en el gym.<br \/>\n*RECUPERACI\u00d3N:<br \/>\nLos BCAA ayudan a reparar y reconstruir los m\u00fasculos lo que ayuda en la recuperaci\u00f3n posterior al entrenamiento. Esto puede ayudar a reducir el dolor.<\/p>\n<p>Los amino\u00e1cidos de cadena ramificada (BCAA) son los componentes b\u00e1sicos de las prote\u00ednas y, por lo tanto, del m\u00fasculo. Suplementarse con nuestra f\u00f3rmula n\u00famero uno en ventas, Best BCAA\u2122, puede ayudarte a aumentar el tama\u00f1o de los m\u00fasculos, prevenir la p\u00e9rdida de masa muscular, mejorar el rendimiento en el gym e incluso perder peso.<\/p>\n<p>SOPORTE PARA DESARROLLO MUSCULAR<br \/>\nLos BCAA no solo apoyan al crecimiento muscular, sino que tambi\u00e9n te ayudan a mantener el m\u00fasculo que ya tienes. Los BCAA son amino\u00e1cidos esenciales, lo que significa que tu cuerpo no los produce por su cuenta. Por lo tanto, debes obtenerlos a trav\u00e9s de suplementos.<\/p>\n<p>PREVIENE EL ALMACENAMIENTO DE GRASA<br \/>\nBest BCAA tambi\u00e9n contiene CLA. Cuando se combina con una dieta y ejercicio adecuado, el CLA puede ayudar a prevenir el almacenamiento de grasa, alentando al cuerpo a quemarla.<\/p>\n<p>MEJORA EL RENDIMIENTO<br \/>\nLos BCAA se utilizan como fuente de energ\u00eda en los m\u00fasculos. Estudios han encontrado que participantes que tomaron BCAA antes de un entrenamiento experimentaron una mayor fuerza y resistencia en comparaci\u00f3n con los que tomaron un placebo.<\/p>\n<p>&nbsp;<\/p>\n","protected":false},"excerpt":{"rendered":"<p>*CRECIMIENTO MUSCULAR:<br \/>\nLos amino\u00e1cidos de cadena ramificada (BCAA) son componentes b\u00e1sicos de las prote\u00ednas. Y como tales, juegan un papel integral en el crecimiento, mantenimiento y reparaci\u00f3n del m\u00fasculo.<br \/>\n*P\u00c9RDIDA DE PESO:<br \/>\nBest BCAA\u2122 contiene una matriz de \u00e1cido linoleico conjugado (CLA). El CLA ayuda al apoyar en el crecimiento muscular, lo que acelera el metabolismo y puede ayudar a prevenir el almacenamiento de grasa.<br \/>\n*DESEMPE\u00d1O:<br \/>\nNuestro potente polvo de BCAA aumenta los niveles de resistencia para mejorar el rendimiento atl\u00e9tico, en el campo, en la cancha o en el gym.<br \/>\n*RECUPERACI\u00d3N:<br \/>\nLos BCAA ayudan a reparar y reconstruir los m\u00fasculos lo que ayuda en la recuperaci\u00f3n posterior al entrenamiento. Esto puede ayudar a reducir el dolor.<\/p>\n","protected":false},"featured_media":1736,"template":"","meta":[],"pwb-brand":[231],"product_brand":[],"product_cat":[31,111],"product_tag":[113,112],"class_list":{"0":"post-1735","1":"product","2":"type-product","3":"status-publish","4":"has-post-thumbnail","6":"pwb-brand-bpi","7":"product_cat-aminoacidos-y-mas","8":"product_cat-bcaa","9":"product_tag-bcaa","10":"product_tag-bcaas","11":"thunk-woo-product-list","12":"opn-qv-enable","13":"open-woo-hover-zoom","14":"open-single-product-tab-horizontal","15":"open-shadow-","16":"open-shadow-hover-","18":"first","19":"instock","20":"shipping-taxable","21":"purchasable","22":"product-type-simple"},"aioseo_notices":[],"jetpack_sharing_enabled":true,"brands":[{"id":231,"name":"Bpi","slug":"bpi"}],"_links":{"self":[{"href":"https:\/\/suplever.com\/index.php?rest_route=\/wp\/v2\/product\/1735","targetHints":{"allow":["GET"]}}],"collection":[{"href":"https:\/\/suplever.com\/index.php?rest_route=\/wp\/v2\/product"}],"about":[{"href":"https:\/\/suplever.com\/index.php?rest_route=\/wp\/v2\/types\/product"}],"wp:featuredmedia":[{"embeddable":true,"href":"https:\/\/suplever.com\/index.php?rest_route=\/wp\/v2\/media\/1736"}],"wp:attachment":[{"href":"https:\/\/suplever.com\/index.php?rest_route=%2Fwp%2Fv2%2Fmedia&parent=1735"}],"wp:term":[{"taxonomy":"pwb-brand","embeddable":true,"href":"https:\/\/suplever.com\/index.php?rest_route=%2Fwp%2Fv2%2Fpwb-brand&post=1735"},{"taxonomy":"product_brand","embeddable":true,"href":"https:\/\/suplever.com\/index.php?rest_route=%2Fwp%2Fv2%2Fproduct_brand&post=1735"},{"taxonomy":"product_cat","embeddable":true,"href":"https:\/\/suplever.com\/index.php?rest_route=%2Fwp%2Fv2%2Fproduct_cat&post=1735"},{"taxonomy":"product_tag","embeddable":true,"href":"https:\/\/suplever.com\/index.php?rest_route=%2Fwp%2Fv2%2Fproduct_tag&post=1735"}],"curies":[{"name":"wp","href":"https:\/\/api.w.org\/{rel}","templated":true}]}}