{"id":1753,"date":"2024-01-01T23:57:29","date_gmt":"2024-01-01T23:57:29","guid":{"rendered":"https:\/\/suplever.com\/?post_type=product&#038;p=1753"},"modified":"2024-11-29T02:10:39","modified_gmt":"2024-11-29T02:10:39","slug":"geear-mutant-372gr","status":"publish","type":"product","link":"https:\/\/suplever.com\/?product=geear-mutant-372gr","title":{"rendered":"GEEAR Mutant 372gr"},"content":{"rendered":"<p>GEAAR MUTANTE<br \/>\n4 g de leucina, electrolitos, agua de coco, sin colorantes ni sabores artificiales, sabor delicioso &#8211; 30 porciones 378 g<br \/>\nSoporta el crecimiento muscular: recuperaci\u00f3n y energ\u00eda, no contiene aglutinantes ni rellenos y es 100% instanciado para la m\u00e1xima solubilidad.<\/p>\n<p>Amino\u00e1cidos 100% veganos fermentados | 0.33 oz EAA + arginina, 0.25 oz BCAA, 0.14 oz de leucina.<\/p>\n<p>Investigaci\u00f3n cl\u00ednica ha demostrado que se necesitan los 9 amino\u00e1cidos esenciales (EAA) m\u00e1s la arginina para desarrollar m\u00fasculo y aumentar la recuperaci\u00f3n. Muy pocos suplementos de EAA contienen arginina, que es un amino\u00e1cido condicionalmente esencial (CEAA) necesario durante el sobreentrenamiento y dieta prolongada, la arginina tambi\u00e9n aumenta la insulina y el \u00f3xido n\u00edtrico, y ayuda a transportar los amino\u00e1cidos al m\u00fasculo. GEAAR se formul\u00f3 con 9.4 gramos de EAA m\u00e1s arginina, 7 gramos de BCAA y 4 gramos de leucina. GEAAR tambi\u00e9n contiene electrolitos naturales para maximizar el rendimiento y no contiene sabores, colores o tintes artificiales. Con m\u00e1s de 10 gramos de ingredientes activos en un servicio, GEAAR es el suplemento de EAA m\u00e1s completo disponible comercialmente.<\/p>\n<p>GEAAR est\u00e1 hecho de amino\u00e1cidos veganos fermentados, sin colorantes sint\u00e9ticos ni sabores artificiales. \u00a1GEAAR usa solo colores y sabores naturales para crear su delicioso sabor!<\/p>\n<p>Cargado de Electrolitos<\/p>\n<p>Existen 7 electrolitos en tu cuerpo (sodio, potasio, cloruro, calcio, magnesio, fosfato y bicarbonato), que intervienen en la contracci\u00f3n de los m\u00fasculos, la regulaci\u00f3n de los niveles de pH y te mantienen hidratado. GEAAR contiene todos los 7 electrolitos provenientes del agua de coco en polvo, de a sal marina, del bisglicinato de magnesio ALBION\u00ae y del AQUAMIN\u00ae, un mineral patentado de algas rojas del oc\u00e9ano profundo que se encuentran en Islandia.<\/p>\n<p>Elecci\u00f3n informada: sustancias prohibidas f\u00f3rmula probada por Informed Choice para m\u00e1s de 200 sustancias prohibidas.<\/p>\n<p>Delicioso sabor | sin colores sint\u00e9ticos, tintes o sabores artificiales. F\u00f3rmula de amino\u00e1cidos esenciales de fuerza cl\u00ednica sin mezclas patentadas.<br \/>\nApoya el crecimiento y la recuperaci\u00f3n muscular<br \/>\nCargado de leucina<br \/>\n9,4 g de EAA + arginina<br \/>\nAumenta los requisitos durante el sobreentrenamiento y la dieta<br \/>\nAumenta la entrega de insulina, \u00f3xido n\u00edtrico y nutrientes<br \/>\n7 g de BCAA (8: 3: 3): la dosis m\u00e1s alta de cualquier EAA<br \/>\nAminos fermentados \/ veganos (micronizados e instant\u00e1neos)<br \/>\n675 mg de electrolitos<br \/>\nContiene los 7 electrolitos que necesita su cuerpo<br \/>\nPolvo de agua de coco<br \/>\nSal marina<br \/>\n210 mg ALBION \u00ae magnesio Bisglicinato (tamponada), 60 mg Magnesio puro elemental<br \/>\nAquamin \u00ae algas rojas Minerales (Patentado)<br \/>\nBioPerine \u00ae (patentado)<br \/>\nAumenta la absorci\u00f3n en un 25% **<br \/>\nMedicamento probado por Informed-Choice para m\u00e1s de 200 sustancias prohibidas<br \/>\nSin colores o sabores sint\u00e9ticos<br \/>\nSin mezclas patentadas<br \/>\n\u00a1Freakin &#8216;Delicious!<br \/>\n30 porciones<\/p>\n","protected":false},"excerpt":{"rendered":"<p>Delicioso sabor | sin colores sint\u00e9ticos, tintes o sabores artificiales. F\u00f3rmula de amino\u00e1cidos esenciales de fuerza cl\u00ednica sin mezclas patentadas.<br \/>\nApoya el crecimiento y la recuperaci\u00f3n muscular<br \/>\nCargado de leucina<br \/>\n9,4 g de EAA + arginina<br \/>\nAumenta los requisitos durante el sobreentrenamiento y la dieta<br \/>\nAumenta la entrega de insulina, \u00f3xido n\u00edtrico y nutrientes<br \/>\n7 g de BCAA (8: 3: 3): la dosis m\u00e1s alta de cualquier EAA<br \/>\nAminos fermentados \/ veganos (micronizados e instant\u00e1neos)<br \/>\n675 mg de electrolitos<br \/>\nContiene los 7 electrolitos que necesita su cuerpo<br \/>\nPolvo de agua de coco<br \/>\nSal marina<br \/>\n210 mg ALBION \u00ae magnesio Bisglicinato (tamponada), 60 mg Magnesio puro elemental<br \/>\nAquamin \u00ae algas rojas Minerales (Patentado)<br \/>\nBioPerine \u00ae (patentado)<br \/>\nAumenta la absorci\u00f3n en un 25% **<br \/>\nMedicamento probado por Informed-Choice para m\u00e1s de 200 sustancias prohibidas<br \/>\nSin colores o sabores sint\u00e9ticos<br \/>\nSin mezclas patentadas<br \/>\n30 porciones<\/p>\n","protected":false},"featured_media":1754,"template":"","meta":[],"pwb-brand":[81],"product_brand":[],"product_cat":[31,95],"product_tag":[97,96,152],"class_list":{"0":"post-1753","1":"product","2":"type-product","3":"status-publish","4":"has-post-thumbnail","6":"pwb-brand-mutant","7":"product_cat-aminoacidos-y-mas","8":"product_cat-aminos","9":"product_tag-aminoacidos","10":"product_tag-aminos","11":"product_tag-mutant","12":"thunk-woo-product-list","13":"opn-qv-enable","14":"open-woo-hover-zoom","15":"open-single-product-tab-horizontal","16":"open-shadow-","17":"open-shadow-hover-","19":"first","20":"instock","21":"shipping-taxable","22":"purchasable","23":"product-type-simple"},"aioseo_notices":[],"jetpack_sharing_enabled":true,"brands":[{"id":81,"name":"Mutant","slug":"mutant"}],"_links":{"self":[{"href":"https:\/\/suplever.com\/index.php?rest_route=\/wp\/v2\/product\/1753","targetHints":{"allow":["GET"]}}],"collection":[{"href":"https:\/\/suplever.com\/index.php?rest_route=\/wp\/v2\/product"}],"about":[{"href":"https:\/\/suplever.com\/index.php?rest_route=\/wp\/v2\/types\/product"}],"wp:featuredmedia":[{"embeddable":true,"href":"https:\/\/suplever.com\/index.php?rest_route=\/wp\/v2\/media\/1754"}],"wp:attachment":[{"href":"https:\/\/suplever.com\/index.php?rest_route=%2Fwp%2Fv2%2Fmedia&parent=1753"}],"wp:term":[{"taxonomy":"pwb-brand","embeddable":true,"href":"https:\/\/suplever.com\/index.php?rest_route=%2Fwp%2Fv2%2Fpwb-brand&post=1753"},{"taxonomy":"product_brand","embeddable":true,"href":"https:\/\/suplever.com\/index.php?rest_route=%2Fwp%2Fv2%2Fproduct_brand&post=1753"},{"taxonomy":"product_cat","embeddable":true,"href":"https:\/\/suplever.com\/index.php?rest_route=%2Fwp%2Fv2%2Fproduct_cat&post=1753"},{"taxonomy":"product_tag","embeddable":true,"href":"https:\/\/suplever.com\/index.php?rest_route=%2Fwp%2Fv2%2Fproduct_tag&post=1753"}],"curies":[{"name":"wp","href":"https:\/\/api.w.org\/{rel}","templated":true}]}}