{"id":1766,"date":"2024-01-02T00:19:12","date_gmt":"2024-01-02T00:19:12","guid":{"rendered":"https:\/\/suplever.com\/?post_type=product&#038;p=1766"},"modified":"2024-11-29T02:11:05","modified_gmt":"2024-11-29T02:11:05","slug":"platimum-100-glutamine-300gr","status":"publish","type":"product","link":"https:\/\/suplever.com\/?product=platimum-100-glutamine-300gr","title":{"rendered":"Platimum 100% Glutamine 300gr"},"content":{"rendered":"<p>\u00a1REPONE R\u00c1PIDAMENTE LA GLUTAMINA QUE SE US\u00d3 DURANTE EL ENTRENAMIENTO!<br \/>\nC\u00d3MO FUNCIONA<br \/>\nLa glutamina es el amino\u00e1cido libre no esencial m\u00e1s abundante en tu cuerpo: m\u00e1s del 20% del total de los amino\u00e1cidos que circulan en tu cuerpo es glutamina. Tus m\u00fasculos son especialmente altos en glutamina, por lo que es extremadamente importante para el metabolismo muscular. Cuando entrenas duro, tus m\u00fasculos pueden perder hasta el 50% de las reservas de glutamina, \u00a1por lo que debes reabastecerlos r\u00e1pidamente!<\/p>\n<p>QUI\u00c9N DEBER\u00cdA USARLO<br \/>\nPlatinum 100% Glutamine, est\u00e1 dise\u00f1ado para todos, desde hombres y mujeres activos y entusiastas del acondicionamiento f\u00edsico hasta atletas de alto rendimiento, levantadores de pesas, crossfitters, culturistas, atletas de resistencia y cualquier persona que busca aumentar su ingesta de glutamina para ayudar a reponer la glutamina en el plasma y apoyar la voluminizaci\u00f3n celular, s\u00edntesis de prote\u00ednas y la reposici\u00f3n de gluc\u00f3geno despu\u00e9s del entrenamiento.<\/p>\n<p>Platinum 100% Glutamine contiene L-glutamina (\u00e1cido 2,5-diamino-5-oxopentanoico), el amino\u00e1cido m\u00e1s abundante en nuestra sangre. Mayor contenido de glutamina en el m\u00fasculo permite que la glutamina suprima la oxidaci\u00f3n (descomposici\u00f3n) de la leucina un amino\u00e1cido de cadena ramificada clave implicado en la s\u00edntesis de prote\u00edna. Dado que el entrenamiento intenso puede agotar las reservas de glutamina, la suplementaci\u00f3n con glutamina de alta calidad puede ayudar a reponer esos niveles de glutamina.<\/p>\n<p>APOYA EL INCREMENTO DEL VOLUMEN CELULAR, LA S\u00cdNTESIS DE PROTE\u00cdNA Y LA REPOSICI\u00d3N DE GLUC\u00d3GENO<br \/>\n\u00a1Un m\u00fasculo volumizado es un m\u00fasculo que est\u00e1 preparado para crecer! La glutamina ayuda a aumentar el volumen celular y la s\u00edntesis de prote\u00edna. La s\u00edntesis de prote\u00edna es la clave para construir m\u00fasculo y recuperarse r\u00e1pidamente despu\u00e9s del entrenamiento. La glutamina tambi\u00e9n ayuda a soportar una mayor reposici\u00f3n de gluc\u00f3geno, un componente clave para apoyar la recuperaci\u00f3n muscular.<\/p>\n<p>\u00a1M\u00c9ZCLALO CON TU BEBIDA FAVORITA!<br \/>\nPlatinum 100% Glutamine no tiene sabor y se mezcla al instante, sin sedimentaciones ni textura arenosa. Esto lo hace perfecto para mezclarse con tu bebida favorita de prote\u00edna, de pre-entreno o de creatina, \u00a1lo que lo convierte en una manera f\u00e1cil de aumentar tus niveles de glutamina mientras disfrutas de tus suplementos saborizados favoritos! Adem\u00e1s, esta f\u00f3rmula no estimulante puede usarse de d\u00eda o de noche.<\/p>\n","protected":false},"excerpt":{"rendered":"<p>Platinum 100% Glutamine contiene L-glutamina (\u00e1cido 2,5-diamino-5-oxopentanoico), el amino\u00e1cido m\u00e1s abundante en nuestra sangre. Mayor contenido de glutamina en el m\u00fasculo permite que la glutamina suprima la oxidaci\u00f3n (descomposici\u00f3n) de la leucina un amino\u00e1cido de cadena ramificada clave implicado en la s\u00edntesis de prote\u00edna. Dado que el entrenamiento intenso puede agotar las reservas de glutamina, la suplementaci\u00f3n con glutamina de alta calidad puede ayudar a reponer esos niveles de glutamina.<\/p>\n","protected":false},"featured_media":1767,"template":"","meta":[],"pwb-brand":[90],"product_brand":[],"product_cat":[31,72],"product_tag":[],"class_list":{"0":"post-1766","1":"product","2":"type-product","3":"status-publish","4":"has-post-thumbnail","6":"pwb-brand-muscletech","7":"product_cat-aminoacidos-y-mas","8":"product_cat-glutamina","9":"thunk-woo-product-list","10":"opn-qv-enable","11":"open-woo-hover-zoom","12":"open-single-product-tab-horizontal","13":"open-shadow-","14":"open-shadow-hover-","16":"first","17":"instock","18":"shipping-taxable","19":"purchasable","20":"product-type-simple"},"aioseo_notices":[],"jetpack_sharing_enabled":true,"brands":[{"id":90,"name":"Muscletech","slug":"muscletech"}],"_links":{"self":[{"href":"https:\/\/suplever.com\/index.php?rest_route=\/wp\/v2\/product\/1766","targetHints":{"allow":["GET"]}}],"collection":[{"href":"https:\/\/suplever.com\/index.php?rest_route=\/wp\/v2\/product"}],"about":[{"href":"https:\/\/suplever.com\/index.php?rest_route=\/wp\/v2\/types\/product"}],"wp:featuredmedia":[{"embeddable":true,"href":"https:\/\/suplever.com\/index.php?rest_route=\/wp\/v2\/media\/1767"}],"wp:attachment":[{"href":"https:\/\/suplever.com\/index.php?rest_route=%2Fwp%2Fv2%2Fmedia&parent=1766"}],"wp:term":[{"taxonomy":"pwb-brand","embeddable":true,"href":"https:\/\/suplever.com\/index.php?rest_route=%2Fwp%2Fv2%2Fpwb-brand&post=1766"},{"taxonomy":"product_brand","embeddable":true,"href":"https:\/\/suplever.com\/index.php?rest_route=%2Fwp%2Fv2%2Fproduct_brand&post=1766"},{"taxonomy":"product_cat","embeddable":true,"href":"https:\/\/suplever.com\/index.php?rest_route=%2Fwp%2Fv2%2Fproduct_cat&post=1766"},{"taxonomy":"product_tag","embeddable":true,"href":"https:\/\/suplever.com\/index.php?rest_route=%2Fwp%2Fv2%2Fproduct_tag&post=1766"}],"curies":[{"name":"wp","href":"https:\/\/api.w.org\/{rel}","templated":true}]}}