{"id":181,"date":"2022-06-02T04:05:29","date_gmt":"2022-06-02T04:05:29","guid":{"rendered":"https:\/\/suplever.com\/?post_type=product&#038;p=181"},"modified":"2024-11-29T01:45:27","modified_gmt":"2024-11-29T01:45:27","slug":"nitraflex-300-gr","status":"publish","type":"product","link":"https:\/\/suplever.com\/?product=nitraflex-300-gr","title":{"rendered":"Nitraflex 300 Gr"},"content":{"rendered":"<p>NUEVO ESTIMULANTE INSTANT\u00c1NEO LISTO PARA TOMAR<br \/>\nVentajas de NITRAFLEX:<br \/>\nAltamente Concentrado<br \/>\nM\u00e1s de 3X de Fuerza<br \/>\nCompuestos Vasoactivos CFB+ Cl\u00ednicamente Estudiados<br \/>\nSabores incre\u00edblemente deliciosos<br \/>\n1 Cucharada de Potencia<br \/>\nNITRAFLEX es una form\u00fala de alta densidad de pre-entrenamiento, clinicamente probada, con potentes ingredientes que ayudan a incrementar la energ\u00eda, concentraci\u00f3n, fuerza, resistencia, bombeos, as\u00ed como a mejorar la Testosterona durante el entrenamiento.*<\/p>\n","protected":false},"excerpt":{"rendered":"<p>NITRAFLEX es una form\u00fala de alta densidad de pre-entrenamiento, clinicamente probada, con potentes ingredientes que ayudan a incrementar la energ\u00eda, concentraci\u00f3n, fuerza, resistencia, bombeos, as\u00ed como a mejorar la Testosterona durante el entrenamiento.*<\/p>\n","protected":false},"featured_media":182,"template":"","meta":[],"pwb-brand":[83],"product_brand":[],"product_cat":[27],"product_tag":[],"class_list":{"0":"post-181","1":"product","2":"type-product","3":"status-publish","4":"has-post-thumbnail","6":"pwb-brand-gat","7":"product_cat-pre-entreno","8":"thunk-woo-product-list","9":"opn-qv-enable","10":"open-woo-hover-zoom","11":"open-single-product-tab-horizontal","12":"open-shadow-","13":"open-shadow-hover-","15":"first","16":"instock","17":"shipping-taxable","18":"purchasable","19":"product-type-simple"},"aioseo_notices":[],"jetpack_sharing_enabled":true,"brands":[{"id":83,"name":"GAT","slug":"gat"}],"_links":{"self":[{"href":"https:\/\/suplever.com\/index.php?rest_route=\/wp\/v2\/product\/181","targetHints":{"allow":["GET"]}}],"collection":[{"href":"https:\/\/suplever.com\/index.php?rest_route=\/wp\/v2\/product"}],"about":[{"href":"https:\/\/suplever.com\/index.php?rest_route=\/wp\/v2\/types\/product"}],"wp:featuredmedia":[{"embeddable":true,"href":"https:\/\/suplever.com\/index.php?rest_route=\/wp\/v2\/media\/182"}],"wp:attachment":[{"href":"https:\/\/suplever.com\/index.php?rest_route=%2Fwp%2Fv2%2Fmedia&parent=181"}],"wp:term":[{"taxonomy":"pwb-brand","embeddable":true,"href":"https:\/\/suplever.com\/index.php?rest_route=%2Fwp%2Fv2%2Fpwb-brand&post=181"},{"taxonomy":"product_brand","embeddable":true,"href":"https:\/\/suplever.com\/index.php?rest_route=%2Fwp%2Fv2%2Fproduct_brand&post=181"},{"taxonomy":"product_cat","embeddable":true,"href":"https:\/\/suplever.com\/index.php?rest_route=%2Fwp%2Fv2%2Fproduct_cat&post=181"},{"taxonomy":"product_tag","embeddable":true,"href":"https:\/\/suplever.com\/index.php?rest_route=%2Fwp%2Fv2%2Fproduct_tag&post=181"}],"curies":[{"name":"wp","href":"https:\/\/api.w.org\/{rel}","templated":true}]}}