{"id":1851,"date":"2024-01-27T16:53:10","date_gmt":"2024-01-27T16:53:10","guid":{"rendered":"https:\/\/suplever.com\/?post_type=product&#038;p=1851"},"modified":"2025-05-29T18:11:05","modified_gmt":"2025-05-29T18:11:05","slug":"creatina-ultra-pure-500gr-bhp","status":"publish","type":"product","link":"https:\/\/suplever.com\/?product=creatina-ultra-pure-500gr-bhp","title":{"rendered":"Creatina Ultra Pure 500gr BHP"},"content":{"rendered":"<p>Creatina monohidratada 100% pura. Obten mayor desarrollo muscular y alta eficacia para resultados extremos.<\/p>\n<p>Creatina Ultra Pure mejora el desempe\u00f1o deportivo, incrementa la energ\u00eda, potencia, fuerza y resistencia. Adem\u00e1s de tener m\u00e1xima calidad y confianza.<br \/>\nObten el rendimiento que permite entrenamientos de alta intensidad, evita el catabolismo, aumenta la s\u00edntesis proteica muscular, r\u00e1pida recuperaci\u00f3n post entrenamiento.<\/p>\n","protected":false},"excerpt":{"rendered":"<p>Creatina monohidratada 100% pura. Obten mayor desarrollo muscular y alta eficacia para resultados extremos.<\/p>\n<p>Creatina Ultra Pure mejora el desempe\u00f1o deportivo, incrementa la energ\u00eda, potencia, fuerza y resistencia. Adem\u00e1s de tener m\u00e1xima calidad y confianza.<br \/>\nObten el rendimiento que permite entrenamientos de alta intensidad, evita el catabolismo, aumenta la s\u00edntesis proteica muscular, r\u00e1pida recuperaci\u00f3n post entrenamiento.<\/p>\n","protected":false},"featured_media":1852,"template":"","meta":[],"pwb-brand":[236],"product_brand":[],"product_cat":[30],"product_tag":[43],"class_list":{"0":"post-1851","1":"product","2":"type-product","3":"status-publish","4":"has-post-thumbnail","6":"pwb-brand-bhp","7":"product_cat-creatina","8":"product_tag-creatina","9":"thunk-woo-product-list","10":"opn-qv-enable","11":"open-woo-hover-zoom","12":"open-single-product-tab-horizontal","13":"open-shadow-","14":"open-shadow-hover-","16":"first","17":"instock","18":"shipping-taxable","19":"purchasable","20":"product-type-simple"},"aioseo_notices":[],"jetpack_sharing_enabled":true,"brands":[{"id":236,"name":"BHP","slug":"bhp"}],"_links":{"self":[{"href":"https:\/\/suplever.com\/index.php?rest_route=\/wp\/v2\/product\/1851","targetHints":{"allow":["GET"]}}],"collection":[{"href":"https:\/\/suplever.com\/index.php?rest_route=\/wp\/v2\/product"}],"about":[{"href":"https:\/\/suplever.com\/index.php?rest_route=\/wp\/v2\/types\/product"}],"wp:featuredmedia":[{"embeddable":true,"href":"https:\/\/suplever.com\/index.php?rest_route=\/wp\/v2\/media\/1852"}],"wp:attachment":[{"href":"https:\/\/suplever.com\/index.php?rest_route=%2Fwp%2Fv2%2Fmedia&parent=1851"}],"wp:term":[{"taxonomy":"pwb-brand","embeddable":true,"href":"https:\/\/suplever.com\/index.php?rest_route=%2Fwp%2Fv2%2Fpwb-brand&post=1851"},{"taxonomy":"product_brand","embeddable":true,"href":"https:\/\/suplever.com\/index.php?rest_route=%2Fwp%2Fv2%2Fproduct_brand&post=1851"},{"taxonomy":"product_cat","embeddable":true,"href":"https:\/\/suplever.com\/index.php?rest_route=%2Fwp%2Fv2%2Fproduct_cat&post=1851"},{"taxonomy":"product_tag","embeddable":true,"href":"https:\/\/suplever.com\/index.php?rest_route=%2Fwp%2Fv2%2Fproduct_tag&post=1851"}],"curies":[{"name":"wp","href":"https:\/\/api.w.org\/{rel}","templated":true}]}}