{"id":189,"date":"2022-06-02T04:12:28","date_gmt":"2022-06-02T04:12:28","guid":{"rendered":"https:\/\/suplever.com\/?post_type=product&#038;p=189"},"modified":"2025-05-27T19:35:06","modified_gmt":"2025-05-27T19:35:06","slug":"psychotic-gold-200-gr","status":"publish","type":"product","link":"https:\/\/suplever.com\/?product=psychotic-gold-200-gr","title":{"rendered":"Psychotic Gold 200 Gr"},"content":{"rendered":"<p>Establecimos el est\u00e1ndar una vez con Psychotic\u2122, dominando la escena del pre-entreno con un producto impecable e impulsando el desarollo de todo lo que deber\u00eda ser el est\u00e1ndar en la industria. Sin embargo, ese est\u00e1ndar no es suficiente para nosotros, buscamos algo mejor; el est\u00e1ndar de oro.<\/p>\n<p>Dicho esto, nos enorgullece presentar la fuente de poder de pre-entrenamiento m\u00e1s reciente proveniente de las profundidades del manicomio, Psychotic Gold\u2122. Esto no es solo una evoluci\u00f3n, es todo lo que Psychotic\u2122 es y m\u00e1s. Para aquellos que buscan el polvo de preentrenamiento estimulante m\u00e1s elitista, no busques m\u00e1s. Experimenta la energ\u00eda y concentraci\u00f3n ilimitadas a medida que diezmas tus relaciones p\u00fablicas en el gym y no sientes l\u00edmites con la f\u00f3rmula que mejora la resistencia. Realiza tus entrenamientos con el nuevo est\u00e1ndar; el est\u00e1ndar Psychotic Gold\u2122.<\/p>\n","protected":false},"excerpt":{"rendered":"<p>Establecimos el est\u00e1ndar una vez con Psychotic\u2122, dominando la escena del pre-entreno con un producto impecable e impulsando el desarollo de todo lo que deber\u00eda ser el est\u00e1ndar en la industria. Sin embargo, ese est\u00e1ndar no es suficiente para nosotros, buscamos algo mejor; el est\u00e1ndar de oro.<\/p>\n<p>Dicho esto, nos enorgullece presentar la fuente de poder de pre-entrenamiento m\u00e1s reciente proveniente de las profundidades del manicomio, Psychotic Gold\u2122. Esto no es solo una evoluci\u00f3n, es todo lo que Psychotic\u2122 es y m\u00e1s. Para aquellos que buscan el polvo de preentrenamiento estimulante m\u00e1s elitista, no busques m\u00e1s. Experimenta la energ\u00eda y concentraci\u00f3n ilimitadas a medida que diezmas tus relaciones p\u00fablicas en el gym y no sientes l\u00edmites con la f\u00f3rmula que mejora la resistencia. Realiza tus entrenamientos con el nuevo est\u00e1ndar; el est\u00e1ndar Psychotic Gold\u2122.<\/p>\n","protected":false},"featured_media":190,"template":"","meta":[],"pwb-brand":[79],"product_brand":[],"product_cat":[27],"product_tag":[41,109],"class_list":{"0":"post-189","1":"product","2":"type-product","3":"status-publish","4":"has-post-thumbnail","6":"pwb-brand-insane-labz","7":"product_cat-pre-entreno","8":"product_tag-fuerza","9":"product_tag-rendimiento","10":"thunk-woo-product-list","11":"opn-qv-enable","12":"open-woo-hover-zoom","13":"open-single-product-tab-horizontal","14":"open-shadow-","15":"open-shadow-hover-","17":"first","18":"outofstock","19":"shipping-taxable","20":"purchasable","21":"product-type-simple"},"aioseo_notices":[],"jetpack_sharing_enabled":true,"brands":[{"id":79,"name":"Insane labz","slug":"insane-labz"}],"_links":{"self":[{"href":"https:\/\/suplever.com\/index.php?rest_route=\/wp\/v2\/product\/189","targetHints":{"allow":["GET"]}}],"collection":[{"href":"https:\/\/suplever.com\/index.php?rest_route=\/wp\/v2\/product"}],"about":[{"href":"https:\/\/suplever.com\/index.php?rest_route=\/wp\/v2\/types\/product"}],"wp:featuredmedia":[{"embeddable":true,"href":"https:\/\/suplever.com\/index.php?rest_route=\/wp\/v2\/media\/190"}],"wp:attachment":[{"href":"https:\/\/suplever.com\/index.php?rest_route=%2Fwp%2Fv2%2Fmedia&parent=189"}],"wp:term":[{"taxonomy":"pwb-brand","embeddable":true,"href":"https:\/\/suplever.com\/index.php?rest_route=%2Fwp%2Fv2%2Fpwb-brand&post=189"},{"taxonomy":"product_brand","embeddable":true,"href":"https:\/\/suplever.com\/index.php?rest_route=%2Fwp%2Fv2%2Fproduct_brand&post=189"},{"taxonomy":"product_cat","embeddable":true,"href":"https:\/\/suplever.com\/index.php?rest_route=%2Fwp%2Fv2%2Fproduct_cat&post=189"},{"taxonomy":"product_tag","embeddable":true,"href":"https:\/\/suplever.com\/index.php?rest_route=%2Fwp%2Fv2%2Fproduct_tag&post=189"}],"curies":[{"name":"wp","href":"https:\/\/api.w.org\/{rel}","templated":true}]}}