{"id":193,"date":"2022-06-02T04:16:28","date_gmt":"2022-06-02T04:16:28","guid":{"rendered":"https:\/\/suplever.com\/?post_type=product&#038;p=193"},"modified":"2024-11-29T01:46:47","modified_gmt":"2024-11-29T01:46:47","slug":"the-curse-250-gr","status":"publish","type":"product","link":"https:\/\/suplever.com\/?product=the-curse-250-gr","title":{"rendered":"The Curse 250 Gr"},"content":{"rendered":"<p>Cuando The Curse! entre en acci\u00f3n, nada se interpondr\u00e1 en tu camino. Energ\u00eda insana, fuerza salvaje, enormes bombeos musculares y un enfoque mental de visi\u00f3n de t\u00fanel. The Curse! te empuja m\u00e1s all\u00e1 de los l\u00edmites de la resistencia humana normal y te deja gritando por m\u00e1s.<\/p>\n<p>\u00a1Tus entrenamientos nunca seran los mismos otra vez!<br \/>\nLibera tu verdadero potencial con el poder sobrenatural de The Curse!<\/p>\n<p>The Curse! es uno de los productos energ\u00e9ticos de pre entreno m\u00e1s potentes y alucinantes del planeta actualmente.<\/p>\n<p>Energ\u00eda insana<br \/>\nEnfoque mental extremo<br \/>\nEnormes bombeos musculares<br \/>\nSabe genial<\/p>\n","protected":false},"excerpt":{"rendered":"<p>The Curse! es uno de los productos energ\u00e9ticos de pre entreno m\u00e1s potentes y alucinantes del planeta actualmente.<\/p>\n<p>Energ\u00eda insana<br \/>\nEnfoque mental extremo<br \/>\nEnormes bombeos musculares<br \/>\nSabe genial<\/p>\n","protected":false},"featured_media":194,"template":"","meta":[],"pwb-brand":[86],"product_brand":[],"product_cat":[27],"product_tag":[],"class_list":{"0":"post-193","1":"product","2":"type-product","3":"status-publish","4":"has-post-thumbnail","6":"pwb-brand-jnx-sports","7":"product_cat-pre-entreno","8":"thunk-woo-product-list","9":"opn-qv-enable","10":"open-woo-hover-zoom","11":"open-single-product-tab-horizontal","12":"open-shadow-","13":"open-shadow-hover-","15":"first","16":"instock","17":"shipping-taxable","18":"purchasable","19":"product-type-simple"},"aioseo_notices":[],"jetpack_sharing_enabled":true,"brands":[{"id":86,"name":"JNX Sports","slug":"jnx-sports"}],"_links":{"self":[{"href":"https:\/\/suplever.com\/index.php?rest_route=\/wp\/v2\/product\/193","targetHints":{"allow":["GET"]}}],"collection":[{"href":"https:\/\/suplever.com\/index.php?rest_route=\/wp\/v2\/product"}],"about":[{"href":"https:\/\/suplever.com\/index.php?rest_route=\/wp\/v2\/types\/product"}],"wp:featuredmedia":[{"embeddable":true,"href":"https:\/\/suplever.com\/index.php?rest_route=\/wp\/v2\/media\/194"}],"wp:attachment":[{"href":"https:\/\/suplever.com\/index.php?rest_route=%2Fwp%2Fv2%2Fmedia&parent=193"}],"wp:term":[{"taxonomy":"pwb-brand","embeddable":true,"href":"https:\/\/suplever.com\/index.php?rest_route=%2Fwp%2Fv2%2Fpwb-brand&post=193"},{"taxonomy":"product_brand","embeddable":true,"href":"https:\/\/suplever.com\/index.php?rest_route=%2Fwp%2Fv2%2Fproduct_brand&post=193"},{"taxonomy":"product_cat","embeddable":true,"href":"https:\/\/suplever.com\/index.php?rest_route=%2Fwp%2Fv2%2Fproduct_cat&post=193"},{"taxonomy":"product_tag","embeddable":true,"href":"https:\/\/suplever.com\/index.php?rest_route=%2Fwp%2Fv2%2Fproduct_tag&post=193"}],"curies":[{"name":"wp","href":"https:\/\/api.w.org\/{rel}","templated":true}]}}