{"id":1934,"date":"2024-05-11T18:40:56","date_gmt":"2024-05-11T18:40:56","guid":{"rendered":"https:\/\/suplever.com\/?post_type=product&#038;p=1934"},"modified":"2025-05-29T18:13:25","modified_gmt":"2025-05-29T18:13:25","slug":"king-mass-xxl-6lb-ronnie-coleman","status":"publish","type":"product","link":"https:\/\/suplever.com\/?product=king-mass-xxl-6lb-ronnie-coleman","title":{"rendered":"King Mass XXL 6lb Ronnie Coleman"},"content":{"rendered":"<p class=\"a-b-r-La\"><strong>THE KING OF THE MASS GAINERS<\/strong> Inundar tus m\u00fasculos con prote\u00ednas y carbohidratos de KING MASS XXL\u2122 aumentar\u00e1 tu insulina, lo que te permitir\u00e1 almacenar y recuperar m\u00e1s GLUC\u00d3GENO y prepararte para tu pr\u00f3ximo entrenamiento brutal.<\/p>\n<p class=\"a-b-r-La\"><strong>INGREDIENTES PRINCIPALES<\/strong> Mezcla de prote\u00ednas de alta calidad para ayudar a desarrollar y mantener masa muscular magra Carbohidratos complejos y simples para impulsar tus entrenamientos y ayudarte en la recuperaci\u00f3n Grasas saludables para una funci\u00f3n corporal \u00f3ptima y desarrollo muscular Creatina: el suplemento eficaz m\u00e1s investigado y demostrado para aumentar la masa muscular<\/p>\n","protected":false},"excerpt":{"rendered":"<p><strong>F\u00d3RMULA TOTALMENTE PROBADA<\/strong> \u00a1En tu b\u00fasqueda de MASA DE TAMA\u00d1O REY, golpear\u00e1s el hierro como una BESTIA! Eso significa que necesitar\u00e1 una RECUPERACI\u00d3N GRANDE. Inundar tus m\u00fasculos con prote\u00ednas y carbohidratos en KING MASS XL\u2122 aumentar\u00e1 tu insulina, lo que conducir\u00e1 a un mayor almacenamiento de GLUC\u00d3GENO y recuperaci\u00f3n, prepar\u00e1ndote para tu pr\u00f3ximo entrenamiento brutal.<\/p>\n","protected":false},"featured_media":1935,"template":"","meta":[],"pwb-brand":[78],"product_brand":[],"product_cat":[25],"product_tag":[39,98,40],"class_list":{"0":"post-1934","1":"product","2":"type-product","3":"status-publish","4":"has-post-thumbnail","6":"pwb-brand-rc","7":"product_cat-ganadores-de-volumen","8":"product_tag-ganador-de-peso","9":"product_tag-rc","10":"product_tag-volumen","11":"thunk-woo-product-list","12":"opn-qv-enable","13":"open-woo-hover-zoom","14":"open-single-product-tab-horizontal","15":"open-shadow-","16":"open-shadow-hover-","18":"first","19":"instock","20":"shipping-taxable","21":"purchasable","22":"product-type-simple"},"aioseo_notices":[],"jetpack_sharing_enabled":true,"brands":[{"id":78,"name":"Ronnie Coleman","slug":"rc"}],"_links":{"self":[{"href":"https:\/\/suplever.com\/index.php?rest_route=\/wp\/v2\/product\/1934","targetHints":{"allow":["GET"]}}],"collection":[{"href":"https:\/\/suplever.com\/index.php?rest_route=\/wp\/v2\/product"}],"about":[{"href":"https:\/\/suplever.com\/index.php?rest_route=\/wp\/v2\/types\/product"}],"wp:featuredmedia":[{"embeddable":true,"href":"https:\/\/suplever.com\/index.php?rest_route=\/wp\/v2\/media\/1935"}],"wp:attachment":[{"href":"https:\/\/suplever.com\/index.php?rest_route=%2Fwp%2Fv2%2Fmedia&parent=1934"}],"wp:term":[{"taxonomy":"pwb-brand","embeddable":true,"href":"https:\/\/suplever.com\/index.php?rest_route=%2Fwp%2Fv2%2Fpwb-brand&post=1934"},{"taxonomy":"product_brand","embeddable":true,"href":"https:\/\/suplever.com\/index.php?rest_route=%2Fwp%2Fv2%2Fproduct_brand&post=1934"},{"taxonomy":"product_cat","embeddable":true,"href":"https:\/\/suplever.com\/index.php?rest_route=%2Fwp%2Fv2%2Fproduct_cat&post=1934"},{"taxonomy":"product_tag","embeddable":true,"href":"https:\/\/suplever.com\/index.php?rest_route=%2Fwp%2Fv2%2Fproduct_tag&post=1934"}],"curies":[{"name":"wp","href":"https:\/\/api.w.org\/{rel}","templated":true}]}}