{"id":1939,"date":"2024-05-11T18:39:29","date_gmt":"2024-05-11T18:39:29","guid":{"rendered":"https:\/\/suplever.com\/?post_type=product&#038;p=1939"},"modified":"2024-11-29T01:59:58","modified_gmt":"2024-11-29T01:59:58","slug":"l-carnitine-90caps-insane-labz","status":"publish","type":"product","link":"https:\/\/suplever.com\/?product=l-carnitine-90caps-insane-labz","title":{"rendered":"L-Carnitine 90caps Insane Labz"},"content":{"rendered":"<p><strong>L CARNITINA 90 Capsulas<\/strong><\/p>\n<p>Desarrollar masa muscular magra est\u00e1 en la parte superior de la lista para todos los asistentes al gimnasio. L-Carnitina transporta los \u00e1cidos grasos de los alimentos a las mitocondrias; esos \u00e1cidos se convierten luego en energ\u00eda. Este proceso es esencial para desarrollar su metabolismo y permitir que su cuerpo desarrolle m\u00fasculo magro durante los entrenamientos. \u00a1Este amino\u00e1cido no estimulante se puede agregar a su pre-entrenamiento favorito de Insane Labz o en las ma\u00f1anas con el desayuno, o tomarlo en cualquier momento del d\u00eda! La dosis recomendada de L-Carnitina es de 2 a 4 g al d\u00eda, dividida en dos o tres tomas iguales. Al complementar la ingesta de L-Carnitina, considere todas las fuentes diet\u00e9ticas y complementarias.<\/p>\n<p>La L-Carnitina \u201cayuda\u201d a quemar la grasa corporal transportando los \u00e1cidos grasos hasta el interior de la mitocondria (la c\u00e9lula) para su uso como energ\u00eda. Por tanto la L-Carnitina no quema grasa pero si ayuda a su aprovechamiento como energ\u00eda, comparada con un termog\u00e9nico la L-Carnitina es muy lenta.<\/p>\n","protected":false},"excerpt":{"rendered":"<p>-750 mg\/c\u00e1psula | 1 c\u00e1psula\/porci\u00f3n | 90 C\u00e1psulas\/Btl<br \/>\n-Apoya el metabolismo<br \/>\n-Promueve la recuperaci\u00f3n<br \/>\n-Promueve la energ\u00eda y la claridad mental<\/p>\n","protected":false},"featured_media":1940,"template":"","meta":[],"pwb-brand":[79],"product_brand":[],"product_cat":[26,31,77],"product_tag":[53,51],"class_list":{"0":"post-1939","1":"product","2":"type-product","3":"status-publish","4":"has-post-thumbnail","6":"pwb-brand-insane-labz","7":"product_cat-quemadores-de-grasa","8":"product_cat-aminoacidos-y-mas","9":"product_cat-carnitina","10":"product_tag-l-carnitina","11":"product_tag-quemador","12":"thunk-woo-product-list","13":"opn-qv-enable","14":"open-woo-hover-zoom","15":"open-single-product-tab-horizontal","16":"open-shadow-","17":"open-shadow-hover-","19":"first","20":"instock","21":"shipping-taxable","22":"purchasable","23":"product-type-simple"},"aioseo_notices":[],"jetpack_sharing_enabled":true,"brands":[{"id":79,"name":"Insane labz","slug":"insane-labz"}],"_links":{"self":[{"href":"https:\/\/suplever.com\/index.php?rest_route=\/wp\/v2\/product\/1939","targetHints":{"allow":["GET"]}}],"collection":[{"href":"https:\/\/suplever.com\/index.php?rest_route=\/wp\/v2\/product"}],"about":[{"href":"https:\/\/suplever.com\/index.php?rest_route=\/wp\/v2\/types\/product"}],"wp:featuredmedia":[{"embeddable":true,"href":"https:\/\/suplever.com\/index.php?rest_route=\/wp\/v2\/media\/1940"}],"wp:attachment":[{"href":"https:\/\/suplever.com\/index.php?rest_route=%2Fwp%2Fv2%2Fmedia&parent=1939"}],"wp:term":[{"taxonomy":"pwb-brand","embeddable":true,"href":"https:\/\/suplever.com\/index.php?rest_route=%2Fwp%2Fv2%2Fpwb-brand&post=1939"},{"taxonomy":"product_brand","embeddable":true,"href":"https:\/\/suplever.com\/index.php?rest_route=%2Fwp%2Fv2%2Fproduct_brand&post=1939"},{"taxonomy":"product_cat","embeddable":true,"href":"https:\/\/suplever.com\/index.php?rest_route=%2Fwp%2Fv2%2Fproduct_cat&post=1939"},{"taxonomy":"product_tag","embeddable":true,"href":"https:\/\/suplever.com\/index.php?rest_route=%2Fwp%2Fv2%2Fproduct_tag&post=1939"}],"curies":[{"name":"wp","href":"https:\/\/api.w.org\/{rel}","templated":true}]}}