{"id":1948,"date":"2024-05-11T18:49:44","date_gmt":"2024-05-11T18:49:44","guid":{"rendered":"https:\/\/suplever.com\/?post_type=product&#038;p=1948"},"modified":"2024-05-11T18:49:44","modified_gmt":"2024-05-11T18:49:44","slug":"anabolic-peak-muscle-mass-6lbs-inner-armour","status":"publish","type":"product","link":"https:\/\/suplever.com\/?product=anabolic-peak-muscle-mass-6lbs-inner-armour","title":{"rendered":"Anabolic Peak Muscle Mass 6lbs INNER ARMOUR"},"content":{"rendered":"<p>Anabolic Peak Muscle Mass<\/p>\n<p>Anabolic Peak es una f\u00f3rmula proteica altamente concentrada, contiene una mezcla de amino\u00e1cidos rica en glutamina y amino\u00e1cidos ramificados los cuales proporcionar\u00e1n una r\u00e1pida recuperaci\u00f3n y m\u00e1ximo crecimiento muscular. Adem\u00e1s, es altamente energ\u00e9tica, especial para personas con un metabolismo acelerado.<\/p>\n<p>\u2022 Proporciona energ\u00eda para conseguir un balance positivo de calor\u00edas y aumentar el peso corporal.<br \/>\n\u2022 Reduce el catabolismo causado por el entrenamiento y recupera los dep\u00f3sitos de gluc\u00f3geno.<br \/>\n\u2022 Favorece el anabolismo, estimula la s\u00edntesis proteica y acelera la recuperaci\u00f3n muscular.<\/p>\n","protected":false},"excerpt":{"rendered":"<p>-60g de Proteina<br \/>\n-1330 Calorias<br \/>\n-262g de Carbohidratos<br \/>\n-15g de Bcaa<br \/>\n-9g de Leucina<\/p>\n","protected":false},"featured_media":1949,"template":"","meta":[],"pwb-brand":[237],"product_brand":[],"product_cat":[25],"product_tag":[39,23,40],"class_list":{"0":"post-1948","1":"product","2":"type-product","3":"status-publish","4":"has-post-thumbnail","6":"pwb-brand-inner-armour","7":"product_cat-ganadores-de-volumen","8":"product_tag-ganador-de-peso","9":"product_tag-proteina","10":"product_tag-volumen","11":"thunk-woo-product-list","12":"opn-qv-enable","13":"open-woo-hover-zoom","14":"open-single-product-tab-horizontal","15":"open-shadow-","16":"open-shadow-hover-","18":"first","19":"instock","20":"shipping-taxable","21":"purchasable","22":"product-type-simple"},"aioseo_notices":[],"jetpack_sharing_enabled":true,"brands":[{"id":237,"name":"Inner Armour","slug":"inner-armour"}],"_links":{"self":[{"href":"https:\/\/suplever.com\/index.php?rest_route=\/wp\/v2\/product\/1948","targetHints":{"allow":["GET"]}}],"collection":[{"href":"https:\/\/suplever.com\/index.php?rest_route=\/wp\/v2\/product"}],"about":[{"href":"https:\/\/suplever.com\/index.php?rest_route=\/wp\/v2\/types\/product"}],"wp:featuredmedia":[{"embeddable":true,"href":"https:\/\/suplever.com\/index.php?rest_route=\/wp\/v2\/media\/1949"}],"wp:attachment":[{"href":"https:\/\/suplever.com\/index.php?rest_route=%2Fwp%2Fv2%2Fmedia&parent=1948"}],"wp:term":[{"taxonomy":"pwb-brand","embeddable":true,"href":"https:\/\/suplever.com\/index.php?rest_route=%2Fwp%2Fv2%2Fpwb-brand&post=1948"},{"taxonomy":"product_brand","embeddable":true,"href":"https:\/\/suplever.com\/index.php?rest_route=%2Fwp%2Fv2%2Fproduct_brand&post=1948"},{"taxonomy":"product_cat","embeddable":true,"href":"https:\/\/suplever.com\/index.php?rest_route=%2Fwp%2Fv2%2Fproduct_cat&post=1948"},{"taxonomy":"product_tag","embeddable":true,"href":"https:\/\/suplever.com\/index.php?rest_route=%2Fwp%2Fv2%2Fproduct_tag&post=1948"}],"curies":[{"name":"wp","href":"https:\/\/api.w.org\/{rel}","templated":true}]}}