{"id":1963,"date":"2024-05-14T01:31:30","date_gmt":"2024-05-14T01:31:30","guid":{"rendered":"https:\/\/suplever.com\/?post_type=product&#038;p=1963"},"modified":"2025-01-21T15:31:16","modified_gmt":"2025-01-21T15:31:16","slug":"isolate-zero-5lb-inner-armour","status":"publish","type":"product","link":"https:\/\/suplever.com\/?product=isolate-zero-5lb-inner-armour","title":{"rendered":"Isolate Zero 5lb INNER ARMOUR"},"content":{"rendered":"<p>ISOLATE ZERO \u2013 \u00a1Para saciar la sed, cargado de prote\u00ednas, para desarrollar m\u00fasculo y Delicioso!<\/p>\n<p>Inner Armor finalmente ha hecho lo incre\u00edble. ISOLATE ZERO re\u00fane un aislado superior 100% de prote\u00edna de suero en una f\u00f3rmula incre\u00edblemente ligera con el mejor sabor que jam\u00e1s hayas tenido en una prote\u00edna.<\/p>\n<p>Cada servicio contiene:<br \/>\n-20 GRAMOS DE PROTE\u00cdNA<br \/>\n-CERO AZ\u00daCAR<br \/>\n-CERO GRASA<br \/>\n-CERO LACTOSA<br \/>\n-CERO SUSTANCIAS PROHIBIDAS<br \/>\n-SIN GLUTEN<br \/>\n-LIBRE DE OGM<\/p>\n<p>\u00bfPor qu\u00e9 aislado de suero?<br \/>\nEl aislado de suero es una de las formas de prote\u00edna m\u00e1s completas disponible porque carece de carbohidratos, grasas y lactosa. El aislado de suero proporciona a los atletas todos los amino\u00e1cidos beneficiosos que necesitan para rendir al m\u00e1ximo. Tambi\u00e9n contiene un alto nivel de leucina, ciste\u00edna y amino\u00e1cidos. La prote\u00edna ideal para construcci\u00f3n y reparaci\u00f3n muscular.<\/p>\n","protected":false},"excerpt":{"rendered":"<p>Cada servicio contiene:<br \/>\n-20 GRAMOS DE PROTE\u00cdNA<br \/>\n-CERO AZ\u00daCAR<br \/>\n-CERO GRASA<br \/>\n-CERO LACTOSA<br \/>\n-CERO SUSTANCIAS PROHIBIDAS<br \/>\n-SIN GLUTEN<br \/>\n-LIBRE DE OGM<\/p>\n","protected":false},"featured_media":1964,"template":"","meta":[],"pwb-brand":[237],"product_brand":[],"product_cat":[20,157,21],"product_tag":[160,23],"class_list":{"0":"post-1963","1":"product","2":"type-product","3":"status-publish","4":"has-post-thumbnail","6":"pwb-brand-inner-armour","7":"product_cat-proteinas","8":"product_cat-iso-protein","9":"product_cat-cero-carbs","10":"product_tag-iso","11":"product_tag-proteina","12":"thunk-woo-product-list","13":"opn-qv-enable","14":"open-woo-hover-zoom","15":"open-single-product-tab-horizontal","16":"open-shadow-","17":"open-shadow-hover-","19":"first","20":"outofstock","21":"shipping-taxable","22":"purchasable","23":"product-type-simple"},"aioseo_notices":[],"jetpack_sharing_enabled":true,"brands":[{"id":237,"name":"Inner Armour","slug":"inner-armour"}],"_links":{"self":[{"href":"https:\/\/suplever.com\/index.php?rest_route=\/wp\/v2\/product\/1963","targetHints":{"allow":["GET"]}}],"collection":[{"href":"https:\/\/suplever.com\/index.php?rest_route=\/wp\/v2\/product"}],"about":[{"href":"https:\/\/suplever.com\/index.php?rest_route=\/wp\/v2\/types\/product"}],"wp:featuredmedia":[{"embeddable":true,"href":"https:\/\/suplever.com\/index.php?rest_route=\/wp\/v2\/media\/1964"}],"wp:attachment":[{"href":"https:\/\/suplever.com\/index.php?rest_route=%2Fwp%2Fv2%2Fmedia&parent=1963"}],"wp:term":[{"taxonomy":"pwb-brand","embeddable":true,"href":"https:\/\/suplever.com\/index.php?rest_route=%2Fwp%2Fv2%2Fpwb-brand&post=1963"},{"taxonomy":"product_brand","embeddable":true,"href":"https:\/\/suplever.com\/index.php?rest_route=%2Fwp%2Fv2%2Fproduct_brand&post=1963"},{"taxonomy":"product_cat","embeddable":true,"href":"https:\/\/suplever.com\/index.php?rest_route=%2Fwp%2Fv2%2Fproduct_cat&post=1963"},{"taxonomy":"product_tag","embeddable":true,"href":"https:\/\/suplever.com\/index.php?rest_route=%2Fwp%2Fv2%2Fproduct_tag&post=1963"}],"curies":[{"name":"wp","href":"https:\/\/api.w.org\/{rel}","templated":true}]}}