{"id":1987,"date":"2024-05-17T00:39:18","date_gmt":"2024-05-17T00:39:18","guid":{"rendered":"https:\/\/suplever.com\/?post_type=product&#038;p=1987"},"modified":"2024-11-29T02:17:05","modified_gmt":"2024-11-29T02:17:05","slug":"vitadapt-complete-90tabs-nutrex","status":"publish","type":"product","link":"https:\/\/suplever.com\/?product=vitadapt-complete-90tabs-nutrex","title":{"rendered":"Vitadapt Complete 90tabs NUTREX"},"content":{"rendered":"<p>VITADAPT es un avanzado multivitam\u00ednico deportivo y un adapt\u00f3geno de rendimiento que los atletas serios han estado pidiendo. Su f\u00f3rmula todo en uno satisface a la perfecci\u00f3n las necesidades de los deportistas sometidos a una gran exigencia f\u00edsica. Cantidades efectivas de vitaminas, minerales y adapt\u00f3genos que protegen tu cuerpo del estr\u00e9s y lo preparan para volverse m\u00e1s fuerte.<\/p>\n<p>Correctamente Dosificado y Altamente Absorbible<br \/>\nLos atletas someten sus cuerpos a un estr\u00e9s f\u00edsico mucho mayor que la gente com\u00fan y, por lo tanto, tienen necesidades \u00fanicas. Requieren un multi adecuadamente dosificado y que aporte todas las vitaminas y minerales no solo en una proporci\u00f3n \u00f3ptima sino, lo que es m\u00e1s importante, en una forma totalmente absorbible. Si no, tu cuerpo no puede utilizarlos y tu producto es ineficaz.<\/p>\n<p>Eliminando Las Conjeturas De Los Multis<br \/>\nVITADAPT elimina las conjeturas sobre las multivitaminas. Garantiza que no habr\u00e1 niveles de nutrientes deficientes en tu cuerpo que podr\u00edan en \u00faltima instancia obstaculizar a tu rendimiento, recuperaci\u00f3n y desarrollo muscular. VITADAPT es f\u00e1cil de tomar, solo un servicio por la ma\u00f1ana y listo.<\/p>\n<p>Benef\u00edciate De Los Adapt\u00f3genos A\u00f1adidos<br \/>\nVITADAPT no solo es un completo multivitam\u00ednico\/mineral deportivo, tambi\u00e9n contiene adapt\u00f3genos como el KSM-66 cl\u00ednicamente probado. Como su nombre indica, los adapt\u00f3genos aumentan la capacidad del cuerpo para adaptarse al estr\u00e9s. Esto significa fuerza mejorada, recuperaci\u00f3n y funci\u00f3n muscular optimizada, as\u00ed como vitalidad general.<\/p>\n<p>Deja de gastar dinero en multivitam\u00ednicos ineficaces y comienza a invertir en un efectivo multivitam\u00ednico deportivo. Uno que te brinda, al atleta que entrena duro, todo lo que necesitas para respaldar y aumentar el rendimiento, la recuperaci\u00f3n y el crecimiento muscular. Compra una botella de VITADAPT hoy.<\/p>\n","protected":false},"excerpt":{"rendered":"<p>VITADAPT es un avanzado multivitam\u00ednico deportivo y un adapt\u00f3geno de rendimiento que los atletas serios han estado pidiendo. Su f\u00f3rmula todo en uno satisface a la perfecci\u00f3n las necesidades de los deportistas sometidos a una gran exigencia f\u00edsica. Cantidades efectivas de vitaminas, minerales y adapt\u00f3genos que protegen tu cuerpo del estr\u00e9s y lo preparan para volverse m\u00e1s fuerte.<\/p>\n<p>Correctamente Dosificado y Altamente Absorbible<br \/>\nLos atletas someten sus cuerpos a un estr\u00e9s f\u00edsico mucho mayor que la gente com\u00fan y, por lo tanto, tienen necesidades \u00fanicas. Requieren un multi adecuadamente dosificado y que aporte todas las vitaminas y minerales no solo en una proporci\u00f3n \u00f3ptima sino, lo que es m\u00e1s importante, en una forma totalmente absorbible. Si no, tu cuerpo no puede utilizarlos y tu producto es ineficaz.<\/p>\n<p>Eliminando Las Conjeturas De Los Multis<br \/>\nVITADAPT elimina las conjeturas sobre las multivitaminas. Garantiza que no habr\u00e1 niveles de nutrientes deficientes en tu cuerpo que podr\u00edan en \u00faltima instancia obstaculizar a tu rendimiento, recuperaci\u00f3n y desarrollo muscular. VITADAPT es f\u00e1cil de tomar, solo un servicio por la ma\u00f1ana y listo.<\/p>\n<p>Benef\u00edciate De Los Adapt\u00f3genos A\u00f1adidos<br \/>\nVITADAPT no solo es un completo multivitam\u00ednico\/mineral deportivo, tambi\u00e9n contiene adapt\u00f3genos como el KSM-66 cl\u00ednicamente probado. Como su nombre indica, los adapt\u00f3genos aumentan la capacidad del cuerpo para adaptarse al estr\u00e9s. Esto significa fuerza mejorada, recuperaci\u00f3n y funci\u00f3n muscular optimizada, as\u00ed como vitalidad general.<\/p>\n<p>Deja de gastar dinero en multivitam\u00ednicos ineficaces y comienza a invertir en un efectivo multivitam\u00ednico deportivo. Uno que te brinda, al atleta que entrena duro, todo lo que necesitas para respaldar y aumentar el rendimiento, la recuperaci\u00f3n y el crecimiento muscular. Compra una botella de VITADAPT hoy.<\/p>\n","protected":false},"featured_media":1988,"template":"","meta":[],"pwb-brand":[80],"product_brand":[],"product_cat":[29],"product_tag":[],"class_list":{"0":"post-1987","1":"product","2":"type-product","3":"status-publish","4":"has-post-thumbnail","6":"pwb-brand-nutrex","7":"product_cat-multivitaminicos","8":"thunk-woo-product-list","9":"opn-qv-enable","10":"open-woo-hover-zoom","11":"open-single-product-tab-horizontal","12":"open-shadow-","13":"open-shadow-hover-","15":"first","16":"instock","17":"shipping-taxable","18":"purchasable","19":"product-type-simple"},"aioseo_notices":[],"jetpack_sharing_enabled":true,"brands":[{"id":80,"name":"Nutrex","slug":"nutrex"}],"_links":{"self":[{"href":"https:\/\/suplever.com\/index.php?rest_route=\/wp\/v2\/product\/1987","targetHints":{"allow":["GET"]}}],"collection":[{"href":"https:\/\/suplever.com\/index.php?rest_route=\/wp\/v2\/product"}],"about":[{"href":"https:\/\/suplever.com\/index.php?rest_route=\/wp\/v2\/types\/product"}],"wp:featuredmedia":[{"embeddable":true,"href":"https:\/\/suplever.com\/index.php?rest_route=\/wp\/v2\/media\/1988"}],"wp:attachment":[{"href":"https:\/\/suplever.com\/index.php?rest_route=%2Fwp%2Fv2%2Fmedia&parent=1987"}],"wp:term":[{"taxonomy":"pwb-brand","embeddable":true,"href":"https:\/\/suplever.com\/index.php?rest_route=%2Fwp%2Fv2%2Fpwb-brand&post=1987"},{"taxonomy":"product_brand","embeddable":true,"href":"https:\/\/suplever.com\/index.php?rest_route=%2Fwp%2Fv2%2Fproduct_brand&post=1987"},{"taxonomy":"product_cat","embeddable":true,"href":"https:\/\/suplever.com\/index.php?rest_route=%2Fwp%2Fv2%2Fproduct_cat&post=1987"},{"taxonomy":"product_tag","embeddable":true,"href":"https:\/\/suplever.com\/index.php?rest_route=%2Fwp%2Fv2%2Fproduct_tag&post=1987"}],"curies":[{"name":"wp","href":"https:\/\/api.w.org\/{rel}","templated":true}]}}