{"id":1991,"date":"2024-05-17T00:50:01","date_gmt":"2024-05-17T00:50:01","guid":{"rendered":"https:\/\/suplever.com\/?post_type=product&#038;p=1991"},"modified":"2024-11-29T01:50:17","modified_gmt":"2024-11-29T01:50:17","slug":"pre-para-ella-190gr-limit-x","status":"publish","type":"product","link":"https:\/\/suplever.com\/?product=pre-para-ella-190gr-limit-x","title":{"rendered":"Pre Para Ella 190gr LIMIT-X"},"content":{"rendered":"<p>ENTRENA COMO BESTIA PARA LUCIR COMO BELLA<br \/>\nF\u00f3rmula pre-entreno dise\u00f1ada especialmente para mujeres, entrena como bestia para lucir como bella. Pre-Para Ella by Limit-X Nutrition te aportar\u00e1 energ\u00eda constante necesaria para rendir durante tu rutina de alta intensidad, ayud\u00e1ndote a lograr tus metas de ejercicio con mayor rapidez. Adem\u00e1s te ayuda a aumentar la fuerza, resistencia y promueve la quema de grasa.<\/p>\n<p>BENEFICIOS E INGREDIENTES<br \/>\nDosificado para evitar el molesto \u00abbaj\u00f3n\u00bb, Pre-Para Ella by Limit-X Nutrition impulsar\u00e1 tus entrenamientos. Cuenta con creatina monohidratada, beta alanina, l-arginina, AKG 2:1 y cafe\u00edna anh\u00eddrida; ingredientes que te brindan los siguientes beneficios:<\/p>\n<p>&#8211; Creatina monohidratada: este compuesto se encarga de facilitar el reciclaje de ATP, un nucle\u00f3tido fundamental en la producci\u00f3n de energ\u00eda. Suplementa la absorci\u00f3n de prote\u00edna por parte del m\u00fasculo, lo cual otorga mayor potencia y resistencia.<br \/>\n&#8211; Beta alanina: este amino\u00e1cido no esencial ayuda en la s\u00edntesis de carnosina. Gracias a esta s\u00edntesis aumenta la fuerza explosiva, incrementa la masa muscular y resistencia f\u00edsica lo cual permite realizar entrenamientos intensivos durante un periodo de tiempo m\u00e1s extenso<br \/>\n&#8211; L-arginina: es un amino\u00e1cido no esencial que el cuerpo produce de forma natural. Utiliz\u00e1ndose como suplementaci\u00f3n, imbuye el cuerpo de energ\u00eda y aporta mayor resistencia.<br \/>\n&#8211; AKG 2:1:1: esta combinaci\u00f3n de arginina permite una absorci\u00f3n m\u00e1s r\u00e1pida y eficiente del amino\u00e1cido. Te puede ayudar a obtener mayor energ\u00eda y a mantener una buena salud en el intestino delgado.<br \/>\n&#8211; Cafe\u00edna anhidra: est\u00e1 cafe\u00edna es de m\u00e1s f\u00e1cil absorci\u00f3n, por lo cual el cuerpo puede aprovechar r\u00e1pidamente sus propiedades. Su principal beneficios es el aporte de energ\u00eda.<\/p>\n<p>30 SERVICIOS + POLVO PARA PREPARAR BEBIDA PRE-ENTRENAMIENTO<\/p>\n","protected":false},"excerpt":{"rendered":"<p>ENTRENA COMO BESTIA PARA LUCIR COMO BELLA<br \/>\nF\u00f3rmula pre-entreno dise\u00f1ada especialmente para mujeres, entrena como bestia para lucir como bella. Pre-Para Ella by Limit-X Nutrition te aportar\u00e1 energ\u00eda constante necesaria para rendir durante tu rutina de alta intensidad, ayud\u00e1ndote a lograr tus metas de ejercicio con mayor rapidez. Adem\u00e1s te ayuda a aumentar la fuerza, resistencia y promueve la quema de grasa.<\/p>\n<p>BENEFICIOS E INGREDIENTES<br \/>\nDosificado para evitar el molesto \u00abbaj\u00f3n\u00bb, Pre-Para Ella by Limit-X Nutrition impulsar\u00e1 tus entrenamientos. Cuenta con creatina monohidratada, beta alanina, l-arginina, AKG 2:1 y cafe\u00edna anh\u00eddrida; ingredientes que te brindan los siguientes beneficios:<\/p>\n<p>&#8211; Creatina monohidratada: este compuesto se encarga de facilitar el reciclaje de ATP, un nucle\u00f3tido fundamental en la producci\u00f3n de energ\u00eda. Suplementa la absorci\u00f3n de prote\u00edna por parte del m\u00fasculo, lo cual otorga mayor potencia y resistencia.<br \/>\n&#8211; Beta alanina: este amino\u00e1cido no esencial ayuda en la s\u00edntesis de carnosina. Gracias a esta s\u00edntesis aumenta la fuerza explosiva, incrementa la masa muscular y resistencia f\u00edsica lo cual permite realizar entrenamientos intensivos durante un periodo de tiempo m\u00e1s extenso<br \/>\n&#8211; L-arginina: es un amino\u00e1cido no esencial que el cuerpo produce de forma natural. Utiliz\u00e1ndose como suplementaci\u00f3n, imbuye el cuerpo de energ\u00eda y aporta mayor resistencia.<br \/>\n&#8211; AKG 2:1:1: esta combinaci\u00f3n de arginina permite una absorci\u00f3n m\u00e1s r\u00e1pida y eficiente del amino\u00e1cido. Te puede ayudar a obtener mayor energ\u00eda y a mantener una buena salud en el intestino delgado.<br \/>\n&#8211; Cafe\u00edna anhidra: est\u00e1 cafe\u00edna es de m\u00e1s f\u00e1cil absorci\u00f3n, por lo cual el cuerpo puede aprovechar r\u00e1pidamente sus propiedades. Su principal beneficios es el aporte de energ\u00eda.<\/p>\n<p>30 SERVICIOS + POLVO PARA PREPARAR BEBIDA PRE-ENTRENAMIENTO<\/p>\n","protected":false},"featured_media":1992,"template":"","meta":[],"pwb-brand":[239],"product_brand":[],"product_cat":[27],"product_tag":[],"class_list":{"0":"post-1991","1":"product","2":"type-product","3":"status-publish","4":"has-post-thumbnail","6":"pwb-brand-limit-x","7":"product_cat-pre-entreno","8":"thunk-woo-product-list","9":"opn-qv-enable","10":"open-woo-hover-zoom","11":"open-single-product-tab-horizontal","12":"open-shadow-","13":"open-shadow-hover-","15":"first","16":"instock","17":"shipping-taxable","18":"purchasable","19":"product-type-simple"},"aioseo_notices":[],"jetpack_sharing_enabled":true,"brands":[{"id":239,"name":"Limit-x","slug":"limit-x"}],"_links":{"self":[{"href":"https:\/\/suplever.com\/index.php?rest_route=\/wp\/v2\/product\/1991","targetHints":{"allow":["GET"]}}],"collection":[{"href":"https:\/\/suplever.com\/index.php?rest_route=\/wp\/v2\/product"}],"about":[{"href":"https:\/\/suplever.com\/index.php?rest_route=\/wp\/v2\/types\/product"}],"wp:featuredmedia":[{"embeddable":true,"href":"https:\/\/suplever.com\/index.php?rest_route=\/wp\/v2\/media\/1992"}],"wp:attachment":[{"href":"https:\/\/suplever.com\/index.php?rest_route=%2Fwp%2Fv2%2Fmedia&parent=1991"}],"wp:term":[{"taxonomy":"pwb-brand","embeddable":true,"href":"https:\/\/suplever.com\/index.php?rest_route=%2Fwp%2Fv2%2Fpwb-brand&post=1991"},{"taxonomy":"product_brand","embeddable":true,"href":"https:\/\/suplever.com\/index.php?rest_route=%2Fwp%2Fv2%2Fproduct_brand&post=1991"},{"taxonomy":"product_cat","embeddable":true,"href":"https:\/\/suplever.com\/index.php?rest_route=%2Fwp%2Fv2%2Fproduct_cat&post=1991"},{"taxonomy":"product_tag","embeddable":true,"href":"https:\/\/suplever.com\/index.php?rest_route=%2Fwp%2Fv2%2Fproduct_tag&post=1991"}],"curies":[{"name":"wp","href":"https:\/\/api.w.org\/{rel}","templated":true}]}}