{"id":1995,"date":"2024-05-17T01:04:43","date_gmt":"2024-05-17T01:04:43","guid":{"rendered":"https:\/\/suplever.com\/?post_type=product&#038;p=1995"},"modified":"2024-11-29T02:00:50","modified_gmt":"2024-11-29T02:00:50","slug":"carnitine-90caps-mutant","status":"publish","type":"product","link":"https:\/\/suplever.com\/?product=carnitine-90caps-mutant","title":{"rendered":"Carnitine 90caps MUTANT"},"content":{"rendered":"<p>MUTANT CARNITINE contiene L-Carnitina de forma estabilizada (L-Carnitina-L-Tartrato) en niveles comprobados (2,250mg por dosis), ademas de BioPerine\u00ae un agente patentado de absorci\u00f3n, haciendo de MUTANT CARNITINE una f\u00f3rmula sobresaliente en su clase. La L-Carnitina tiene muchos usos (potenciaci\u00f3n del \u00f3xido n\u00edtrico, virilidad masculina, recuperaci\u00f3n al ejercicio), pero se toma especialmente para ayudar a transportar la grasa para ser usada como energ\u00eda y asi ayudar a mejorar la composici\u00f3n corporal.<\/p>\n<p>-Nivel comprobado de L-Carnitina<br \/>\n-Potencia Total Insuperable<br \/>\n-Con BioPerine\u00ae a\u00f1adido<br \/>\n-Mejora la Composici\u00f3n Corporal<\/p>\n<p>EXACTAMENTE LO QUE NECESITAS, CUANDO LO NECESITAS<br \/>\nMUTANT CORE SERIES te brinda algunos de los suplementos m\u00e1s probados y efectivos de todos los tiempos. MUTANT te tiene cubierto, ya sea que necesites Glutamina para ayudar en la recuperaci\u00f3n y el crecimiento, o MCT Oil y Carnitine para ayudar a maximizar tu objetivo en p\u00e9rdida de grasa. Esto te permite adaptar y personalizar tu plan para lo que necesitas. Sin desatinadas f\u00f3rmulas, ni mezclas complicadas. Justo lo que necesitas, cuando lo necesitas.<\/p>\n","protected":false},"excerpt":{"rendered":"<p>-Nivel comprobado de L-Carnitina<br \/>\n-Potencia Total Insuperable<br \/>\n-Con BioPerine\u00ae a\u00f1adido<br \/>\n-Mejora la Composici\u00f3n Corporal<\/p>\n","protected":false},"featured_media":1996,"template":"","meta":[],"pwb-brand":[81],"product_brand":[],"product_cat":[26,77],"product_tag":[],"class_list":{"0":"post-1995","1":"product","2":"type-product","3":"status-publish","4":"has-post-thumbnail","6":"pwb-brand-mutant","7":"product_cat-quemadores-de-grasa","8":"product_cat-carnitina","9":"thunk-woo-product-list","10":"opn-qv-enable","11":"open-woo-hover-zoom","12":"open-single-product-tab-horizontal","13":"open-shadow-","14":"open-shadow-hover-","16":"first","17":"instock","18":"shipping-taxable","19":"purchasable","20":"product-type-simple"},"aioseo_notices":[],"jetpack_sharing_enabled":true,"brands":[{"id":81,"name":"Mutant","slug":"mutant"}],"_links":{"self":[{"href":"https:\/\/suplever.com\/index.php?rest_route=\/wp\/v2\/product\/1995","targetHints":{"allow":["GET"]}}],"collection":[{"href":"https:\/\/suplever.com\/index.php?rest_route=\/wp\/v2\/product"}],"about":[{"href":"https:\/\/suplever.com\/index.php?rest_route=\/wp\/v2\/types\/product"}],"wp:featuredmedia":[{"embeddable":true,"href":"https:\/\/suplever.com\/index.php?rest_route=\/wp\/v2\/media\/1996"}],"wp:attachment":[{"href":"https:\/\/suplever.com\/index.php?rest_route=%2Fwp%2Fv2%2Fmedia&parent=1995"}],"wp:term":[{"taxonomy":"pwb-brand","embeddable":true,"href":"https:\/\/suplever.com\/index.php?rest_route=%2Fwp%2Fv2%2Fpwb-brand&post=1995"},{"taxonomy":"product_brand","embeddable":true,"href":"https:\/\/suplever.com\/index.php?rest_route=%2Fwp%2Fv2%2Fproduct_brand&post=1995"},{"taxonomy":"product_cat","embeddable":true,"href":"https:\/\/suplever.com\/index.php?rest_route=%2Fwp%2Fv2%2Fproduct_cat&post=1995"},{"taxonomy":"product_tag","embeddable":true,"href":"https:\/\/suplever.com\/index.php?rest_route=%2Fwp%2Fv2%2Fproduct_tag&post=1995"}],"curies":[{"name":"wp","href":"https:\/\/api.w.org\/{rel}","templated":true}]}}