{"id":2029,"date":"2024-05-29T01:17:46","date_gmt":"2024-05-29T01:17:46","guid":{"rendered":"https:\/\/suplever.com\/?post_type=product&#038;p=2029"},"modified":"2024-11-29T02:17:40","modified_gmt":"2024-11-29T02:17:40","slug":"hmb-1000-120-caps-nutrex","status":"publish","type":"product","link":"https:\/\/suplever.com\/?product=hmb-1000-120-caps-nutrex","title":{"rendered":"HMB 1000 120 Caps Nutrex"},"content":{"rendered":"<p>AUMENTA LA FUERZA Y PROTEGE LAS GANANCIAS CONTRA EL COLAPSO MUSCULAR POR DIETA<br \/>\nReconocido como la piedra angular de la protecci\u00f3n muscular, el HMB (\u03b2-hidroxi \u03b2-metilbutirato) es un potente agente anticatab\u00f3lico dise\u00f1ado por expertos para minimizar la descomposici\u00f3n de las prote\u00ednas musculares, especialmente durante sesiones rigurosas de entrenamiento. HMB 1000 es m\u00e1s que un simple escudo muscular: es un potenciador muscular que te permite superar tus l\u00edmites ya que apoya con la reparaci\u00f3n del tejido muscular y ayuda a prevenir el sobreentrenamiento. Ya sea que vayas al gym 3 o 4 veces por semana o m\u00e1s, HMB puede ayudarte a aumentar tus ganancias musculares y mejorar tus resultados generales de entrenamiento. Toma tu HMB 1000 hoy.<\/p>\n<p>POR QU\u00c9 ES IMPORTANTE LA CALIDAD<br \/>\nCada vez es m\u00e1s importante saber y confiar en lo que est\u00e1s ingiriendo para tu cuerpo. Aqu\u00ed en Nutrex nos enorgullecemos de utilizar \u00fanicamente ingredientes seguros y eficaces en nuestros suplementos.<\/p>\n<p>HMB es un metabolito del amino\u00e1cido esencial m\u00e1s anab\u00f3lico, la leucina.<\/p>\n<p>Reduce la degradaci\u00f3n muscular:<br \/>\nEl HMB (\u03b2-hidroxi \u03b2-metilbutirato) es conocido entre los atletas y culturistas como una herramienta anticatab\u00f3lica. El consumo regular de HMB ayuda a promover un mayor crecimiento muscular al reducir la descomposici\u00f3n de las prote\u00ednas musculares.<\/p>\n<p>Promueve la reparaci\u00f3n del tejido muscular:<br \/>\nCuanto m\u00e1s duro e intenso entrenes, mayores ser\u00e1n los beneficios. El HMB ayuda a la proliferaci\u00f3n de c\u00e9lulas sat\u00e9lite, promoviendo as\u00ed la reparaci\u00f3n del tejido muscular y ayudando a proteger los m\u00fasculos durante el entrenamiento.<\/p>\n<p>Aumenta las ganancias musculares:<br \/>\nEl HMB promueve la s\u00edntesis de prote\u00ednas musculares al estimular el objetivo de la rapamicina en los mam\u00edferos (mTOR), lo que regula el crecimiento y la diferenciaci\u00f3n celular. Adem\u00e1s, estudios muestran que el HMB ayuda a aumentar la secreci\u00f3n de la Hormona de Crecimiento y del factor de Crecimiento 1 de insulina, aumentando a\u00fan m\u00e1s la s\u00edntesis de prote\u00ednas.<br \/>\nHMB 1000 contiene 1000mg de \u03b2-hidroxi \u03b2-metilbutirato activo por servicio. Deber\u00eda estar en la base del plan de recuperaci\u00f3n y desarrollo muscular de cualquier atleta. Si te esfuerzas en el gimnasio 3 o 4 veces o m\u00e1s por semana, definitivamente deber\u00edas tomar HMB para ayudarte a aumentar tu ganancias musculares.<\/p>\n","protected":false},"excerpt":{"rendered":"<p>Reconocido como la piedra angular de la protecci\u00f3n muscular, el HMB (\u03b2-hidroxi \u03b2-metilbutirato) es un potente agente anticatab\u00f3lico dise\u00f1ado por expertos para minimizar la descomposici\u00f3n de las prote\u00ednas musculares, especialmente durante sesiones rigurosas de entrenamiento. HMB 1000 es m\u00e1s que un simple escudo muscular: es un potenciador muscular que te permite superar tus l\u00edmites ya que apoya con la reparaci\u00f3n del tejido muscular y ayuda a prevenir el sobreentrenamiento. Ya sea que vayas al gym 3 o 4 veces por semana o m\u00e1s, HMB puede ayudarte a aumentar tus ganancias musculares y mejorar tus resultados generales de entrenamiento. Toma tu HMB 1000 hoy.<\/p>\n","protected":false},"featured_media":2030,"template":"","meta":[],"pwb-brand":[80],"product_brand":[],"product_cat":[28],"product_tag":[245],"class_list":{"0":"post-2029","1":"product","2":"type-product","3":"status-publish","4":"has-post-thumbnail","6":"pwb-brand-nutrex","7":"product_cat-pro-hormonales","8":"product_tag-hmb","9":"thunk-woo-product-list","10":"opn-qv-enable","11":"open-woo-hover-zoom","12":"open-single-product-tab-horizontal","13":"open-shadow-","14":"open-shadow-hover-","16":"first","17":"instock","18":"shipping-taxable","19":"purchasable","20":"product-type-simple"},"aioseo_notices":[],"jetpack_sharing_enabled":true,"brands":[{"id":80,"name":"Nutrex","slug":"nutrex"}],"_links":{"self":[{"href":"https:\/\/suplever.com\/index.php?rest_route=\/wp\/v2\/product\/2029","targetHints":{"allow":["GET"]}}],"collection":[{"href":"https:\/\/suplever.com\/index.php?rest_route=\/wp\/v2\/product"}],"about":[{"href":"https:\/\/suplever.com\/index.php?rest_route=\/wp\/v2\/types\/product"}],"wp:featuredmedia":[{"embeddable":true,"href":"https:\/\/suplever.com\/index.php?rest_route=\/wp\/v2\/media\/2030"}],"wp:attachment":[{"href":"https:\/\/suplever.com\/index.php?rest_route=%2Fwp%2Fv2%2Fmedia&parent=2029"}],"wp:term":[{"taxonomy":"pwb-brand","embeddable":true,"href":"https:\/\/suplever.com\/index.php?rest_route=%2Fwp%2Fv2%2Fpwb-brand&post=2029"},{"taxonomy":"product_brand","embeddable":true,"href":"https:\/\/suplever.com\/index.php?rest_route=%2Fwp%2Fv2%2Fproduct_brand&post=2029"},{"taxonomy":"product_cat","embeddable":true,"href":"https:\/\/suplever.com\/index.php?rest_route=%2Fwp%2Fv2%2Fproduct_cat&post=2029"},{"taxonomy":"product_tag","embeddable":true,"href":"https:\/\/suplever.com\/index.php?rest_route=%2Fwp%2Fv2%2Fproduct_tag&post=2029"}],"curies":[{"name":"wp","href":"https:\/\/api.w.org\/{rel}","templated":true}]}}