{"id":2033,"date":"2024-05-29T01:22:09","date_gmt":"2024-05-29T01:22:09","guid":{"rendered":"https:\/\/suplever.com\/?post_type=product&#038;p=2033"},"modified":"2025-06-18T21:24:28","modified_gmt":"2025-06-18T21:24:28","slug":"best-aminos-250-gr-bpi","status":"publish","type":"product","link":"https:\/\/suplever.com\/?product=best-aminos-250-gr-bpi","title":{"rendered":"Best Aminos 250 Gr BPI"},"content":{"rendered":"<p>CONSTRUCCI\u00d3N Y RECUPERACI\u00d3N DE M\u00daSCULO MAGRO<br \/>\nBest Aminos \u2122 combina amino\u00e1cidos de cadena ramificada, una matriz de CLA y Glutamina para proporcionarle a su cuerpo el mejor suplemento de recuperaci\u00f3n y construcci\u00f3n de m\u00fasculo magro.<\/p>\n<p>RECUPERACI\u00d3N<br \/>\nTecnolog\u00eda enzim\u00e1tica de oligop\u00e9ptidos (cadena enlazada de leucina, isoleucina y valina) es el primero en su clase en la categor\u00eda de reparaci\u00f3n muscular; act\u00faa como un mejor veh\u00edculo de transporte para una absorci\u00f3n y recuperaci\u00f3n m\u00e1s r\u00e1pidas.<\/p>\n<p>CONSTRUCCI\u00d3N MUSCULAR<br \/>\nBEST AMINOS \u2122 puede ayudar a descomponer la grasa y apoyar el crecimiento muscular.<\/p>\n<p>RENDIMIENTO<br \/>\nAumenta los niveles de resistencia para mejorar el rendimiento atl\u00e9tico general.<\/p>\n<p>CONEXI\u00d3N MENTE \/ M\u00daSCULO<br \/>\nPromueve la sensibilidad a la insulina y la producci\u00f3n de glucosa.<\/p>\n","protected":false},"excerpt":{"rendered":"<p>BEST AMINOS<br \/>\nReparaci\u00f3n Muscular<br \/>\nFuerza, Potencia y Resistencia<br \/>\nPreviene Degradaci\u00f3n Muscular<br \/>\nRecuperaci\u00f3n del Entrenamiento<br \/>\nMatriz CLA 1G<br \/>\nTecnolog\u00eda Oligop\u00e9ptida Enzim\u00e1tica<br \/>\nUna cadena enlazada de amino\u00e1cidos para ayudar a recuperarse m\u00e1s r\u00e1pido, preservar la masa muscular magra y mejorar el rendimiento del ejercicio.<\/p>\n","protected":false},"featured_media":2034,"template":"","meta":[],"pwb-brand":[231],"product_brand":[],"product_cat":[213,31,95],"product_tag":[97],"class_list":{"0":"post-2033","1":"product","2":"type-product","3":"status-publish","4":"has-post-thumbnail","6":"pwb-brand-bpi","7":"product_cat-off-2024","8":"product_cat-aminoacidos-y-mas","9":"product_cat-aminos","10":"product_tag-aminoacidos","11":"thunk-woo-product-list","12":"opn-qv-enable","13":"open-woo-hover-zoom","14":"open-single-product-tab-horizontal","15":"open-shadow-","16":"open-shadow-hover-","18":"first","19":"instock","20":"sale","21":"shipping-taxable","22":"purchasable","23":"product-type-simple"},"aioseo_notices":[],"jetpack_sharing_enabled":true,"brands":[{"id":231,"name":"Bpi","slug":"bpi"}],"_links":{"self":[{"href":"https:\/\/suplever.com\/index.php?rest_route=\/wp\/v2\/product\/2033","targetHints":{"allow":["GET"]}}],"collection":[{"href":"https:\/\/suplever.com\/index.php?rest_route=\/wp\/v2\/product"}],"about":[{"href":"https:\/\/suplever.com\/index.php?rest_route=\/wp\/v2\/types\/product"}],"wp:featuredmedia":[{"embeddable":true,"href":"https:\/\/suplever.com\/index.php?rest_route=\/wp\/v2\/media\/2034"}],"wp:attachment":[{"href":"https:\/\/suplever.com\/index.php?rest_route=%2Fwp%2Fv2%2Fmedia&parent=2033"}],"wp:term":[{"taxonomy":"pwb-brand","embeddable":true,"href":"https:\/\/suplever.com\/index.php?rest_route=%2Fwp%2Fv2%2Fpwb-brand&post=2033"},{"taxonomy":"product_brand","embeddable":true,"href":"https:\/\/suplever.com\/index.php?rest_route=%2Fwp%2Fv2%2Fproduct_brand&post=2033"},{"taxonomy":"product_cat","embeddable":true,"href":"https:\/\/suplever.com\/index.php?rest_route=%2Fwp%2Fv2%2Fproduct_cat&post=2033"},{"taxonomy":"product_tag","embeddable":true,"href":"https:\/\/suplever.com\/index.php?rest_route=%2Fwp%2Fv2%2Fproduct_tag&post=2033"}],"curies":[{"name":"wp","href":"https:\/\/api.w.org\/{rel}","templated":true}]}}