{"id":2038,"date":"2024-05-29T01:30:38","date_gmt":"2024-05-29T01:30:38","guid":{"rendered":"https:\/\/suplever.com\/?post_type=product&#038;p=2038"},"modified":"2025-06-18T18:55:46","modified_gmt":"2025-06-18T18:55:46","slug":"amino-build-593-gr-muscletech","status":"publish","type":"product","link":"https:\/\/suplever.com\/?product=amino-build-593-gr-muscletech","title":{"rendered":"Amino Build 593 Gr Muscletech (Outlet)"},"content":{"rendered":"<p>PRODUCTO OUTLET<br \/>\nCADUCIDAD: 01\/25<br \/>\nEMPAQUE: PERFECTO ESTADO, NUEVO Y SELLADO<br \/>\nPRODUCTO: PUEDE PRESENTAR SOLIDIFICACION<br \/>\n*No aplican cambios ni devoluciones.<\/p>\n<p>De la compa\u00f1\u00eda de suplementos de venta n.\u00ba 1 de Estados Unidos<br \/>\nMUSCLETECH<\/p>\n<p>Dise\u00f1ado con el atleta competitivo en mente, los investigadores de MuscleTech\u00ae han creado una f\u00f3rmula superior de desarrollo muscular dise\u00f1ada para suministrar a su cuerpo los BCAA cr\u00edticos que ayudar\u00e1n a aumentar su fuerza y \u200b\u200bmejorar su recuperaci\u00f3n despu\u00e9s del entrenamiento.<\/p>\n<p>AMINO BUILD contiene:<br \/>\n-F\u00f3rmula de BCAA que mejora el rendimiento<br \/>\n-Sabores naturales<br \/>\n-Suplemento diet\u00e9tico<br \/>\n-Se ha demostrado que aumenta la fuerza en un 40 %\u00b9<br \/>\n-7 g de BCAA<br \/>\n-4 g de leucina<br \/>\n-2,5 g de beta\u00edna<br \/>\n-1 g de taurina<br \/>\n-BCAA y electrolitos que mejoran el rendimiento<\/p>\n<p>Aseg\u00farese de maximizar la recuperaci\u00f3n muscular y el m\u00e1ximo rendimiento con la adici\u00f3n de BCAA a su r\u00e9gimen. Dise\u00f1ado pensando en el atleta competitivo, los investigadores de MuscleTech han creado una f\u00f3rmula superior de BCAA. Amino Build \u00ae es una f\u00f3rmula cient\u00edficamente dosificada para mejorar los m\u00fasculos y el rendimiento, dise\u00f1ada para proporcionar a su cuerpo los BCAA cr\u00edticos que necesita para aumentar su fuerza y apoyar la recuperaci\u00f3n.<\/p>\n","protected":false},"excerpt":{"rendered":"<p>AMINO BUILD contiene:<br \/>\n-F\u00f3rmula de BCAA que mejora el rendimiento<br \/>\n-Sabores naturales<br \/>\n-Suplemento diet\u00e9tico<br \/>\n-Se ha demostrado que aumenta la fuerza en un 40 %\u00b9<br \/>\n-7 g de BCAA<br \/>\n-4 g de leucina<br \/>\n-2,5 g de beta\u00edna<br \/>\n-1 g de taurina<br \/>\n-BCAA y electrolitos que mejoran el rendimiento<\/p>\n","protected":false},"featured_media":2039,"template":"","meta":[],"pwb-brand":[90],"product_brand":[],"product_cat":[31,95,220],"product_tag":[],"class_list":{"0":"post-2038","1":"product","2":"type-product","3":"status-publish","4":"has-post-thumbnail","6":"pwb-brand-muscletech","7":"product_cat-aminoacidos-y-mas","8":"product_cat-aminos","9":"product_cat-outlet","10":"thunk-woo-product-list","11":"opn-qv-enable","12":"open-woo-hover-zoom","13":"open-single-product-tab-horizontal","14":"open-shadow-","15":"open-shadow-hover-","17":"first","18":"instock","19":"sale","20":"shipping-taxable","21":"purchasable","22":"product-type-simple"},"aioseo_notices":[],"jetpack_sharing_enabled":true,"brands":[{"id":90,"name":"Muscletech","slug":"muscletech"}],"_links":{"self":[{"href":"https:\/\/suplever.com\/index.php?rest_route=\/wp\/v2\/product\/2038","targetHints":{"allow":["GET"]}}],"collection":[{"href":"https:\/\/suplever.com\/index.php?rest_route=\/wp\/v2\/product"}],"about":[{"href":"https:\/\/suplever.com\/index.php?rest_route=\/wp\/v2\/types\/product"}],"wp:featuredmedia":[{"embeddable":true,"href":"https:\/\/suplever.com\/index.php?rest_route=\/wp\/v2\/media\/2039"}],"wp:attachment":[{"href":"https:\/\/suplever.com\/index.php?rest_route=%2Fwp%2Fv2%2Fmedia&parent=2038"}],"wp:term":[{"taxonomy":"pwb-brand","embeddable":true,"href":"https:\/\/suplever.com\/index.php?rest_route=%2Fwp%2Fv2%2Fpwb-brand&post=2038"},{"taxonomy":"product_brand","embeddable":true,"href":"https:\/\/suplever.com\/index.php?rest_route=%2Fwp%2Fv2%2Fproduct_brand&post=2038"},{"taxonomy":"product_cat","embeddable":true,"href":"https:\/\/suplever.com\/index.php?rest_route=%2Fwp%2Fv2%2Fproduct_cat&post=2038"},{"taxonomy":"product_tag","embeddable":true,"href":"https:\/\/suplever.com\/index.php?rest_route=%2Fwp%2Fv2%2Fproduct_tag&post=2038"}],"curies":[{"name":"wp","href":"https:\/\/api.w.org\/{rel}","templated":true}]}}