{"id":213,"date":"2022-06-02T04:35:51","date_gmt":"2022-06-02T04:35:51","guid":{"rendered":"https:\/\/suplever.com\/?post_type=product&#038;p=213"},"modified":"2025-06-18T20:05:11","modified_gmt":"2025-06-18T20:05:11","slug":"glam-300-gr","status":"publish","type":"product","link":"https:\/\/suplever.com\/?product=glam-300-gr","title":{"rendered":"Glam 300 Gr (Outlet)"},"content":{"rendered":"<p>PRODUCTO OUTLET<br \/>\nCADUCIDAD: 02\/24<br \/>\nEMPAQUE: PERFECTO ESTADO, NUEVO Y SELLADO<br \/>\nPRODUCTO: Podria o no presentar solidificaciones.<br \/>\n*No aplican cambios ni devoluciones.<\/p>\n<p>DEBES TOMAR GLAM, SI<br \/>\nEres una mujer que realiza cualquier deporte o actividad que requiere de un esfuerzo f\u00edsico y mental. GLAM est\u00e1 dise\u00f1ado exclusivamente para mujeres sin importar su nivel de acondicionamiento.<\/p>\n<p>GLAM<br \/>\nTE OFRECE<br \/>\nGLAM, es nuestro \u00f3xido n\u00edtrico o pre-entrenador. Brinda un mejor desempe\u00f1o f\u00edsico y mental, mayor bombeo de sangre hacia tus m\u00fasculos y cerebro, aumentando el flujo de oxigeno y nutrientes.<\/p>\n<p>MuscleFit ha dise\u00f1ado GLAM para la mujer que busca lo mejor, con ingredientes que trabajan de forma sin\u00e9rgica para mejorar tu desempe\u00f1o f\u00edsico y mental. Siendo el \u00fanico pre-entrenador para mujer que NO da baj\u00f3n.<\/p>\n<p>\u00a1Prueba GLAM y vu\u00e9lvete intensamente glamurosa!<\/p>\n","protected":false},"excerpt":{"rendered":"<p>DEBES TOMAR GLAM, SI<br \/>\nEres una mujer que realiza cualquier deporte o actividad que requiere de un esfuerzo f\u00edsico y mental. GLAM est\u00e1 dise\u00f1ado exclusivamente para mujeres sin importar su nivel de acondicionamiento.<\/p>\n<p>GLAM<br \/>\nTE OFRECE<br \/>\nGLAM, es nuestro \u00f3xido n\u00edtrico o pre-entrenador. Brinda un mejor desempe\u00f1o f\u00edsico y mental, mayor bombeo de sangre hacia tus m\u00fasculos y cerebro, aumentando el flujo de oxigeno y nutrientes.<\/p>\n<p>MuscleFit ha dise\u00f1ado GLAM para la mujer que busca lo mejor, con ingredientes que trabajan de forma sin\u00e9rgica para mejorar tu desempe\u00f1o f\u00edsico y mental. Siendo el \u00fanico pre-entrenador para mujer que NO da baj\u00f3n.<\/p>\n<p>\u00a1Prueba GLAM y vu\u00e9lvete intensamente glamurosa!<\/p>\n","protected":false},"featured_media":214,"template":"","meta":[],"pwb-brand":[82],"product_brand":[],"product_cat":[27,220],"product_tag":[153,109],"class_list":{"0":"post-213","1":"product","2":"type-product","3":"status-publish","4":"has-post-thumbnail","6":"pwb-brand-musclefit","7":"product_cat-pre-entreno","8":"product_cat-outlet","9":"product_tag-musclefit","10":"product_tag-rendimiento","11":"thunk-woo-product-list","12":"opn-qv-enable","13":"open-woo-hover-zoom","14":"open-single-product-tab-horizontal","15":"open-shadow-","16":"open-shadow-hover-","18":"first","19":"instock","20":"sale","21":"shipping-taxable","22":"purchasable","23":"product-type-simple"},"aioseo_notices":[],"jetpack_sharing_enabled":true,"brands":[{"id":82,"name":"MuscleFit","slug":"musclefit"}],"_links":{"self":[{"href":"https:\/\/suplever.com\/index.php?rest_route=\/wp\/v2\/product\/213","targetHints":{"allow":["GET"]}}],"collection":[{"href":"https:\/\/suplever.com\/index.php?rest_route=\/wp\/v2\/product"}],"about":[{"href":"https:\/\/suplever.com\/index.php?rest_route=\/wp\/v2\/types\/product"}],"wp:featuredmedia":[{"embeddable":true,"href":"https:\/\/suplever.com\/index.php?rest_route=\/wp\/v2\/media\/214"}],"wp:attachment":[{"href":"https:\/\/suplever.com\/index.php?rest_route=%2Fwp%2Fv2%2Fmedia&parent=213"}],"wp:term":[{"taxonomy":"pwb-brand","embeddable":true,"href":"https:\/\/suplever.com\/index.php?rest_route=%2Fwp%2Fv2%2Fpwb-brand&post=213"},{"taxonomy":"product_brand","embeddable":true,"href":"https:\/\/suplever.com\/index.php?rest_route=%2Fwp%2Fv2%2Fproduct_brand&post=213"},{"taxonomy":"product_cat","embeddable":true,"href":"https:\/\/suplever.com\/index.php?rest_route=%2Fwp%2Fv2%2Fproduct_cat&post=213"},{"taxonomy":"product_tag","embeddable":true,"href":"https:\/\/suplever.com\/index.php?rest_route=%2Fwp%2Fv2%2Fproduct_tag&post=213"}],"curies":[{"name":"wp","href":"https:\/\/api.w.org\/{rel}","templated":true}]}}