{"id":273,"date":"2022-06-02T20:05:02","date_gmt":"2022-06-02T20:05:02","guid":{"rendered":"https:\/\/suplever.com\/?post_type=product&#038;p=273"},"modified":"2024-11-18T18:50:18","modified_gmt":"2024-11-18T18:50:18","slug":"carnivor-mass-6-lb","status":"publish","type":"product","link":"https:\/\/suplever.com\/?product=carnivor-mass-6-lb","title":{"rendered":"Carnivor Mass 6 Lb"},"content":{"rendered":"<p>Enciende el Anabolismo: \u00a1Prote\u00edna M\u00e1s R\u00e1pida, Carbohidratos M\u00e1s R\u00e1pidos, y con iSpike Para Promover un Explosivo Crecimiento Muscular!<br \/>\nSe necesita m\u00e1s que solo calor\u00edas para ganar masa muscular. Para estimular el r\u00e1pido crecimiento muscular (y no la grasa), se necesitan calor\u00edas y una divisi\u00f3n precisa de nutrientes para crear un ambiente altamente anab\u00f3lico.<\/p>\n<p><span style=\"color: #ff0000;\">CARNIVOR MASS \u2013 SIENTE EL IMPACTO ANAB\u00d3LICO<\/span><br \/>\n<strong>CARNIVOR MASS<\/strong> es el ep\u00edtome de un suplemento de apoyo anab\u00f3lico y es m\u00e1s avanzado que cualquier otro t\u00edpico ganador de masa. Donde los alimentos regulares y los ganadores comunes est\u00e1n limitados en t\u00e9rminos de velocidad de absorci\u00f3n, <strong>CARNIVOR MASS<\/strong> es excelente. Combina aislado de prote\u00edna de carne de res hidrolizado (BPI) \u00fanico y de la mejor categor\u00eda con iSpike\u2122. iSpike y BPI act\u00faan en conjunto para apoyar con un m\u00e1ximo anabolismo muscular mientras minimizan el almacenamiento de grasa. <strong>CARNIVOR MASS<\/strong> es un ganador extremadamente r\u00e1pido, limpio y altamente anab\u00f3lico. Bienvenido a una nueva era en suplementaci\u00f3n de construcci\u00f3n masiva con <strong>CARNIVOR MASS<\/strong>, el ganador de masa r\u00e1pido, limpio y altamente anab\u00f3lico!<\/p>\n<p><strong>50g Aislado de Prote\u00edna de CARNE Hidrolizada<\/strong><br \/>\n<strong>125g de Carbohidratos Reactivos de Alto Impacto<\/strong><br \/>\n<strong>Cargado con Creatina y BCAAs<\/strong><br \/>\n<strong>Sin Az\u00facar<\/strong><br \/>\n<strong>Sin Lactosa<\/strong><br \/>\n<strong>Menos de 2 Gramos de Grasa<\/strong><\/p>\n<p><span style=\"color: #ff0000;\">TIEMPOS IDEALES DE USO<\/span><br \/>\nCon su Aislado de Prote\u00edna de Carne y Tecnolog\u00eda iSpike, <strong>CARNIVOR MASS<\/strong> permite al culturista avanzado lograr una entrega de macronutrientes a alta velocidad en un conveniente producto. CARNIVOR MASS es ideal para consumir:<\/p>\n<p>En el Post-entrenamiento (para maximizar la recuperaci\u00f3n y el crecimiento muscular).<br \/>\nAl despertar por la ma\u00f1ana (para suprimir el catabolismo y promover el anabolismo).<br \/>\nEn cualquier otro momento cuando hayan pasado varias horas desde tu \u00faltima comida.<\/p>\n","protected":false},"excerpt":{"rendered":"<p>CARNIVOR MASS \u2013 SIENTE EL IMPACTO ANAB\u00d3LICO<br \/>\nCARNIVOR MASS es el ep\u00edtome de un suplemento de apoyo anab\u00f3lico y es m\u00e1s avanzado que cualquier otro t\u00edpico ganador de masa. Donde los alimentos regulares y los ganadores comunes est\u00e1n limitados en t\u00e9rminos de velocidad de absorci\u00f3n, CARNIVOR MASS es excelente. Combina aislado de prote\u00edna de carne de res hidrolizado (BPI) \u00fanico y de la mejor categor\u00eda con iSpike\u2122. iSpike y BPI act\u00faan en conjunto para apoyar con un m\u00e1ximo anabolismo muscular mientras minimizan el almacenamiento de grasa. CARNIVOR MASS es un ganador extremadamente r\u00e1pido, limpio y altamente anab\u00f3lico. Bienvenido a una nueva era en suplementaci\u00f3n de construcci\u00f3n masiva con CARNIVOR MASS, el ganador de masa r\u00e1pido, limpio y altamente anab\u00f3lico!<\/p>\n<p>50g Aislado de Prote\u00edna de CARNE Hidrolizada<br \/>\n125g de Carbohidratos Reactivos de Alto Impacto<br \/>\nCargado con Creatina y BCAAs<br \/>\nSin Az\u00facar<br \/>\nSin Lactosa<br \/>\nMenos de 2 Gramos de Grasa<\/p>\n<p>&nbsp;<\/p>\n","protected":false},"featured_media":274,"template":"","meta":[],"pwb-brand":[91],"product_brand":[],"product_cat":[213,25,134],"product_tag":[193,23],"class_list":{"0":"post-273","1":"product","2":"type-product","3":"status-publish","4":"has-post-thumbnail","6":"pwb-brand-musclemeds","7":"product_cat-off-2024","8":"product_cat-ganadores-de-volumen","9":"product_cat-beef-protein","10":"product_tag-musclemeds","11":"product_tag-proteina","12":"thunk-woo-product-list","13":"opn-qv-enable","14":"open-woo-hover-zoom","15":"open-single-product-tab-horizontal","16":"open-shadow-","17":"open-shadow-hover-","19":"first","20":"outofstock","21":"shipping-taxable","22":"purchasable","23":"product-type-simple"},"aioseo_notices":[],"jetpack_sharing_enabled":true,"brands":[{"id":91,"name":"MuscleMeds","slug":"musclemeds"}],"_links":{"self":[{"href":"https:\/\/suplever.com\/index.php?rest_route=\/wp\/v2\/product\/273","targetHints":{"allow":["GET"]}}],"collection":[{"href":"https:\/\/suplever.com\/index.php?rest_route=\/wp\/v2\/product"}],"about":[{"href":"https:\/\/suplever.com\/index.php?rest_route=\/wp\/v2\/types\/product"}],"wp:featuredmedia":[{"embeddable":true,"href":"https:\/\/suplever.com\/index.php?rest_route=\/wp\/v2\/media\/274"}],"wp:attachment":[{"href":"https:\/\/suplever.com\/index.php?rest_route=%2Fwp%2Fv2%2Fmedia&parent=273"}],"wp:term":[{"taxonomy":"pwb-brand","embeddable":true,"href":"https:\/\/suplever.com\/index.php?rest_route=%2Fwp%2Fv2%2Fpwb-brand&post=273"},{"taxonomy":"product_brand","embeddable":true,"href":"https:\/\/suplever.com\/index.php?rest_route=%2Fwp%2Fv2%2Fproduct_brand&post=273"},{"taxonomy":"product_cat","embeddable":true,"href":"https:\/\/suplever.com\/index.php?rest_route=%2Fwp%2Fv2%2Fproduct_cat&post=273"},{"taxonomy":"product_tag","embeddable":true,"href":"https:\/\/suplever.com\/index.php?rest_route=%2Fwp%2Fv2%2Fproduct_tag&post=273"}],"curies":[{"name":"wp","href":"https:\/\/api.w.org\/{rel}","templated":true}]}}