{"id":277,"date":"2022-06-02T20:08:37","date_gmt":"2022-06-02T20:08:37","guid":{"rendered":"https:\/\/suplever.com\/?post_type=product&#038;p=277"},"modified":"2025-06-18T20:03:47","modified_gmt":"2025-06-18T20:03:47","slug":"lipo-6-black-ultra-concentrate-60-caps","status":"publish","type":"product","link":"https:\/\/suplever.com\/?product=lipo-6-black-ultra-concentrate-60-caps","title":{"rendered":"Lipo 6 Black Ultra Concentrate 60 Caps (Outlet)"},"content":{"rendered":"<p>PRODUCTO OUTLET<br \/>\nCADUCIDAD: 03\/25<br \/>\nEMPAQUE: PERFECTO ESTADO, NUEVO Y SELLADO<br \/>\n*No aplican cambios ni devoluciones.<\/p>\n<p>\u00a1SOLO UNA P\u00cdLDORA LO INICIA TODO!<br \/>\nEste es, por mucho, el m\u00e1s potente quemador de grasa LIPO-6 que hayamos lanzado. Es tan fuerte que nunca debes tomar m\u00e1s de una p\u00edldora. Una sola p\u00edldora quema grasa ultra concentrada y s\u00faper potente dise\u00f1ada para ayudar a tu cuerpo a destruir grasa r\u00e1pidamente.<\/p>\n<p>Para ayudar en garantizar que tu dieta y tus objetivos en p\u00e9rdida de peso se conviertan en un gran \u00e9xito, LIPO-6 Black Ultra Concentrate ejerce un efecto poderoso en la supresi\u00f3n del apetito. Adem\u00e1s, enciende una sensaci\u00f3n de energ\u00eda extrema y un estado de alerta que te mantendr\u00e1 en movimiento durante horas. Los potentes ingredientes de LIPO-6 Black Ultra Concentrate est\u00e1n incrustados en c\u00e1psulas l\u00edquidas de r\u00e1pida absorci\u00f3n para asegurar \u00f3ptimos efectos.<\/p>\n<p>Solo una p\u00edldora preparar\u00e1 el escenario para una quema de grasa m\u00e1xima. Ten cuidado: LIPO-6 Black Ultra Concentrate es un producto intenso: Un DESTRUCTOR DE GRASA como ning\u00fan otro.<\/p>\n","protected":false},"excerpt":{"rendered":"<p>\u00a1SOLO UNA P\u00cdLDORA LO INICIA TODO!<br \/>\nEste es, por mucho, el m\u00e1s potente quemador de grasa LIPO-6 que hayamos lanzado. Es tan fuerte que nunca debes tomar m\u00e1s de una p\u00edldora. Una sola p\u00edldora quema grasa ultra concentrada y s\u00faper potente dise\u00f1ada para ayudar a tu cuerpo a destruir grasa r\u00e1pidamente.<\/p>\n<p>Para ayudar en garantizar que tu dieta y tus objetivos en p\u00e9rdida de peso se conviertan en un gran \u00e9xito, LIPO-6 Black Ultra Concentrate ejerce un efecto poderoso en la supresi\u00f3n del apetito. Adem\u00e1s, enciende una sensaci\u00f3n de energ\u00eda extrema y un estado de alerta que te mantendr\u00e1 en movimiento durante horas. Los potentes ingredientes de LIPO-6 Black Ultra Concentrate est\u00e1n incrustados en c\u00e1psulas l\u00edquidas de r\u00e1pida absorci\u00f3n para asegurar \u00f3ptimos efectos.<\/p>\n<p>Solo una p\u00edldora preparar\u00e1 el escenario para una quema de grasa m\u00e1xima. Ten cuidado: LIPO-6 Black Ultra Concentrate es un producto intenso: Un DESTRUCTOR DE GRASA como ning\u00fan otro.<\/p>\n","protected":false},"featured_media":278,"template":"","meta":[],"pwb-brand":[80],"product_brand":[],"product_cat":[26,220],"product_tag":[110,201,51],"class_list":{"0":"post-277","1":"product","2":"type-product","3":"status-publish","4":"has-post-thumbnail","6":"pwb-brand-nutrex","7":"product_cat-quemadores-de-grasa","8":"product_cat-outlet","9":"product_tag-nutrex","10":"product_tag-perdida-de-peso","11":"product_tag-quemador","12":"thunk-woo-product-list","13":"opn-qv-enable","14":"open-woo-hover-zoom","15":"open-single-product-tab-horizontal","16":"open-shadow-","17":"open-shadow-hover-","19":"first","20":"instock","21":"sale","22":"shipping-taxable","23":"purchasable","24":"product-type-simple"},"aioseo_notices":[],"jetpack_sharing_enabled":true,"brands":[{"id":80,"name":"Nutrex","slug":"nutrex"}],"_links":{"self":[{"href":"https:\/\/suplever.com\/index.php?rest_route=\/wp\/v2\/product\/277","targetHints":{"allow":["GET"]}}],"collection":[{"href":"https:\/\/suplever.com\/index.php?rest_route=\/wp\/v2\/product"}],"about":[{"href":"https:\/\/suplever.com\/index.php?rest_route=\/wp\/v2\/types\/product"}],"wp:featuredmedia":[{"embeddable":true,"href":"https:\/\/suplever.com\/index.php?rest_route=\/wp\/v2\/media\/278"}],"wp:attachment":[{"href":"https:\/\/suplever.com\/index.php?rest_route=%2Fwp%2Fv2%2Fmedia&parent=277"}],"wp:term":[{"taxonomy":"pwb-brand","embeddable":true,"href":"https:\/\/suplever.com\/index.php?rest_route=%2Fwp%2Fv2%2Fpwb-brand&post=277"},{"taxonomy":"product_brand","embeddable":true,"href":"https:\/\/suplever.com\/index.php?rest_route=%2Fwp%2Fv2%2Fproduct_brand&post=277"},{"taxonomy":"product_cat","embeddable":true,"href":"https:\/\/suplever.com\/index.php?rest_route=%2Fwp%2Fv2%2Fproduct_cat&post=277"},{"taxonomy":"product_tag","embeddable":true,"href":"https:\/\/suplever.com\/index.php?rest_route=%2Fwp%2Fv2%2Fproduct_tag&post=277"}],"curies":[{"name":"wp","href":"https:\/\/api.w.org\/{rel}","templated":true}]}}