{"id":281,"date":"2022-06-02T20:38:55","date_gmt":"2022-06-02T20:38:55","guid":{"rendered":"https:\/\/suplever.com\/?post_type=product&#038;p=281"},"modified":"2025-06-18T20:02:08","modified_gmt":"2025-06-18T20:02:08","slug":"lipo-6-black-hers-ultra-concentrate-60-caps","status":"publish","type":"product","link":"https:\/\/suplever.com\/?product=lipo-6-black-hers-ultra-concentrate-60-caps","title":{"rendered":"Lipo 6 Black Hers Ultra Concentrate 60 Caps (Outlet)"},"content":{"rendered":"<p>PRODUCTO OUTLET<br \/>\nCADUCIDAD: 02\/24<br \/>\nEMPAQUE: PERFECTO ESTADO, NUEVO Y SELLADO<br \/>\n*No aplican cambios ni devoluciones.<\/p>\n<p>AVISO DE EXTREMA PRECAUCI\u00d3N: Este es por mucho, el m\u00e1s fuerte destructor de grasa para mujeres que jam\u00e1s hayamos lanzado. Es tan fuerte que nunca debes tomar m\u00e1s de una p\u00edldora. Una f\u00f3rmula ultra concentrada y s\u00faper potente en una p\u00edldora que esta dise\u00f1ada para ayudar a tu cuerpo a reducir grasa y apoyar a mantener una composici\u00f3n corporal saludable.<\/p>\n<p>\u00bfC\u00f3mo me sentir\u00e9 mientras uso LIPO-6 Black Hers Ultra Concentrate?<br \/>\nLIPO-6 Black Hers Ultra Concentrate tambi\u00e9n ejerce apoyo en el control del apetito para ayudar a garantizar que tu dieta se convierta en un gran \u00e9xito. Junto a eso, te inundar\u00e1 de una sensaci\u00f3n intensa de energ\u00eda limpia lo que te mantendr\u00e1 en movimiento durante horas.<\/p>\n<p>Una sola p\u00edldora preparar\u00e1 el escenario para una quema de grasa m\u00e1xima. Ten cuidado: LIPO-6 Black Hers Ultra Concentrate es un producto intenso: Un destructor de grasa para mujeres como ning\u00fan otro.<\/p>\n","protected":false},"excerpt":{"rendered":"<p>AVISO DE EXTREMA PRECAUCI\u00d3N: Este es por mucho, el m\u00e1s fuerte destructor de grasa para mujeres que jam\u00e1s hayamos lanzado. Es tan fuerte que nunca debes tomar m\u00e1s de una p\u00edldora. Una f\u00f3rmula ultra concentrada y s\u00faper potente en una p\u00edldora que esta dise\u00f1ada para ayudar a tu cuerpo a reducir grasa y apoyar a mantener una composici\u00f3n corporal saludable.<\/p>\n<p>\u00bfC\u00f3mo me sentir\u00e9 mientras uso LIPO-6 Black Hers Ultra Concentrate?<br \/>\nLIPO-6 Black Hers Ultra Concentrate tambi\u00e9n ejerce apoyo en el control del apetito para ayudar a garantizar que tu dieta se convierta en un gran \u00e9xito. Junto a eso, te inundar\u00e1 de una sensaci\u00f3n intensa de energ\u00eda limpia lo que te mantendr\u00e1 en movimiento durante horas.<\/p>\n<p>Una sola p\u00edldora preparar\u00e1 el escenario para una quema de grasa m\u00e1xima. Ten cuidado: LIPO-6 Black Hers Ultra Concentrate es un producto intenso: Un destructor de grasa para mujeres como ning\u00fan otro.<\/p>\n","protected":false},"featured_media":282,"template":"","meta":[],"pwb-brand":[80],"product_brand":[],"product_cat":[26,220],"product_tag":[110,51],"class_list":{"0":"post-281","1":"product","2":"type-product","3":"status-publish","4":"has-post-thumbnail","6":"pwb-brand-nutrex","7":"product_cat-quemadores-de-grasa","8":"product_cat-outlet","9":"product_tag-nutrex","10":"product_tag-quemador","11":"thunk-woo-product-list","12":"opn-qv-enable","13":"open-woo-hover-zoom","14":"open-single-product-tab-horizontal","15":"open-shadow-","16":"open-shadow-hover-","18":"first","19":"instock","20":"sale","21":"shipping-taxable","22":"purchasable","23":"product-type-simple"},"aioseo_notices":[],"jetpack_sharing_enabled":true,"brands":[{"id":80,"name":"Nutrex","slug":"nutrex"}],"_links":{"self":[{"href":"https:\/\/suplever.com\/index.php?rest_route=\/wp\/v2\/product\/281","targetHints":{"allow":["GET"]}}],"collection":[{"href":"https:\/\/suplever.com\/index.php?rest_route=\/wp\/v2\/product"}],"about":[{"href":"https:\/\/suplever.com\/index.php?rest_route=\/wp\/v2\/types\/product"}],"wp:featuredmedia":[{"embeddable":true,"href":"https:\/\/suplever.com\/index.php?rest_route=\/wp\/v2\/media\/282"}],"wp:attachment":[{"href":"https:\/\/suplever.com\/index.php?rest_route=%2Fwp%2Fv2%2Fmedia&parent=281"}],"wp:term":[{"taxonomy":"pwb-brand","embeddable":true,"href":"https:\/\/suplever.com\/index.php?rest_route=%2Fwp%2Fv2%2Fpwb-brand&post=281"},{"taxonomy":"product_brand","embeddable":true,"href":"https:\/\/suplever.com\/index.php?rest_route=%2Fwp%2Fv2%2Fproduct_brand&post=281"},{"taxonomy":"product_cat","embeddable":true,"href":"https:\/\/suplever.com\/index.php?rest_route=%2Fwp%2Fv2%2Fproduct_cat&post=281"},{"taxonomy":"product_tag","embeddable":true,"href":"https:\/\/suplever.com\/index.php?rest_route=%2Fwp%2Fv2%2Fproduct_tag&post=281"}],"curies":[{"name":"wp","href":"https:\/\/api.w.org\/{rel}","templated":true}]}}