{"id":289,"date":"2022-06-02T20:46:39","date_gmt":"2022-06-02T20:46:39","guid":{"rendered":"https:\/\/suplever.com\/?post_type=product&#038;p=289"},"modified":"2025-06-18T19:59:25","modified_gmt":"2025-06-18T19:59:25","slug":"hydroxycut-hardcore-elite-100-caps","status":"publish","type":"product","link":"https:\/\/suplever.com\/?product=hydroxycut-hardcore-elite-100-caps","title":{"rendered":"Hydroxycut Hardcore Elite 100 Caps (Outlet)"},"content":{"rendered":"<p>PRODUCTO OUTLET<br \/>\nCADUCIDAD: 12\/24<br \/>\nEMPAQUE: PERFECTO ESTADO, NUEVO Y SELLADO<br \/>\n*No aplican cambios ni devoluciones.<\/p>\n<p>AQU\u00cd ES DONDE NUESTRA PASI\u00d3N SATISFACE TU POTENCIAL.<br \/>\nDurante m\u00e1s de dos d\u00e9cadas, MuscleTech\u00ae ha llevado la ciencia y el potencial humano a sus l\u00edmites, e Hydroxycut Hardcore\u00ae Elite extiende esta tradici\u00f3n con la soluci\u00f3n termog\u00e9nica m\u00e1s avanzada disponible.!<\/p>\n<p>FUERZA REDEFINIDA<br \/>\n\u00bfQuieres separarte definitivamente de la competencia? Como parte de nuestro compromiso de redefinir los l\u00edmites en nutrici\u00f3n deportiva y del potencial humano, investigadores de MuscleTech\u00ae han dise\u00f1ado f\u00f3rmulas de vanguardia y completamente divulgadas adaptadas a las necesidades \u00fanicas de los atletas de \u00e9lite. Despu\u00e9s de todo, cuando compites al m\u00e1s alto nivel, el rendimiento probado es esencial.<\/p>\n<p>\u00bfPOR QU\u00c9 TOMAR HYDROXYCUT HARDCORE\u00ae ELITE?<br \/>\nIMPULSA TUS ENTRENAMIENTOS M\u00c1S INTENSOS<br \/>\nHydroxycut Hardcore\u00ae Elite proporciona una experiencia termog\u00e9nica y energ\u00e9tica con intensidad inigualable.<\/p>\n<p>IMPULSA TUS ENTRENAMIENTOS M\u00c1S INTENSOS<br \/>\nHydroxycut Hardcore\u00ae Elite proporciona una experiencia termog\u00e9nica y energ\u00e9tica con intensidad inigualable.<\/p>\n<p>AUMENTA LA ENERG\u00cdA Y LA CONCENTRACI\u00d3N, Y MEJORA EL RENDIMIENTO<br \/>\nHaz frente a los d\u00edas abarrotados gracias al poder de los entrenamientos. Esta f\u00f3rmula presenta una dosis de cafe\u00edna anhidra cient\u00edficamente investigada que aumenta la energ\u00eda y la concentraci\u00f3n mental.<\/p>\n<p>SUPERA LOS L\u00cdMITES CON MUSCLETECH\u00ae<br \/>\nMuscleTech\u00ae re\u00fane nutrici\u00f3n activa y potencial humano para un prop\u00f3sito mayor. Alimentamos a aquellos que suben el list\u00f3n, ya seas un atleta de \u00e9lite, un guerrero de fin de semana o simplemente estas tratando de mantenerte saludable, creemos en crecer m\u00e1s fuertes juntos. Desde nutrici\u00f3n esencial hasta f\u00f3rmulas de vanguardia, tenemos lo que ajusta a ti. \u00danete a nosotros para que redefinamos lo que significa ser fuerte. Despu\u00e9s de todo, no se trata solo de r\u00e9cords personales, se trata de una mejor manera para todos nosotros.<\/p>\n","protected":false},"excerpt":{"rendered":"<p>SUPERA LOS L\u00cdMITES CON MUSCLETECH\u00ae<br \/>\nMuscleTech\u00ae re\u00fane nutrici\u00f3n activa y potencial humano para un prop\u00f3sito mayor. Alimentamos a aquellos que suben el list\u00f3n, ya seas un atleta de \u00e9lite, un guerrero de fin de semana o simplemente estas tratando de mantenerte saludable, creemos en crecer m\u00e1s fuertes juntos. Desde nutrici\u00f3n esencial hasta f\u00f3rmulas de vanguardia, tenemos lo que ajusta a ti. \u00danete a nosotros para que redefinamos lo que significa ser fuerte. Despu\u00e9s de todo, no se trata solo de r\u00e9cords personales, se trata de una mejor manera para todos nosotros.<\/p>\n","protected":false},"featured_media":290,"template":"","meta":[],"pwb-brand":[90],"product_brand":[],"product_cat":[26,220],"product_tag":[163,51],"class_list":{"0":"post-289","1":"product","2":"type-product","3":"status-publish","4":"has-post-thumbnail","6":"pwb-brand-muscletech","7":"product_cat-quemadores-de-grasa","8":"product_cat-outlet","9":"product_tag-muscletech","10":"product_tag-quemador","11":"thunk-woo-product-list","12":"opn-qv-enable","13":"open-woo-hover-zoom","14":"open-single-product-tab-horizontal","15":"open-shadow-","16":"open-shadow-hover-","18":"first","19":"instock","20":"sale","21":"shipping-taxable","22":"purchasable","23":"product-type-simple"},"aioseo_notices":[],"jetpack_sharing_enabled":true,"brands":[{"id":90,"name":"Muscletech","slug":"muscletech"}],"_links":{"self":[{"href":"https:\/\/suplever.com\/index.php?rest_route=\/wp\/v2\/product\/289","targetHints":{"allow":["GET"]}}],"collection":[{"href":"https:\/\/suplever.com\/index.php?rest_route=\/wp\/v2\/product"}],"about":[{"href":"https:\/\/suplever.com\/index.php?rest_route=\/wp\/v2\/types\/product"}],"wp:featuredmedia":[{"embeddable":true,"href":"https:\/\/suplever.com\/index.php?rest_route=\/wp\/v2\/media\/290"}],"wp:attachment":[{"href":"https:\/\/suplever.com\/index.php?rest_route=%2Fwp%2Fv2%2Fmedia&parent=289"}],"wp:term":[{"taxonomy":"pwb-brand","embeddable":true,"href":"https:\/\/suplever.com\/index.php?rest_route=%2Fwp%2Fv2%2Fpwb-brand&post=289"},{"taxonomy":"product_brand","embeddable":true,"href":"https:\/\/suplever.com\/index.php?rest_route=%2Fwp%2Fv2%2Fproduct_brand&post=289"},{"taxonomy":"product_cat","embeddable":true,"href":"https:\/\/suplever.com\/index.php?rest_route=%2Fwp%2Fv2%2Fproduct_cat&post=289"},{"taxonomy":"product_tag","embeddable":true,"href":"https:\/\/suplever.com\/index.php?rest_route=%2Fwp%2Fv2%2Fproduct_tag&post=289"}],"curies":[{"name":"wp","href":"https:\/\/api.w.org\/{rel}","templated":true}]}}