{"id":293,"date":"2022-06-02T20:50:24","date_gmt":"2022-06-02T20:50:24","guid":{"rendered":"https:\/\/suplever.com\/?post_type=product&#038;p=293"},"modified":"2025-06-18T19:57:02","modified_gmt":"2025-06-18T19:57:02","slug":"hydroxycut-hardcore-next-gen-100-caps","status":"publish","type":"product","link":"https:\/\/suplever.com\/?product=hydroxycut-hardcore-next-gen-100-caps","title":{"rendered":"Hydroxycut Hardcore Next Gen 100 Caps (Outlet)"},"content":{"rendered":"<p>PRODUCTO OUTLET<br \/>\nCADUCIDAD: 08\/24<br \/>\nEMPAQUE: PERFECTO ESTADO, NUEVO Y SELLADO<br \/>\n*No aplican cambios ni devoluciones.<\/p>\n<p>\u00a1EL PRIMERO CON LIBERACI\u00d3N PROLONGADA EN EL MUNDO!<br \/>\n\u00a1PERDEDOR DE PESO DE EXPERIENCIA SENSORIAL EXTREMA DE PR\u00d3XIMA GENERACI\u00d3N!<br \/>\n\u00a1HYDROXYCUT HARDCORE\u00ae NEXT GEN contiene una combinaci\u00f3n nunca antes vista de Colues Forskolii, Yohimbe, Guayusa y Blue Scullcap (Scutellaria) que te ofrece un efecto sensorial incomparable!<\/p>\n<p>Perdida de peso y experiencia sensorial extrema cient\u00edficamente probada<br \/>\nPor 20 a\u00f1os, el nombre HYDROXYCUT ha sido sin\u00f3nimo de resultados. Y ahora la siguiente evoluci\u00f3n de HYDROXYCUT esta aqu\u00ed. Dos decadas en fraguarse, el nuevo HYDROXYCUT HARDCORE NEXT GEN contiene potentes dosis de ingredientes clave en combinaciones \u00fanicas, nunca antes vistas, para ofrecerte una experiencia estimulante definitiva. Para perder peso con resultados reales tambi\u00e9n contiene caf\u00e9 verde. Sujetos que tomaron el ingrediente principal en HYDROXYCUT HARDCORE NEXT GEN (extracto de caf\u00e9 verde [C. canephora robusta]) perdieron 10.95 lbs en 60 d\u00edas con una dieta baja en calor\u00edas, y 3.7 lbs en un estudio de 8 semanas con una dieta cal\u00f3rica reducida y ejercicio moderado. La mayor\u00eda de las f\u00f3rmulas termog\u00e9nicas no cuentan con estudios cient\u00edficos de respaldo sobre sus ingredientes clave para perder peso, HYDROXYCUT si.<\/p>\n<p>Termog\u00e9nesis Ultra Amplificada<br \/>\n\u00a1HYDROXYCUT HARDCORE NEXT GEN invoca un poderoso estado de termog\u00e9nesis en el cuerpo para ayudar a encender tu tasa metab\u00f3lica! \u00a1Tendr\u00e1s todo lo que necesitas para entrenar m\u00e1s duro y esculpir el cuerpo que siempre has deseado!<\/p>\n<p>Nunca antes has probado algo como esto \u2013 \u00a1garantizado! \u00a1Prueba hoy HYDROXYCUT HARDCORE NEXT GEN!<\/p>\n<p>Mejorada Concentraci\u00f3n Mental<br \/>\nEntonces, utilizando un dosis precisa de cafe\u00edna anhidra ultra potente, HYDROXYCUT HARDCORE NEXT GEN te ayuda tambi\u00e9n a mejorar la concentraci\u00f3n mental. \u00a1Despu\u00e9s de una sola dosis entrenar\u00e1s con m\u00e1xima intensidad acompa\u00f1ado de una intensa explosi\u00f3n de energ\u00eda!<\/p>\n","protected":false},"excerpt":{"rendered":"<p>Perdida de peso y experiencia sensorial extrema cient\u00edficamente probada<br \/>\nPor 20 a\u00f1os, el nombre HYDROXYCUT ha sido sin\u00f3nimo de resultados. Y ahora la siguiente evoluci\u00f3n de HYDROXYCUT esta aqu\u00ed. Dos decadas en fraguarse, el nuevo HYDROXYCUT HARDCORE NEXT GEN contiene potentes dosis de ingredientes clave en combinaciones \u00fanicas, nunca antes vistas, para ofrecerte una experiencia estimulante definitiva. Para perder peso con resultados reales tambi\u00e9n contiene caf\u00e9 verde. Sujetos que tomaron el ingrediente principal en HYDROXYCUT HARDCORE NEXT GEN (extracto de caf\u00e9 verde [C. canephora robusta]) perdieron 10.95 lbs en 60 d\u00edas con una dieta baja en calor\u00edas, y 3.7 lbs en un estudio de 8 semanas con una dieta cal\u00f3rica reducida y ejercicio moderado. La mayor\u00eda de las f\u00f3rmulas termog\u00e9nicas no cuentan con estudios cient\u00edficos de respaldo sobre sus ingredientes clave para perder peso, HYDROXYCUT si.<\/p>\n","protected":false},"featured_media":294,"template":"","meta":[],"pwb-brand":[90],"product_brand":[],"product_cat":[26,220],"product_tag":[],"class_list":{"0":"post-293","1":"product","2":"type-product","3":"status-publish","4":"has-post-thumbnail","6":"pwb-brand-muscletech","7":"product_cat-quemadores-de-grasa","8":"product_cat-outlet","9":"thunk-woo-product-list","10":"opn-qv-enable","11":"open-woo-hover-zoom","12":"open-single-product-tab-horizontal","13":"open-shadow-","14":"open-shadow-hover-","16":"first","17":"instock","18":"sale","19":"shipping-taxable","20":"purchasable","21":"product-type-simple"},"aioseo_notices":[],"jetpack_sharing_enabled":true,"brands":[{"id":90,"name":"Muscletech","slug":"muscletech"}],"_links":{"self":[{"href":"https:\/\/suplever.com\/index.php?rest_route=\/wp\/v2\/product\/293","targetHints":{"allow":["GET"]}}],"collection":[{"href":"https:\/\/suplever.com\/index.php?rest_route=\/wp\/v2\/product"}],"about":[{"href":"https:\/\/suplever.com\/index.php?rest_route=\/wp\/v2\/types\/product"}],"wp:featuredmedia":[{"embeddable":true,"href":"https:\/\/suplever.com\/index.php?rest_route=\/wp\/v2\/media\/294"}],"wp:attachment":[{"href":"https:\/\/suplever.com\/index.php?rest_route=%2Fwp%2Fv2%2Fmedia&parent=293"}],"wp:term":[{"taxonomy":"pwb-brand","embeddable":true,"href":"https:\/\/suplever.com\/index.php?rest_route=%2Fwp%2Fv2%2Fpwb-brand&post=293"},{"taxonomy":"product_brand","embeddable":true,"href":"https:\/\/suplever.com\/index.php?rest_route=%2Fwp%2Fv2%2Fproduct_brand&post=293"},{"taxonomy":"product_cat","embeddable":true,"href":"https:\/\/suplever.com\/index.php?rest_route=%2Fwp%2Fv2%2Fproduct_cat&post=293"},{"taxonomy":"product_tag","embeddable":true,"href":"https:\/\/suplever.com\/index.php?rest_route=%2Fwp%2Fv2%2Fproduct_tag&post=293"}],"curies":[{"name":"wp","href":"https:\/\/api.w.org\/{rel}","templated":true}]}}