{"id":301,"date":"2022-06-02T20:56:36","date_gmt":"2022-06-02T20:56:36","guid":{"rendered":"https:\/\/suplever.com\/?post_type=product&#038;p=301"},"modified":"2025-06-18T19:55:16","modified_gmt":"2025-06-18T19:55:16","slug":"psychotic-diablo-60-caps","status":"publish","type":"product","link":"https:\/\/suplever.com\/?product=psychotic-diablo-60-caps","title":{"rendered":"Psychotic Diablo 60 Caps (Outlet)"},"content":{"rendered":"<p>PRODUCTO OUTLET<br \/>\nCADUCIDAD: 08\/24<br \/>\nEMPAQUE: PERFECTO ESTADO, NUEVO Y SELLADO<br \/>\n*No aplican cambios ni devoluciones.<\/p>\n<p>Sumergido en fuego, Psychotic renace. Psychotic DIABLO, el quemador de grasa m\u00e1s fuerte que El Qu\u00edmico Loco haya creado, quemar\u00e1 tus c\u00e9lulas grasas hasta dejarlas crujientes. Con ingredientes quemagrasas muy fuertes como son Granos del Paraiso, Teobromina y Ra\u00edz de diente de le\u00f3n, Psychotic DIABLO empuja los l\u00edmites de los termog\u00e9nicos dejando solo cenizas a su paso.<\/p>\n","protected":false},"excerpt":{"rendered":"<p>Sumergido en fuego, Psychotic renace. Psychotic DIABLO, el quemador de grasa m\u00e1s fuerte que El Qu\u00edmico Loco haya creado, quemar\u00e1 tus c\u00e9lulas grasas hasta dejarlas crujientes. Con ingredientes quemagrasas muy fuertes como son Granos del Paraiso, Teobromina y Ra\u00edz de diente de le\u00f3n, Psychotic DIABLO empuja los l\u00edmites de los termog\u00e9nicos dejando solo cenizas a su paso.<\/p>\n","protected":false},"featured_media":302,"template":"","meta":[],"pwb-brand":[79],"product_brand":[],"product_cat":[26,220],"product_tag":[],"class_list":{"0":"post-301","1":"product","2":"type-product","3":"status-publish","4":"has-post-thumbnail","6":"pwb-brand-insane-labz","7":"product_cat-quemadores-de-grasa","8":"product_cat-outlet","9":"thunk-woo-product-list","10":"opn-qv-enable","11":"open-woo-hover-zoom","12":"open-single-product-tab-horizontal","13":"open-shadow-","14":"open-shadow-hover-","16":"first","17":"instock","18":"sale","19":"shipping-taxable","20":"purchasable","21":"product-type-simple"},"aioseo_notices":[],"jetpack_sharing_enabled":true,"brands":[{"id":79,"name":"Insane labz","slug":"insane-labz"}],"_links":{"self":[{"href":"https:\/\/suplever.com\/index.php?rest_route=\/wp\/v2\/product\/301","targetHints":{"allow":["GET"]}}],"collection":[{"href":"https:\/\/suplever.com\/index.php?rest_route=\/wp\/v2\/product"}],"about":[{"href":"https:\/\/suplever.com\/index.php?rest_route=\/wp\/v2\/types\/product"}],"wp:featuredmedia":[{"embeddable":true,"href":"https:\/\/suplever.com\/index.php?rest_route=\/wp\/v2\/media\/302"}],"wp:attachment":[{"href":"https:\/\/suplever.com\/index.php?rest_route=%2Fwp%2Fv2%2Fmedia&parent=301"}],"wp:term":[{"taxonomy":"pwb-brand","embeddable":true,"href":"https:\/\/suplever.com\/index.php?rest_route=%2Fwp%2Fv2%2Fpwb-brand&post=301"},{"taxonomy":"product_brand","embeddable":true,"href":"https:\/\/suplever.com\/index.php?rest_route=%2Fwp%2Fv2%2Fproduct_brand&post=301"},{"taxonomy":"product_cat","embeddable":true,"href":"https:\/\/suplever.com\/index.php?rest_route=%2Fwp%2Fv2%2Fproduct_cat&post=301"},{"taxonomy":"product_tag","embeddable":true,"href":"https:\/\/suplever.com\/index.php?rest_route=%2Fwp%2Fv2%2Fproduct_tag&post=301"}],"curies":[{"name":"wp","href":"https:\/\/api.w.org\/{rel}","templated":true}]}}