{"id":309,"date":"2022-06-03T00:59:25","date_gmt":"2022-06-03T00:59:25","guid":{"rendered":"https:\/\/suplever.com\/?post_type=product&#038;p=309"},"modified":"2025-06-18T21:39:27","modified_gmt":"2025-06-18T21:39:27","slug":"lipodrene-100-tabs","status":"publish","type":"product","link":"https:\/\/suplever.com\/?product=lipodrene-100-tabs","title":{"rendered":"Lipodrene 100 Tabs"},"content":{"rendered":"<p>PRODUCTO EN PROMOCI\u00d3N<br \/>\nCADUCIDAD: 03\/27<br \/>\nEMPAQUE: PERFECTO ESTADO, NUEVO Y SELLADO<br \/>\nPRODUCTO: Podria presentar manchas en las pastillas (normal para el tipo de producto)<br \/>\n*No aplican cambios ni devoluciones.<\/p>\n<p>Manteniendo una dieta apropiada, programa de ejercicio disciplinado, y suplementaci\u00f3n estrat\u00e9gica son requisitos esenciales para adquirir de forma exitosa los niveles deseados de Grasa corporal, especialmente mientras crecemos con la edad. La suplementaci\u00f3n estrat\u00e9gica se hace a\u00fan m\u00e1s cr\u00edtica si deseas perder peso. Ya sea que eres un F\u00edsico-Culturista tratando de definirse, o una mujer tratando de tener curvas sexys\u2026 Lipodrene es el producto ideal para ti!<\/p>\n<p>Lipodrene es el suplemento original de Hi-Tech de p\u00e9rdida de peso y promotor de energ\u00eda y se ha convertido en el est\u00e1ndar l\u00edder para la industria de p\u00e9rdida de peso. Est\u00e1 en todas partes. Cualquiera que haya comprado un buen producto de p\u00e9rdida de peso ha visto el hex\u00e1gono amarillo en las tabletas de Lipodrene en miles de tiendas de salud y en sitios de internet. Lipodrene no solo permanece como el mejor quemador de Grasa de Hi-Tech, sino que es est\u00e1ndar dorado en la industria de p\u00e9rdida de peso por una simple raz\u00f3n\u2026Funciona! Cuando se trata de ingredientes para p\u00e9rdida de peso, Lipodrene los tiene todos!<\/p>\n<p>Lipodrene es una poderosa formulaci\u00f3n termog\u00e9nica que contiene la propietaria mezcla de estimulantes Thermo-Rx de Hi-Tech, que tiene incre\u00edblemente potentes y excepcionalmente limpios alcaloides de Fenyletilamina de la Acacia Rigidula. Mucha gente ha considerado a la Acacia rigidula como la siguiente Efedra. As\u00ed como la Efedra conten\u00eda alcaloides de Efedina, la Acacia Rigidula contiene poderosos alcaloides de feniletilamina. Ya sea que quieras simplemente transformar tu cuerpo en uno m\u00e1s duro y atractivo, o quieras definirte y marcarte bien, Lipodrene es la opci\u00f3n adecuada para quitarte esa Grasa y sentirte bien todo el d\u00eda!<\/p>\n","protected":false},"excerpt":{"rendered":"<p>&#8211; Ayuda a promover la p\u00e9rdida de peso y extrema energ\u00eda<br \/>\n&#8211; Revolucionaria ayuda para la dieta incluyendo Thermo-Rx<br \/>\n&#8211; Extremadamente potente intensificador termog\u00e9nico<\/p>\n<p>&nbsp;<\/p>\n","protected":false},"featured_media":310,"template":"","meta":[],"pwb-brand":[92],"product_brand":[],"product_cat":[213,26],"product_tag":[199,201,51],"class_list":{"0":"post-309","1":"product","2":"type-product","3":"status-publish","4":"has-post-thumbnail","6":"pwb-brand-hi-tech-pharmaceuticals","7":"product_cat-off-2024","8":"product_cat-quemadores-de-grasa","9":"product_tag-lipodrene","10":"product_tag-perdida-de-peso","11":"product_tag-quemador","12":"thunk-woo-product-list","13":"opn-qv-enable","14":"open-woo-hover-zoom","15":"open-single-product-tab-horizontal","16":"open-shadow-","17":"open-shadow-hover-","19":"first","20":"instock","21":"sale","22":"shipping-taxable","23":"purchasable","24":"product-type-simple"},"aioseo_notices":[],"jetpack_sharing_enabled":true,"brands":[{"id":92,"name":"Hi-Tech Pharmaceuticals","slug":"hi-tech-pharmaceuticals"}],"_links":{"self":[{"href":"https:\/\/suplever.com\/index.php?rest_route=\/wp\/v2\/product\/309","targetHints":{"allow":["GET"]}}],"collection":[{"href":"https:\/\/suplever.com\/index.php?rest_route=\/wp\/v2\/product"}],"about":[{"href":"https:\/\/suplever.com\/index.php?rest_route=\/wp\/v2\/types\/product"}],"wp:featuredmedia":[{"embeddable":true,"href":"https:\/\/suplever.com\/index.php?rest_route=\/wp\/v2\/media\/310"}],"wp:attachment":[{"href":"https:\/\/suplever.com\/index.php?rest_route=%2Fwp%2Fv2%2Fmedia&parent=309"}],"wp:term":[{"taxonomy":"pwb-brand","embeddable":true,"href":"https:\/\/suplever.com\/index.php?rest_route=%2Fwp%2Fv2%2Fpwb-brand&post=309"},{"taxonomy":"product_brand","embeddable":true,"href":"https:\/\/suplever.com\/index.php?rest_route=%2Fwp%2Fv2%2Fproduct_brand&post=309"},{"taxonomy":"product_cat","embeddable":true,"href":"https:\/\/suplever.com\/index.php?rest_route=%2Fwp%2Fv2%2Fproduct_cat&post=309"},{"taxonomy":"product_tag","embeddable":true,"href":"https:\/\/suplever.com\/index.php?rest_route=%2Fwp%2Fv2%2Fproduct_tag&post=309"}],"curies":[{"name":"wp","href":"https:\/\/api.w.org\/{rel}","templated":true}]}}