{"id":313,"date":"2022-06-03T01:02:48","date_gmt":"2022-06-03T01:02:48","guid":{"rendered":"https:\/\/suplever.com\/?post_type=product&#038;p=313"},"modified":"2025-06-18T21:38:25","modified_gmt":"2025-06-18T21:38:25","slug":"lipodrene-xtreme-90-tabs","status":"publish","type":"product","link":"https:\/\/suplever.com\/?product=lipodrene-xtreme-90-tabs","title":{"rendered":"Lipodrene Xtreme 90 Tabs"},"content":{"rendered":"<p>PRODUCTO EN PROMOCI\u00d3N<br \/>\nCADUCIDAD: 03\/27<br \/>\nEMPAQUE: PERFECTO ESTADO, NUEVO Y SELLADO<br \/>\nPRODUCTO: Podria presentar manchas en las pastillas (normal para el tipo de producto)<br \/>\n*No aplican cambios ni devoluciones.<\/p>\n<p>Hi Tech Pharmaceuticals Lipodrene Xtreme con DMHA<br \/>\nSi te encanta Lipodrene pero quieres llevarlo a un nivel superior, esta f\u00f3rmula es para ti. Esto toma el original y aumenta los efectos de p\u00e9rdida de peso y las sensaciones estimulantes al siguiente nivel. Es para aquellos usuarios que no solo quieren perder peso, sino que realmente quieren \u00absentir\u00bb que el producto funciona para ellos. No es para los sensibles a los estimulantes &#8230; es para los adictos a los estimulantes que pueden tomar la potente dosis de estimulantes en esta f\u00f3rmula Xtreme. \u00a1Tenga cuidado ahora!<\/p>\n<p>Esta es la f\u00f3rmula de p\u00e9rdida de peso incondicional que todo el mundo ha estado esperando. Si pensaba que el Lipodrene original era fuerte, \u00a1le va a encantar la nueva f\u00f3rmula xtreme!<\/p>\n<p>Beneficios y resultados<br \/>\nEsta f\u00f3rmula no es para principiantes. Si nunca antes ha probado Lipodrene, comience con la f\u00f3rmula original antes de probar la f\u00f3rmula xtreme.<\/p>\n<p>P\u00e9rdida de peso extrema<br \/>\nSuprime el apetito<br \/>\nEnerg\u00eda instant\u00e1nea y durante todo el d\u00eda<br \/>\n\u00abFeel &#8216;it Working<br \/>\nSin accidente<br \/>\nPara ambos, hombres y mujeres<br \/>\nOriginal vs Xtreme<br \/>\nLa gran diferencia entre este producto y el original es la forma en que lo siente funcionando y la potencia de cada dosis. Esto es para aquellos usuarios de suplementos \u00abdif\u00edciles de complacer\u00bb. Hi Tech Pharmaceuticals us\u00f3 una tecnolog\u00eda de tableta diferente en la f\u00f3rmula xtreme, por lo que obtiene una descarga instant\u00e1nea de energ\u00eda cuando la toma, pero luego tambi\u00e9n libera una dosis de energ\u00eda sostenida durante todo el d\u00eda. Te va a golpear mucho m\u00e1s fuerte y durar\u00e1 mucho m\u00e1s. Es por eso que solo deben tomarlo aquellos que sean expertos en tomar Lipodrene.<\/p>\n<p>La otra diferencia principal entre los dos es que el original usa extracto de efedra donde la f\u00f3rmula xtreme usa una dosis alta de DMHA.<\/p>\n<p>Debe estar listo cuando tome esta f\u00f3rmula. Es un tipo de sensaci\u00f3n de \u00abojos bien abiertos\u00bb que te llevar\u00e1 de 0 a 60 en minutos. \u00a1Prepararse!<\/p>\n<p>Todo se trata de las tabletas<br \/>\nComo mencionamos anteriormente, lo que distingue al xtreme Lipodrene del original y de todos los dem\u00e1s quemadores de grasa y p\u00edldoras energ\u00e9ticas del mercado es la forma en que funcionan las tabletas. Usan una tableta de liberaci\u00f3n r\u00e1pida y sostenida para que sienta que funciona desde el momento en que la toma. Cada tableta utiliza la tecnolog\u00eda Explotab. Esto permite una explosi\u00f3n inmediata de energ\u00eda en el momento en que la toma. La capa intermedia de la tableta contin\u00faa liberando los estimulantes duros y los ingredientes para perder peso a lo largo del d\u00eda. Luego, la capa interna de la tableta libera otra dosis de ingredientes estimulantes y de p\u00e9rdida de peso directamente en el torrente sangu\u00edneo. Todo este proceso le permite obtener efectos de p\u00e9rdida de energ\u00eda y peso durante varias horas &#8230; a diferencia de los productos de la competencia en el mercado.<\/p>\n","protected":false},"excerpt":{"rendered":"<p>Esta es la f\u00f3rmula de p\u00e9rdida de peso incondicional que todo el mundo ha estado esperando. Si pensaba que el Lipodrene original era fuerte, \u00a1le va a encantar la nueva f\u00f3rmula xtreme!<\/p>\n<p>Beneficios y resultados<br \/>\nEsta f\u00f3rmula no es para principiantes. Si nunca antes ha probado Lipodrene, comience con la f\u00f3rmula original antes de probar la f\u00f3rmula xtreme.<\/p>\n<p>P\u00e9rdida de peso extrema<br \/>\nSuprime el apetito<br \/>\nEnerg\u00eda instant\u00e1nea y durante todo el d\u00eda<br \/>\n\u00abFeel &#8216;it Working<br \/>\nSin accidente<br \/>\nPara ambos, hombres y mujeres<br \/>\nOriginal vs Xtreme<\/p>\n","protected":false},"featured_media":314,"template":"","meta":[],"pwb-brand":[92],"product_brand":[],"product_cat":[213,26],"product_tag":[199,200,201,51],"class_list":{"0":"post-313","1":"product","2":"type-product","3":"status-publish","4":"has-post-thumbnail","6":"pwb-brand-hi-tech-pharmaceuticals","7":"product_cat-off-2024","8":"product_cat-quemadores-de-grasa","9":"product_tag-lipodrene","10":"product_tag-lipodrene-xtreme","11":"product_tag-perdida-de-peso","12":"product_tag-quemador","13":"thunk-woo-product-list","14":"opn-qv-enable","15":"open-woo-hover-zoom","16":"open-single-product-tab-horizontal","17":"open-shadow-","18":"open-shadow-hover-","20":"first","21":"instock","22":"sale","23":"shipping-taxable","24":"purchasable","25":"product-type-simple"},"aioseo_notices":[],"jetpack_sharing_enabled":true,"brands":[{"id":92,"name":"Hi-Tech Pharmaceuticals","slug":"hi-tech-pharmaceuticals"}],"_links":{"self":[{"href":"https:\/\/suplever.com\/index.php?rest_route=\/wp\/v2\/product\/313","targetHints":{"allow":["GET"]}}],"collection":[{"href":"https:\/\/suplever.com\/index.php?rest_route=\/wp\/v2\/product"}],"about":[{"href":"https:\/\/suplever.com\/index.php?rest_route=\/wp\/v2\/types\/product"}],"wp:featuredmedia":[{"embeddable":true,"href":"https:\/\/suplever.com\/index.php?rest_route=\/wp\/v2\/media\/314"}],"wp:attachment":[{"href":"https:\/\/suplever.com\/index.php?rest_route=%2Fwp%2Fv2%2Fmedia&parent=313"}],"wp:term":[{"taxonomy":"pwb-brand","embeddable":true,"href":"https:\/\/suplever.com\/index.php?rest_route=%2Fwp%2Fv2%2Fpwb-brand&post=313"},{"taxonomy":"product_brand","embeddable":true,"href":"https:\/\/suplever.com\/index.php?rest_route=%2Fwp%2Fv2%2Fproduct_brand&post=313"},{"taxonomy":"product_cat","embeddable":true,"href":"https:\/\/suplever.com\/index.php?rest_route=%2Fwp%2Fv2%2Fproduct_cat&post=313"},{"taxonomy":"product_tag","embeddable":true,"href":"https:\/\/suplever.com\/index.php?rest_route=%2Fwp%2Fv2%2Fproduct_tag&post=313"}],"curies":[{"name":"wp","href":"https:\/\/api.w.org\/{rel}","templated":true}]}}