{"id":317,"date":"2022-06-03T01:18:58","date_gmt":"2022-06-03T01:18:58","guid":{"rendered":"https:\/\/suplever.com\/?post_type=product&#038;p=317"},"modified":"2025-06-18T19:53:49","modified_gmt":"2025-06-18T19:53:49","slug":"jet-fuel-120-caps","status":"publish","type":"product","link":"https:\/\/suplever.com\/?product=jet-fuel-120-caps","title":{"rendered":"JET FUEL 120 Caps (Outlet)"},"content":{"rendered":"<p>PRODUCTO OUTLET<br \/>\nCADUCIDAD: 04\/24<br \/>\nEMPAQUE: PERFECTO ESTADO, NUEVO Y SELLADO<br \/>\n*No aplican cambios ni devoluciones.<\/p>\n<p>INTENSIFICADOR METAB\u00d3LICO DE ALTO IMPACTO<br \/>\nBENEFICIOS DE JETFUEL SUPERBURN<br \/>\nEl NUEVO Y MEJORADO JETFUEL SUPERBURN\u00ae es un termog\u00e9nico ultra-premium para quemar grasa con 14 potentes ingredientes activos. Cada servicio lleno de poder aporta 1100mg de energ\u00eda amplificada y m\u00e1xima termog\u00e9nesis para que alcances tus objetivos de dieta, constituci\u00f3n y rendimiento.<\/p>\n<p>PODEROSO CATALIZADOR QUEMA GRASA DISE\u00d1ADO PARA M\u00c1XIMA DEFINICI\u00d3N<br \/>\nElaborado con T\u00e9 negro, T\u00e9 blanco y T\u00e9 verde, AdvantraZ\u00ae, Ashwaganda y Cafe\u00edna. Con potentes y contundentes activos que encienden tu metabolismo para cada entrenamiento. La Mezcla de Mejora Cognitiva equilibra especialmente los potentes estimulantes con los adapt\u00f3genos a base de hierbas. Mezclado con MCTs y extracto de pimienta negra Bioperine\u00ae para mejorar la absorci\u00f3n y uso de los activos clave.<\/p>\n<p>ASPECTOS DESTACADOS DEL PRODUCTO<br \/>\nPotente Catalizador para Quemar Grasa<br \/>\nEnerg\u00eda Duradera<br \/>\nMaxim\u00e1 Definici\u00f3n<\/p>\n","protected":false},"excerpt":{"rendered":"<p>INTENSIFICADOR METAB\u00d3LICO DE ALTO IMPACTO<br \/>\nBENEFICIOS DE JETFUEL SUPERBURN<br \/>\nEl NUEVO Y MEJORADO JETFUEL SUPERBURN\u00ae es un termog\u00e9nico ultra-premium para quemar grasa con 14 potentes ingredientes activos. Cada servicio lleno de poder aporta 1100mg de energ\u00eda amplificada y m\u00e1xima termog\u00e9nesis para que alcances tus objetivos de dieta, constituci\u00f3n y rendimiento.<\/p>\n","protected":false},"featured_media":360,"template":"","meta":[],"pwb-brand":[83],"product_brand":[],"product_cat":[26,220],"product_tag":[],"class_list":{"0":"post-317","1":"product","2":"type-product","3":"status-publish","4":"has-post-thumbnail","6":"pwb-brand-gat","7":"product_cat-quemadores-de-grasa","8":"product_cat-outlet","9":"thunk-woo-product-list","10":"opn-qv-enable","11":"open-woo-hover-zoom","12":"open-single-product-tab-horizontal","13":"open-shadow-","14":"open-shadow-hover-","16":"first","17":"instock","18":"sale","19":"shipping-taxable","20":"purchasable","21":"product-type-simple"},"aioseo_notices":[],"jetpack_sharing_enabled":true,"brands":[{"id":83,"name":"GAT","slug":"gat"}],"_links":{"self":[{"href":"https:\/\/suplever.com\/index.php?rest_route=\/wp\/v2\/product\/317","targetHints":{"allow":["GET"]}}],"collection":[{"href":"https:\/\/suplever.com\/index.php?rest_route=\/wp\/v2\/product"}],"about":[{"href":"https:\/\/suplever.com\/index.php?rest_route=\/wp\/v2\/types\/product"}],"wp:featuredmedia":[{"embeddable":true,"href":"https:\/\/suplever.com\/index.php?rest_route=\/wp\/v2\/media\/360"}],"wp:attachment":[{"href":"https:\/\/suplever.com\/index.php?rest_route=%2Fwp%2Fv2%2Fmedia&parent=317"}],"wp:term":[{"taxonomy":"pwb-brand","embeddable":true,"href":"https:\/\/suplever.com\/index.php?rest_route=%2Fwp%2Fv2%2Fpwb-brand&post=317"},{"taxonomy":"product_brand","embeddable":true,"href":"https:\/\/suplever.com\/index.php?rest_route=%2Fwp%2Fv2%2Fproduct_brand&post=317"},{"taxonomy":"product_cat","embeddable":true,"href":"https:\/\/suplever.com\/index.php?rest_route=%2Fwp%2Fv2%2Fproduct_cat&post=317"},{"taxonomy":"product_tag","embeddable":true,"href":"https:\/\/suplever.com\/index.php?rest_route=%2Fwp%2Fv2%2Fproduct_tag&post=317"}],"curies":[{"name":"wp","href":"https:\/\/api.w.org\/{rel}","templated":true}]}}