{"id":499,"date":"2022-08-01T17:51:14","date_gmt":"2022-08-01T17:51:14","guid":{"rendered":"https:\/\/suplever.com\/?post_type=product&#038;p=499"},"modified":"2025-03-05T18:29:04","modified_gmt":"2025-03-05T18:29:04","slug":"mass-tech-extreme-2000-7lbs","status":"publish","type":"product","link":"https:\/\/suplever.com\/?product=mass-tech-extreme-2000-7lbs","title":{"rendered":"Mass Tech Extreme 2000 6lbs"},"content":{"rendered":"<p><span style=\"font-weight: 400;\">Seamos realistas: \u00a1el tama\u00f1o es el rey! Nada le dice a la gente que eres un culturista m\u00e1s que un cuerpo descomunal completo con hombros anchos, brazos grandes, un pecho y espalda poderosos, y un par de piernas de tronco de \u00e1rbol. Los culturistas, los levantadores de pesas y los levantadores de pesas siempre est\u00e1n buscando un suplemento que les ayude a volar las puertas del juego de tama\u00f1o. Ya sea que est\u00e9 atrapado en una meseta de crecimiento frustrante o simplemente tenga dificultades para acumular masa, ahora tiene ayuda para superar su obst\u00e1culo. \u00a1Se llama MASS-TECH\u00ae EXTREME 2000!<\/span><\/p>\n<p>&nbsp;<\/p>\n<p><span style=\"font-weight: 400;\">Los investigadores del Team MuscleTech\u00ae han dise\u00f1ado un nuevo ganador de masa incondicional 5 en 1 dise\u00f1ado para personas que buscan ganar una cantidad extrema de masa. MASS-TECH EXTREME \u00ae 2000 contiene 80 g de prote\u00edna, m\u00e1s de 400 g de carbohidratos y 2270 calor\u00edas de producci\u00f3n masiva, m\u00e1s 8.2 g de L-leucina (cuando se mezcla con 20 oz. De leche descremada), 10 g de creatina y 20 vitaminas y minerales. El perfil de macronutrientes ideal en MASS-TECH EXTREME \u00ae\u00a0 2000 es perfecto para culturistas y otros atletas que buscan desarrollar m\u00fasculo y aumentar la fuerza sin agregar grasa adicional a su f\u00edsico.<\/span><\/p>\n<p>&nbsp;<\/p>\n<p>Mass-Tech Extreme 2000 te aporta nutrientes e ingredientes clave para ayudar a construir masa muscular como prote\u00ednas de calidad procedentes del suero l\u00e1cteo, hidratos de carbono, amino\u00e1cidos esenciales, creatina. Adem\u00e1s, ha sido enriquecido con vitaminas y minerales.<\/p>\n<p>El equipo MuscleTech han dise\u00f1ado un nuevo\u00a0<strong>ganador de masa hardcore 5-en-1<\/strong>\u00a0dise\u00f1ado para personas que buscan potenciar al m\u00e1ximo su desarrollo muscular o que tienen elevados requerimientos energ\u00e9ticos.<\/p>\n<p>Un servicio de Mass-Tech Extreme 2000 junto con 470ml de leche contiene proporciona 2000 calor\u00edas, 80g de prote\u00edna, m\u00e1s de 400g de carbohidratos adem\u00e1s de 8g de L-leucina, 10g de creatina y una mezcla de 20 vitaminas y minerales.<\/p>\n<p><strong>Mass-Tech Extreme 2000<\/strong>\u00a0proporciona m\u00e1s prote\u00ednas por servicio que la mayor\u00eda de los ganadores de masa disponibles en el mercado. Un servicio de este gainer junto con 470ml de agua proporciona 80g de prote\u00edna para aportar a tu cuerpo todos los amino\u00e1cidos que necesita para desarrollar tu masa muscular al m\u00e1ximo. A diferencia de otros gainers, contiene s\u00f3lo fuentes de prote\u00edna de alta calidad, derivadas de la\u00a0<strong>leche<\/strong>\u00a0con el mayor valor biol\u00f3gico.<\/p>\n<p>Suministra m\u00e1s de\u00a0<strong>400g de carbohidratos Multi-Fase<\/strong>\u00a0(cuando se mezcla con 470ml de leche desnatada) para incrementar los niveles de insulina y promover la reposici\u00f3n de gluc\u00f3geno muscular. La mezcla de prote\u00ednas con carbohidratos mantendr\u00e1 a tu organismo en un estado anab\u00f3lico extremo.<\/p>\n<p>A diferencia otros ganadores de peso que contienen poca o ninguna creatina, contiene una dosis de\u00a0<strong>10g de creatina<\/strong>\u00a0cl\u00ednicamente probada para ayudarte a aumentar la fuerza y regenerar las reservas de ATP que se reducen durante el entrenamiento de resistencia.<\/p>\n<p>Cada porci\u00f3n mezclada con leche, aporta\u00a0<strong>17.2g de BCAAs<\/strong>\u00a0incluyendo\u00a0<strong>8g de L-leucina<\/strong>. La L-leucina es el amino\u00e1cido m\u00e1s importante para promover el desarrollo muscular, pues interviene en la activaci\u00f3n de mTOR y provoca la s\u00edntesis de prote\u00ednas. Tambi\u00e9n ha sido enriquecido con<strong>\u00a013,8 g de L-glutamina<\/strong>\u00a0y precursores para apoyar la recuperaci\u00f3n muscular.<\/p>\n","protected":false},"excerpt":{"rendered":"<p>Mass-Tech Extreme 2000 te aporta nutrientes e ingredientes clave para ayudar a construir masa muscular como prote\u00ednas de calidad procedentes del suero l\u00e1cteo, hidratos de carbono, amino\u00e1cidos esenciales, creatina. Adem\u00e1s, ha sido enriquecido con vitaminas y minerales.<\/p>\n","protected":false},"featured_media":1978,"template":"","meta":[],"pwb-brand":[90],"product_brand":[],"product_cat":[213,25],"product_tag":[164,45,163,23,109,40,24],"class_list":{"0":"post-499","1":"product","2":"type-product","3":"status-publish","4":"has-post-thumbnail","6":"pwb-brand-muscletech","7":"product_cat-off-2024","8":"product_cat-ganadores-de-volumen","9":"product_tag-carbohidratos","10":"product_tag-creatina-monohidratada","11":"product_tag-muscletech","12":"product_tag-proteina","13":"product_tag-rendimiento","14":"product_tag-volumen","15":"product_tag-whey-protein","16":"thunk-woo-product-list","17":"opn-qv-enable","18":"open-woo-hover-zoom","19":"open-single-product-tab-horizontal","20":"open-shadow-","21":"open-shadow-hover-","23":"first","24":"outofstock","25":"shipping-taxable","26":"purchasable","27":"product-type-simple"},"aioseo_notices":[],"jetpack_sharing_enabled":true,"brands":[{"id":90,"name":"Muscletech","slug":"muscletech"}],"_links":{"self":[{"href":"https:\/\/suplever.com\/index.php?rest_route=\/wp\/v2\/product\/499","targetHints":{"allow":["GET"]}}],"collection":[{"href":"https:\/\/suplever.com\/index.php?rest_route=\/wp\/v2\/product"}],"about":[{"href":"https:\/\/suplever.com\/index.php?rest_route=\/wp\/v2\/types\/product"}],"wp:featuredmedia":[{"embeddable":true,"href":"https:\/\/suplever.com\/index.php?rest_route=\/wp\/v2\/media\/1978"}],"wp:attachment":[{"href":"https:\/\/suplever.com\/index.php?rest_route=%2Fwp%2Fv2%2Fmedia&parent=499"}],"wp:term":[{"taxonomy":"pwb-brand","embeddable":true,"href":"https:\/\/suplever.com\/index.php?rest_route=%2Fwp%2Fv2%2Fpwb-brand&post=499"},{"taxonomy":"product_brand","embeddable":true,"href":"https:\/\/suplever.com\/index.php?rest_route=%2Fwp%2Fv2%2Fproduct_brand&post=499"},{"taxonomy":"product_cat","embeddable":true,"href":"https:\/\/suplever.com\/index.php?rest_route=%2Fwp%2Fv2%2Fproduct_cat&post=499"},{"taxonomy":"product_tag","embeddable":true,"href":"https:\/\/suplever.com\/index.php?rest_route=%2Fwp%2Fv2%2Fproduct_tag&post=499"}],"curies":[{"name":"wp","href":"https:\/\/api.w.org\/{rel}","templated":true}]}}