{"id":504,"date":"2022-08-01T18:07:53","date_gmt":"2022-08-01T18:07:53","guid":{"rendered":"https:\/\/suplever.com\/?post_type=product&#038;p=504"},"modified":"2025-06-18T21:36:41","modified_gmt":"2025-06-18T21:36:41","slug":"isopure-low-carb-3lbs","status":"publish","type":"product","link":"https:\/\/suplever.com\/?product=isopure-low-carb-3lbs","title":{"rendered":"Isopure Low Carb 3lbs"},"content":{"rendered":"<p><span style=\"font-weight: 400;\">Isopure Low Carb de Nature\u2019s Best, es el primer y \u00fanico producto de su tipo en contener 50 gramos de Aislado de Prote\u00edna de Suero 100% Puro de Intercambio de Iones. Todas las impurezas han sido eliminadas para proporcionar una avanzada mezcla en bebida como sustituto alimenticio con un gran sabor, con solo 3gr de carbohidratos, libre de lactosa, libre de grasa y con glutamina.<\/span><\/p>\n<p><span style=\"font-weight: 400;\">Con Isopure Low Carb usted est\u00e1 comprando el mejor producto disponible en el mercado. La fuente de la prote\u00edna es claramente identificada como Aislado de Prote\u00edna de Suero 100% Puro de Intercambio de Iones.<\/span><\/p>\n<p><span style=\"font-weight: 400;\">Isopure Low Carb es rico en amino\u00e1cidos ramificados y glutamina.<\/span><\/p>\n<p><span style=\"font-weight: 400;\">Isopure Low Carb es totalmente limpia, libre de cualquier impureza, libre de lactosa y enriquecida con 4.5 grs de glutamina, con solo 3gr de carbohidratos para objetivos enfocados a p\u00e9rdida de grasa y\/o tonificaci\u00f3n. Tiene 0% de az\u00facar y es f\u00e1cil de mezclar.<\/span><\/p>\n<p><span style=\"font-weight: 400;\">En su f\u00f3rmula tiene amino\u00e1cidos de cadena ramificada para auxiliar a la construcci\u00f3n de masa muscular y tener un equilibro adecuado de nitr\u00f3geno positivo.<\/span><\/p>\n<p><span style=\"font-weight: 400;\">Ayuda a fomentar el incremento de la masa muscular.<\/span><\/p>\n<p><span style=\"font-weight: 400;\">Ideal para personas con intolerancia a la lactosa.<\/span><\/p>\n<p><span style=\"font-weight: 400;\">Contiene Amino\u00e1cidos de Cadena Ramificada-BCAA (L-Isoleucina, L-Leucina y L-Valina), los cuales ayudan a proveer de energ\u00eda a los m\u00fasculos, de igual manera eleva significativamente los niveles de s\u00edntesis de prote\u00ednas a nivel muscular.<\/span><\/p>\n<p><span style=\"font-weight: 400;\">Ayuda a nutrir al m\u00fasculo, ya que entre sus ingredientes contiene L-Glutamina.<\/span><\/p>\n<p><span style=\"font-weight: 400;\">Contiene Vitaminas y Minerales, los cuales en conjunto ayudan a nutrir al organismo.<\/span><\/p>\n<p><span style=\"font-weight: 400;\">Es de f\u00e1cil digesti\u00f3n.<\/span><\/p>\n<p><span style=\"font-weight: 400;\">Se absorbe r\u00e1pidamente en el organismo.<\/span><\/p>\n","protected":false},"excerpt":{"rendered":"<p><span style=\"font-weight: 400;\">Ayuda a fomentar el incremento de la masa muscular.<\/span><\/p>\n<p><span style=\"font-weight: 400;\">Ideal para personas con intolerancia a la lactosa.<\/span><\/p>\n<p><span style=\"font-weight: 400;\">Contiene Amino\u00e1cidos de Cadena Ramificada-BCAA (L-Isoleucina, L-Leucina y L-Valina), los cuales ayudan a proveer de energ\u00eda a los m\u00fasculos, de igual manera eleva significativamente los niveles de s\u00edntesis de prote\u00ednas a nivel muscular.<\/span><\/p>\n<p><span style=\"font-weight: 400;\">Ayuda a nutrir al m\u00fasculo, ya que entre sus ingredientes contiene L-Glutamina.<\/span><\/p>\n<p><span style=\"font-weight: 400;\">Contiene Vitaminas y Minerales, los cuales en conjunto ayudan a nutrir al organismo.<\/span><\/p>\n<p><span style=\"font-weight: 400;\">Es de f\u00e1cil digesti\u00f3n.<\/span><\/p>\n<p><span style=\"font-weight: 400;\">Se absorbe r\u00e1pidamente en el organismo.<\/span><\/p>\n","protected":false},"featured_media":506,"template":"","meta":[],"pwb-brand":[165],"product_brand":[],"product_cat":[213,20,157],"product_tag":[160,167,166,23,76,109,24],"class_list":{"0":"post-504","1":"product","2":"type-product","3":"status-publish","4":"has-post-thumbnail","6":"pwb-brand-nature-best","7":"product_cat-off-2024","8":"product_cat-proteinas","9":"product_cat-iso-protein","10":"product_tag-iso","11":"product_tag-isopure","12":"product_tag-nature-best","13":"product_tag-proteina","14":"product_tag-recuperacion","15":"product_tag-rendimiento","16":"product_tag-whey-protein","17":"thunk-woo-product-list","18":"opn-qv-enable","19":"open-woo-hover-zoom","20":"open-single-product-tab-horizontal","21":"open-shadow-","22":"open-shadow-hover-","24":"first","25":"instock","26":"sale","27":"shipping-taxable","28":"purchasable","29":"product-type-simple"},"aioseo_notices":[],"jetpack_sharing_enabled":true,"brands":[{"id":165,"name":"Nature Best","slug":"nature-best"}],"_links":{"self":[{"href":"https:\/\/suplever.com\/index.php?rest_route=\/wp\/v2\/product\/504","targetHints":{"allow":["GET"]}}],"collection":[{"href":"https:\/\/suplever.com\/index.php?rest_route=\/wp\/v2\/product"}],"about":[{"href":"https:\/\/suplever.com\/index.php?rest_route=\/wp\/v2\/types\/product"}],"wp:featuredmedia":[{"embeddable":true,"href":"https:\/\/suplever.com\/index.php?rest_route=\/wp\/v2\/media\/506"}],"wp:attachment":[{"href":"https:\/\/suplever.com\/index.php?rest_route=%2Fwp%2Fv2%2Fmedia&parent=504"}],"wp:term":[{"taxonomy":"pwb-brand","embeddable":true,"href":"https:\/\/suplever.com\/index.php?rest_route=%2Fwp%2Fv2%2Fpwb-brand&post=504"},{"taxonomy":"product_brand","embeddable":true,"href":"https:\/\/suplever.com\/index.php?rest_route=%2Fwp%2Fv2%2Fproduct_brand&post=504"},{"taxonomy":"product_cat","embeddable":true,"href":"https:\/\/suplever.com\/index.php?rest_route=%2Fwp%2Fv2%2Fproduct_cat&post=504"},{"taxonomy":"product_tag","embeddable":true,"href":"https:\/\/suplever.com\/index.php?rest_route=%2Fwp%2Fv2%2Fproduct_tag&post=504"}],"curies":[{"name":"wp","href":"https:\/\/api.w.org\/{rel}","templated":true}]}}