{"id":631,"date":"2022-08-25T01:31:34","date_gmt":"2022-08-25T01:31:34","guid":{"rendered":"https:\/\/suplever.com\/?post_type=product&#038;p=631"},"modified":"2025-06-18T19:47:36","modified_gmt":"2025-06-18T19:47:36","slug":"amino-energy-270gr","status":"publish","type":"product","link":"https:\/\/suplever.com\/?product=amino-energy-270gr","title":{"rendered":"Amino Energy 270gr (Outlet)"},"content":{"rendered":"<p>PRODUCTO OUTLET<br \/>\nCADUCIDAD: 10\/23<br \/>\nEMPAQUE: PERFECTO ESTADO, NUEVO Y SELLADO<br \/>\nPRODUCTO: PUEDE PRESENTAR SOLIDIFICACION<br \/>\n*No aplican cambios ni devoluciones.<\/p>\n<p><span style=\"color: #0000ff;\">Essential Amino Energy de ON<\/span> combina una proporci\u00f3n \u00f3ptima de la forma libre de amino\u00e1cidos de r\u00e1pida absorci\u00f3n (incluyendo los constructores musculares BCAA y la arginina para conseguir bombeos vasculares m\u00e1s intensos) con energizantes naturales, beta Alanina e ingredientes potenciadores de \u00d3xido N\u00edtrico para ayudarte a alcanzar el siguiente nivel.<\/p>\n<p>Todo el mundo quiere una constituci\u00f3n muscular magra. Al igual que cualquier cosa que tenga valor, querer no es suficiente.Usted tiene que comprometerse a una dieta rigurosa y un programa de entrenamiento que pondr\u00e1 a prueba su fortaleza tanto mental como f\u00edsica. Para ayudar a satisfacer estas demandas, hemos creado <span style=\"color: #0000ff;\">Essential Amino Energy<\/span>.<\/p>\n<p>&nbsp;<\/p>\n<p><span style=\"color: #0000ff;\"><strong>Propiedades Essential Amino Energy<\/strong><\/span><\/p>\n<ul>\n<li><strong>Proporciona amino\u00e1cidos esenciales<\/strong><\/li>\n<li><strong>Aumenta la producci\u00f3n de \u00d3xido N\u00edtrico<\/strong><\/li>\n<li><strong>Acelera la recuperaci\u00f3n muscular<\/strong><\/li>\n<li><strong>Mejora la energ\u00eda y la concentraci\u00f3n<\/strong><\/li>\n<\/ul>\n<p><span style=\"color: #0000ff;\">Essential Amino Energy<\/span> act\u00faa en apenas <strong>10 calor\u00edas<\/strong> por porci\u00f3n, una propiedad m\u00e1s que importante ya aporta toda la energ\u00eda sin afectar su dieta.<\/p>\n<p>Utiliza <span style=\"color: #0000ff;\">Essential Amino Energy<\/span> directamente o comb\u00ednalo con tus suplementos en polvo favoritos en cualquier momento que desees marcar la diferencia en la concentraci\u00f3n mental, la energ\u00eda f\u00edsica, producci\u00f3n de \u00f3xido N\u00edtrico y mejorar la recuperaci\u00f3n.<\/p>\n<p>&nbsp;<\/p>\n","protected":false},"excerpt":{"rendered":"<p>Principales caracter\u00edsticas de Essential Amino Energy<\/p>\n<ul>\n<li><strong>5 g de Amino\u00e1cidos micronizados<\/strong><\/li>\n<li><strong>Beta-Alanina<\/strong><\/li>\n<li><strong>100 mg de Cafe\u00edna del T\u00e9 Verde<\/strong><\/li>\n<li><strong>Extracto de T\u00e9 Verde<\/strong><\/li>\n<li><strong>Extracto de Caf\u00e9 Verde<\/strong><\/li>\n<li><strong>S\u00f3lo 10 Calor\u00edas<\/strong><\/li>\n<li><strong>Sin grasas ni az\u00facar<\/strong><\/li>\n<\/ul>\n","protected":false},"featured_media":633,"template":"","meta":[],"pwb-brand":[89],"product_brand":[],"product_cat":[31,95,220],"product_tag":[97,96,173,174,76,109],"class_list":{"0":"post-631","1":"product","2":"type-product","3":"status-publish","4":"has-post-thumbnail","6":"pwb-brand-optimun-nutrition","7":"product_cat-aminoacidos-y-mas","8":"product_cat-aminos","9":"product_cat-outlet","10":"product_tag-aminoacidos","11":"product_tag-aminos","12":"product_tag-on","13":"product_tag-optimum-nutrition","14":"product_tag-recuperacion","15":"product_tag-rendimiento","16":"thunk-woo-product-list","17":"opn-qv-enable","18":"open-woo-hover-zoom","19":"open-single-product-tab-horizontal","20":"open-shadow-","21":"open-shadow-hover-","23":"first","24":"instock","25":"sale","26":"shipping-taxable","27":"purchasable","28":"product-type-simple"},"aioseo_notices":[],"jetpack_sharing_enabled":true,"brands":[{"id":89,"name":"Optimun Nutrition","slug":"optimun-nutrition"}],"_links":{"self":[{"href":"https:\/\/suplever.com\/index.php?rest_route=\/wp\/v2\/product\/631","targetHints":{"allow":["GET"]}}],"collection":[{"href":"https:\/\/suplever.com\/index.php?rest_route=\/wp\/v2\/product"}],"about":[{"href":"https:\/\/suplever.com\/index.php?rest_route=\/wp\/v2\/types\/product"}],"wp:featuredmedia":[{"embeddable":true,"href":"https:\/\/suplever.com\/index.php?rest_route=\/wp\/v2\/media\/633"}],"wp:attachment":[{"href":"https:\/\/suplever.com\/index.php?rest_route=%2Fwp%2Fv2%2Fmedia&parent=631"}],"wp:term":[{"taxonomy":"pwb-brand","embeddable":true,"href":"https:\/\/suplever.com\/index.php?rest_route=%2Fwp%2Fv2%2Fpwb-brand&post=631"},{"taxonomy":"product_brand","embeddable":true,"href":"https:\/\/suplever.com\/index.php?rest_route=%2Fwp%2Fv2%2Fproduct_brand&post=631"},{"taxonomy":"product_cat","embeddable":true,"href":"https:\/\/suplever.com\/index.php?rest_route=%2Fwp%2Fv2%2Fproduct_cat&post=631"},{"taxonomy":"product_tag","embeddable":true,"href":"https:\/\/suplever.com\/index.php?rest_route=%2Fwp%2Fv2%2Fproduct_tag&post=631"}],"curies":[{"name":"wp","href":"https:\/\/api.w.org\/{rel}","templated":true}]}}