{"id":651,"date":"2022-08-25T23:10:10","date_gmt":"2022-08-25T23:10:10","guid":{"rendered":"https:\/\/suplever.com\/?post_type=product&#038;p=651"},"modified":"2025-06-18T19:41:16","modified_gmt":"2025-06-18T19:41:16","slug":"vita-xs-120-tabs","status":"publish","type":"product","link":"https:\/\/suplever.com\/?product=vita-xs-120-tabs","title":{"rendered":"Vita XS 120 Tabs (Outlet)"},"content":{"rendered":"<p>PRODUCTO OUTLET<br \/>\nCADUCIDAD: 03\/25<br \/>\nEMPAQUE: PERFECTO ESTADO, NUEVO Y SELLADO<br \/>\n*No aplican cambios ni devoluciones.<\/p>\n<p>Contiene vitaminas y minerales espec\u00edficamente importantes para promover las funciones musculares, activar el desarrollo muscular y mantener la musculatura.<\/p>\n<p>VitaXS est\u00e1 aqu\u00ed para asegurarse que tu cuerpo obtenga todas las vitaminas y minerales necesarios para tu salud general y tu continuo progreso.<\/p>\n<p>\u00bfPOR QU\u00c9 USAR VITA XS?<br \/>\nCompletamente cargado de vitaminas complejo B para ayudarte en el proceso de convertir los alimentos en energ\u00eda y que tu cuerpo pueda usar esta energ\u00eda para tus intensas sesiones de entrenamiento.<br \/>\nBrinda vitaminas y nutrientes clave para que los atletas respalden su salud y rendimiento en general, para que as\u00ed puedas mantenerte constante con tu ejercicio intenso y obtener resultados.<br \/>\nDosis de micronutrientes mejorada para impulsar tus objetivos de acondicionamiento f\u00edsico y asegurarte que sigas avanzando con tu progreso.<\/p>\n","protected":false},"excerpt":{"rendered":"<p>Vita-XS Ronnie Coleman es un complejo multivitam\u00ednico y multimineral con ingredientes altamente anab\u00f3licos, desarrollado por la marca del culturista Ronnie Coleman con la m\u00e1s alta calidad.<\/p>\n<ul>\n<li>Aumenta la energ\u00eda<\/li>\n<li>Apoya los procesos intramusculares<\/li>\n<li>Estimula la s\u00edntesis de prote\u00ednas<\/li>\n<li>Estimula el crecimiento de masa pura<\/li>\n<li>Protege la musculatura<\/li>\n<li>Soporta la salud del sistema inmunitario<\/li>\n<\/ul>\n","protected":false},"featured_media":653,"template":"","meta":[],"pwb-brand":[78],"product_brand":[],"product_cat":[29,220],"product_tag":[178,98,176],"class_list":{"0":"post-651","1":"product","2":"type-product","3":"status-publish","4":"has-post-thumbnail","6":"pwb-brand-rc","7":"product_cat-multivitaminicos","8":"product_cat-outlet","9":"product_tag-energia","10":"product_tag-rc","11":"product_tag-vitaminas","12":"thunk-woo-product-list","13":"opn-qv-enable","14":"open-woo-hover-zoom","15":"open-single-product-tab-horizontal","16":"open-shadow-","17":"open-shadow-hover-","19":"first","20":"instock","21":"sale","22":"shipping-taxable","23":"purchasable","24":"product-type-simple"},"aioseo_notices":[],"jetpack_sharing_enabled":true,"brands":[{"id":78,"name":"Ronnie Coleman","slug":"rc"}],"_links":{"self":[{"href":"https:\/\/suplever.com\/index.php?rest_route=\/wp\/v2\/product\/651","targetHints":{"allow":["GET"]}}],"collection":[{"href":"https:\/\/suplever.com\/index.php?rest_route=\/wp\/v2\/product"}],"about":[{"href":"https:\/\/suplever.com\/index.php?rest_route=\/wp\/v2\/types\/product"}],"wp:featuredmedia":[{"embeddable":true,"href":"https:\/\/suplever.com\/index.php?rest_route=\/wp\/v2\/media\/653"}],"wp:attachment":[{"href":"https:\/\/suplever.com\/index.php?rest_route=%2Fwp%2Fv2%2Fmedia&parent=651"}],"wp:term":[{"taxonomy":"pwb-brand","embeddable":true,"href":"https:\/\/suplever.com\/index.php?rest_route=%2Fwp%2Fv2%2Fpwb-brand&post=651"},{"taxonomy":"product_brand","embeddable":true,"href":"https:\/\/suplever.com\/index.php?rest_route=%2Fwp%2Fv2%2Fproduct_brand&post=651"},{"taxonomy":"product_cat","embeddable":true,"href":"https:\/\/suplever.com\/index.php?rest_route=%2Fwp%2Fv2%2Fproduct_cat&post=651"},{"taxonomy":"product_tag","embeddable":true,"href":"https:\/\/suplever.com\/index.php?rest_route=%2Fwp%2Fv2%2Fproduct_tag&post=651"}],"curies":[{"name":"wp","href":"https:\/\/api.w.org\/{rel}","templated":true}]}}